{"id":3401,"date":"2024-04-11T01:10:56","date_gmt":"2024-04-11T01:10:56","guid":{"rendered":"https:\/\/jinhuaceramic.com\/?post_type=product&#038;p=3401"},"modified":"2025-04-21T02:14:49","modified_gmt":"2025-04-21T02:14:49","slug":"ceramic-tableware-wholesale","status":"publish","type":"product","link":"https:\/\/jinhuaceramic.com\/pt\/product\/ceramic-tableware-wholesale\/","title":{"rendered":"Lou\u00e7a de cer\u00e2mica direta da f\u00e1brica por atacado, designs simples tigelas grandes a granel"},"content":{"rendered":"<div class=\"wp-block-columns is-layout-flex wp-container-core-columns-is-layout-9d6595d7 wp-block-columns-is-layout-flex\">\n<div class=\"wp-block-column is-layout-flow wp-block-column-is-layout-flow\" style=\"flex-basis:50%\">\n<h3 class=\"wp-block-heading\">Lou\u00e7a de cer\u00e2mica premium por atacado Carater\u00edsticas:<\/h3>\n\n\n\n<ul class=\"wp-block-list\">\n<li><strong>Venda direta da f\u00e1brica: <\/strong>O nosso grossista de lou\u00e7a de cer\u00e2mica vem diretamente da f\u00e1brica de lou\u00e7a, eliminando o intermedi\u00e1rio para garantir que obt\u00e9m produtos de alta qualidade ao pre\u00e7o mais competitivo, proporcionando aos clientes op\u00e7\u00f5es de compra flex\u00edveis.<\/li>\n\n\n\n<li><strong>Design simples:<\/strong> Estas ta\u00e7as grandes a granel adoptam um design simples e elegante, adequado para v\u00e1rias ocasi\u00f5es de refei\u00e7\u00e3o. Quer se trate de uma reuni\u00e3o familiar, de um jantar di\u00e1rio ou de actividades empresariais, este estilo simples pode ser facilmente integrado em diferentes disposi\u00e7\u00f5es de mesa.<\/li>\n\n\n\n<li><strong>V\u00e1rias op\u00e7\u00f5es de cores: <\/strong>Para atender \u00e0s necessidades personalizadas de diferentes clientes, fornecemos uma variedade de op\u00e7\u00f5es de cores para lou\u00e7a de cer\u00e2mica por atacado, incluindo branco cl\u00e1ssico, bege quente e tons escuros v\u00edvidos. Estas tigelas de cer\u00e2mica por atacado podem combinar perfeitamente com o tom geral do seu restaurante ou casa.<\/li>\n\n\n\n<li><strong>Grande capacidade e car\u00e1cter pr\u00e1tico: <\/strong>O design a granel destas ta\u00e7as grandes tem capacidade suficiente, o que \u00e9 muito adequado para sopas, guisados, saladas e outras iguarias, e pode responder de forma flex\u00edvel a v\u00e1rias necessidades gastron\u00f3micas. Quer seja para um jantar em fam\u00edlia ou para um servi\u00e7o de restaurante, estas ta\u00e7as grandes podem satisfazer as suas expectativas.<\/li>\n<\/ul>\n<\/div>\n\n\n\n<div class=\"wp-block-column is-layout-flow wp-block-column-is-layout-flow\" style=\"flex-basis:50%\">\n<figure class=\"wp-block-image size-full\"><img fetchpriority=\"high\" decoding=\"async\" width=\"1500\" height=\"1050\" src=\"https:\/\/jinhuaceramic.com\/wp-content\/uploads\/2024\/04\/simple-plate-designs-wholesale-tableware-1.webp\" alt=\"Lou\u00e7a de cer\u00e2mica direta da f\u00e1brica por atacado, designs simples tigelas grandes a granel-1\" class=\"wp-image-3402\" srcset=\"https:\/\/jinhuaceramic.com\/wp-content\/uploads\/2024\/04\/simple-plate-designs-wholesale-tableware-1.webp 1500w, https:\/\/jinhuaceramic.com\/wp-content\/uploads\/2024\/04\/simple-plate-designs-wholesale-tableware-1-300x210.webp 300w, https:\/\/jinhuaceramic.com\/wp-content\/uploads\/2024\/04\/simple-plate-designs-wholesale-tableware-1-768x538.webp 768w, https:\/\/jinhuaceramic.com\/wp-content\/uploads\/2024\/04\/simple-plate-designs-wholesale-tableware-1-285x200.webp 285w, https:\/\/jinhuaceramic.com\/wp-content\/uploads\/2024\/04\/simple-plate-designs-wholesale-tableware-1-660x462.webp 660w, https:\/\/jinhuaceramic.com\/wp-content\/uploads\/2024\/04\/simple-plate-designs-wholesale-tableware-1-150x105.webp 150w\" sizes=\"(max-width: 1500px) 100vw, 1500px\" \/><\/figure>\n<\/div>\n<\/div>","protected":false},"excerpt":{"rendered":"<p>Bem-vindo \u00e0 compra de tigelas grandes a granel. Este atacado de lou\u00e7as de cer\u00e2mica direto da f\u00e1brica oferece tigelas grandes com design simples, que \u00e9 pr\u00e1tico e bonito. Uma variedade de op\u00e7\u00f5es de cores o torna adequado para v\u00e1rias ocasi\u00f5es de jantar. Os materiais de alta qualidade e o design de grande capacidade fornecem aos clientes solu\u00e7\u00f5es de refei\u00e7\u00f5es flex\u00edveis. \u00c9 a escolha ideal para real\u00e7ar o encanto da mesa de jantar.<\/p>","protected":false},"featured_media":3406,"comment_status":"closed","ping_status":"closed","template":"","meta":{"_acf_changed":false},"product_brand":[],"product_cat":[54,85],"product_tag":[78],"class_list":{"0":"post-3401","1":"product","2":"type-product","3":"status-publish","4":"has-post-thumbnail","6":"product_cat-tableware-wholesale","7":"product_cat-wholesale-ceramic-bowls","8":"product_tag-bulk-ceramic-bowls","10":"first","11":"instock","12":"shipping-taxable","13":"product-type-simple"},"acf":[],"_links":{"self":[{"href":"https:\/\/jinhuaceramic.com\/pt\/wp-json\/wp\/v2\/product\/3401","targetHints":{"allow":["GET"]}}],"collection":[{"href":"https:\/\/jinhuaceramic.com\/pt\/wp-json\/wp\/v2\/product"}],"about":[{"href":"https:\/\/jinhuaceramic.com\/pt\/wp-json\/wp\/v2\/types\/product"}],"replies":[{"embeddable":true,"href":"https:\/\/jinhuaceramic.com\/pt\/wp-json\/wp\/v2\/comments?post=3401"}],"version-history":[{"count":0,"href":"https:\/\/jinhuaceramic.com\/pt\/wp-json\/wp\/v2\/product\/3401\/revisions"}],"wp:featuredmedia":[{"embeddable":true,"href":"https:\/\/jinhuaceramic.com\/pt\/wp-json\/wp\/v2\/media\/3406"}],"wp:attachment":[{"href":"https:\/\/jinhuaceramic.com\/pt\/wp-json\/wp\/v2\/media?parent=3401"}],"wp:term":[{"taxonomy":"product_brand","embeddable":true,"href":"https:\/\/jinhuaceramic.com\/pt\/wp-json\/wp\/v2\/product_brand?post=3401"},{"taxonomy":"product_cat","embeddable":true,"href":"https:\/\/jinhuaceramic.com\/pt\/wp-json\/wp\/v2\/product_cat?post=3401"},{"taxonomy":"product_tag","embeddable":true,"href":"https:\/\/jinhuaceramic.com\/pt\/wp-json\/wp\/v2\/product_tag?post=3401"}],"curies":[{"name":"wp","href":"https:\/\/api.w.org\/{rel}","templated":true}]}}