{"id":3412,"date":"2024-04-11T01:24:53","date_gmt":"2024-04-11T01:24:53","guid":{"rendered":"https:\/\/jinhuaceramic.com\/?post_type=product&#038;p=3412"},"modified":"2025-04-21T02:17:57","modified_gmt":"2025-04-21T02:17:57","slug":"white-ceramic-bowls-bulk","status":"publish","type":"product","link":"https:\/\/jinhuaceramic.com\/pt\/product\/white-ceramic-bowls-bulk\/","title":{"rendered":"Tigelas de cer\u00e2mica branca elegantes a granel, tigelas de sopa de restaurante por atacado"},"content":{"rendered":"<div class=\"wp-block-columns is-layout-flex wp-container-core-columns-is-layout-9d6595d7 wp-block-columns-is-layout-flex\">\n<div class=\"wp-block-column is-layout-flow wp-block-column-is-layout-flow\" style=\"flex-basis:50%\">\n<h3 class=\"wp-block-heading\">Caracter\u00edsticas das ta\u00e7as cer\u00e2micas premium a granel:<\/h3>\n\n\n\n<ul class=\"wp-block-list\">\n<li><strong>Design elegante e sofisticado: <\/strong>Estas ta\u00e7as de cer\u00e2mica branca apresentam um design simples e elegante, adequado para qualquer ambiente de refei\u00e7\u00e3o. O seu tom branco cl\u00e1ssico proporciona um cen\u00e1rio perfeito para uma variedade de pratos, o que pode melhorar a experi\u00eancia gastron\u00f3mica geral e criar uma atmosfera sofisticada e elegante.<\/li>\n\n\n\n<li><strong>V\u00e1rias op\u00e7\u00f5es de padr\u00f5es em relevo: <\/strong>As nossas tigelas de sopa para restaurantes oferecem uma variedade de op\u00e7\u00f5es de padr\u00f5es em relevo, desde delicadas texturas florais a padr\u00f5es geom\u00e9tricos modernos, e o estilo de design rico pode facilmente integrar-se em qualquer decora\u00e7\u00e3o de restaurante.<\/li>\n\n\n\n<li><strong>Material cer\u00e2mico de alta qualidade: <\/strong>As nossas ta\u00e7as de cer\u00e2mica branca a granel s\u00e3o feitas de materiais cer\u00e2micos de alta qualidade para garantir que cada ta\u00e7a tenha excelente durabilidade e estabilidade. Elas podem suportar as exig\u00eancias das refei\u00e7\u00f5es di\u00e1rias e n\u00e3o s\u00e3o f\u00e1ceis de quebrar, garantindo uma longa vida \u00fatil.<\/li>\n\n\n\n<li><strong>Grande capacidade e car\u00e1cter pr\u00e1tico: <\/strong>Estas tigelas de sopa para restaurantes a granel s\u00e3o concebidas com ampla capacidade para uma variedade de sopas, guisados e outras iguarias, sendo muito adequadas para as necessidades de grande volume dos restaurantes. Quer sirva sopas substanciosas ou pratos principais elegantes, esta tigela de sopa pode ser apresentada na perfei\u00e7\u00e3o para satisfazer o prazer visual e gustativo dos clientes.<\/li>\n<\/ul>\n<\/div>\n\n\n\n<div class=\"wp-block-column is-layout-flow wp-block-column-is-layout-flow\" style=\"flex-basis:50%\">\n<figure class=\"wp-block-image size-full\"><img fetchpriority=\"high\" decoding=\"async\" width=\"1395\" height=\"1500\" src=\"https:\/\/jinhuaceramic.com\/wp-content\/uploads\/2024\/04\/white-ceramic-bowl-wholesale-tableware-1.webp\" alt=\"Ta\u00e7as de cer\u00e2mica brancas elegantes a granel, ta\u00e7as de sopa para restaurantes por grosso-1\" class=\"wp-image-3413\" srcset=\"https:\/\/jinhuaceramic.com\/wp-content\/uploads\/2024\/04\/white-ceramic-bowl-wholesale-tableware-1.webp 1395w, https:\/\/jinhuaceramic.com\/wp-content\/uploads\/2024\/04\/white-ceramic-bowl-wholesale-tableware-1-279x300.webp 279w, https:\/\/jinhuaceramic.com\/wp-content\/uploads\/2024\/04\/white-ceramic-bowl-wholesale-tableware-1-768x826.webp 768w, https:\/\/jinhuaceramic.com\/wp-content\/uploads\/2024\/04\/white-ceramic-bowl-wholesale-tableware-1-285x306.webp 285w, https:\/\/jinhuaceramic.com\/wp-content\/uploads\/2024\/04\/white-ceramic-bowl-wholesale-tableware-1-614x660.webp 614w, https:\/\/jinhuaceramic.com\/wp-content\/uploads\/2024\/04\/white-ceramic-bowl-wholesale-tableware-1-140x150.webp 140w\" sizes=\"(max-width: 1395px) 100vw, 1395px\" \/><\/figure>\n<\/div>\n<\/div>","protected":false},"excerpt":{"rendered":"<p>Bem-vindo \u00e0 compra por grosso de tigelas de sopa para restaurantes. Estas elegantes tigelas de cer\u00e2mica branca a granel oferecem uma variedade de op\u00e7\u00f5es de padr\u00f5es em relevo, que s\u00e3o bonitos e pr\u00e1ticos. O material cer\u00e2mico de alta qualidade garante durabilidade e f\u00e1cil limpeza, e a excelente capacidade satisfaz as necessidades de uma variedade de pratos, tornando-as a escolha ideal para compras a granel.<\/p>","protected":false},"featured_media":3416,"comment_status":"closed","ping_status":"closed","template":"","meta":{"_acf_changed":false},"product_brand":[],"product_cat":[54,85],"product_tag":[78],"class_list":{"0":"post-3412","1":"product","2":"type-product","3":"status-publish","4":"has-post-thumbnail","6":"product_cat-tableware-wholesale","7":"product_cat-wholesale-ceramic-bowls","8":"product_tag-bulk-ceramic-bowls","10":"first","11":"instock","12":"shipping-taxable","13":"product-type-simple"},"acf":[],"_links":{"self":[{"href":"https:\/\/jinhuaceramic.com\/pt\/wp-json\/wp\/v2\/product\/3412","targetHints":{"allow":["GET"]}}],"collection":[{"href":"https:\/\/jinhuaceramic.com\/pt\/wp-json\/wp\/v2\/product"}],"about":[{"href":"https:\/\/jinhuaceramic.com\/pt\/wp-json\/wp\/v2\/types\/product"}],"replies":[{"embeddable":true,"href":"https:\/\/jinhuaceramic.com\/pt\/wp-json\/wp\/v2\/comments?post=3412"}],"version-history":[{"count":0,"href":"https:\/\/jinhuaceramic.com\/pt\/wp-json\/wp\/v2\/product\/3412\/revisions"}],"wp:featuredmedia":[{"embeddable":true,"href":"https:\/\/jinhuaceramic.com\/pt\/wp-json\/wp\/v2\/media\/3416"}],"wp:attachment":[{"href":"https:\/\/jinhuaceramic.com\/pt\/wp-json\/wp\/v2\/media?parent=3412"}],"wp:term":[{"taxonomy":"product_brand","embeddable":true,"href":"https:\/\/jinhuaceramic.com\/pt\/wp-json\/wp\/v2\/product_brand?post=3412"},{"taxonomy":"product_cat","embeddable":true,"href":"https:\/\/jinhuaceramic.com\/pt\/wp-json\/wp\/v2\/product_cat?post=3412"},{"taxonomy":"product_tag","embeddable":true,"href":"https:\/\/jinhuaceramic.com\/pt\/wp-json\/wp\/v2\/product_tag?post=3412"}],"curies":[{"name":"wp","href":"https:\/\/api.w.org\/{rel}","templated":true}]}}