{"id":3420,"date":"2024-04-11T01:34:39","date_gmt":"2024-04-11T01:34:39","guid":{"rendered":"https:\/\/jinhuaceramic.com\/?post_type=product&#038;p=3420"},"modified":"2025-04-21T02:32:17","modified_gmt":"2025-04-21T02:32:17","slug":"bulk-ceramic-bowls","status":"publish","type":"product","link":"https:\/\/jinhuaceramic.com\/pt\/product\/bulk-ceramic-bowls\/","title":{"rendered":"Ta\u00e7as de cer\u00e2mica a granel, loi\u00e7a de mesa de qualidade superior, ta\u00e7as de sopa a granel"},"content":{"rendered":"<div class=\"wp-block-columns is-layout-flex wp-container-core-columns-is-layout-9d6595d7 wp-block-columns-is-layout-flex\">\n<div class=\"wp-block-column is-layout-flow wp-block-column-is-layout-flow\" style=\"flex-basis:50%\">\n<h3 class=\"wp-block-heading\">Ta\u00e7as de cer\u00e2mica Premium a granel Carater\u00edsticas:<\/h3>\n\n\n\n<ul class=\"wp-block-list\">\n<li><strong>Material cer\u00e2mico de alta qualidade: <\/strong>Estas ta\u00e7as de cer\u00e2mica a granel s\u00e3o feitas de material cer\u00e2mico de alta qualidade, garantindo uma excelente durabilidade e estabilidade. O fabrico artesanal de alta qualidade faz com que cada ta\u00e7a n\u00e3o se parta facilmente durante a utiliza\u00e7\u00e3o e pode satisfazer as necessidades da utiliza\u00e7\u00e3o di\u00e1ria em restaurantes e casas.<\/li>\n\n\n\n<li><strong>Esmalte branco f\u00e1cil de limpar: <\/strong>A superf\u00edcie das nossas tigelas de sopa a granel \u00e9 concebida com um esmalte branco liso, que tem um excelente desempenho de limpeza. Quer se trate de sopa, salada ou prato principal, basta limpar ou enxaguar facilmente ap\u00f3s a utiliza\u00e7\u00e3o para voltar a p\u00f4-la como nova, reduzindo o tempo e o esfor\u00e7o de limpeza.<\/li>\n\n\n\n<li><strong>V\u00e1rias op\u00e7\u00f5es de tamanho: <\/strong>Oferecemos tigelas de cer\u00e2mica a granel numa variedade de tamanhos para diferentes necessidades de restaura\u00e7\u00e3o. Quer se trate de uma tigela de acompanhamento de pequenas por\u00e7\u00f5es ou de uma tigela de sopa de grande capacidade, estas tigelas podem satisfazer v\u00e1rias ocasi\u00f5es de refei\u00e7\u00e3o e lidar de forma flex\u00edvel com diferentes pratos.<\/li>\n\n\n\n<li><strong>Estilo cl\u00e1ssico e simples: <\/strong>O design branco confere a estas ta\u00e7as de sopa a granel um aspeto cl\u00e1ssico e elegante que se adapta a qualquer ambiente de mesa. Quer se trate de uma reuni\u00e3o familiar, de um jantar di\u00e1rio ou de um banquete sofisticado, estas tigelas podem dar um toque de sofistica\u00e7\u00e3o e charme \u00e0 sua mesa.<\/li>\n<\/ul>\n<\/div>\n\n\n\n<div class=\"wp-block-column is-layout-flow wp-block-column-is-layout-flow\" style=\"flex-basis:50%\">\n<figure class=\"wp-block-image size-full\"><img fetchpriority=\"high\" decoding=\"async\" width=\"1500\" height=\"1500\" src=\"https:\/\/jinhuaceramic.com\/wp-content\/uploads\/2024\/04\/bulk-ceramic-bowls-tableware-wholesale-5.webp\" alt=\"Ta\u00e7as de cer\u00e2mica a granel, loi\u00e7a de mesa de qualidade superior, ta\u00e7as de sopa a granel-1\" class=\"wp-image-3424\" srcset=\"https:\/\/jinhuaceramic.com\/wp-content\/uploads\/2024\/04\/bulk-ceramic-bowls-tableware-wholesale-5.webp 1500w, https:\/\/jinhuaceramic.com\/wp-content\/uploads\/2024\/04\/bulk-ceramic-bowls-tableware-wholesale-5-300x300.webp 300w, https:\/\/jinhuaceramic.com\/wp-content\/uploads\/2024\/04\/bulk-ceramic-bowls-tableware-wholesale-5-150x150.webp 150w, https:\/\/jinhuaceramic.com\/wp-content\/uploads\/2024\/04\/bulk-ceramic-bowls-tableware-wholesale-5-768x768.webp 768w, https:\/\/jinhuaceramic.com\/wp-content\/uploads\/2024\/04\/bulk-ceramic-bowls-tableware-wholesale-5-285x285.webp 285w, https:\/\/jinhuaceramic.com\/wp-content\/uploads\/2024\/04\/bulk-ceramic-bowls-tableware-wholesale-5-270x270.webp 270w, https:\/\/jinhuaceramic.com\/wp-content\/uploads\/2024\/04\/bulk-ceramic-bowls-tableware-wholesale-5-540x540.webp 540w, https:\/\/jinhuaceramic.com\/wp-content\/uploads\/2024\/04\/bulk-ceramic-bowls-tableware-wholesale-5-660x660.webp 660w\" sizes=\"(max-width: 1500px) 100vw, 1500px\" \/><\/figure>\n<\/div>\n<\/div>","protected":false},"excerpt":{"rendered":"<p>Bem-vindo ao comprar ta\u00e7as de sopa a granel. As nossas ta\u00e7as de cer\u00e2mica a granel s\u00e3o feitas de materiais cer\u00e2micos de alta qualidade com um esmalte branco f\u00e1cil de limpar para uma manuten\u00e7\u00e3o f\u00e1cil. Oferece uma variedade de tamanhos para atender a diferentes necessidades de refei\u00e7\u00f5es. O seu design cl\u00e1ssico e simples torna-o adequado para v\u00e1rias ocasi\u00f5es e \u00e9 um utens\u00edlio de mesa topo de gama ideal.<\/p>","protected":false},"featured_media":3424,"comment_status":"closed","ping_status":"closed","template":"","meta":{"_acf_changed":false},"product_brand":[],"product_cat":[54,85],"product_tag":[78],"class_list":{"0":"post-3420","1":"product","2":"type-product","3":"status-publish","4":"has-post-thumbnail","6":"product_cat-tableware-wholesale","7":"product_cat-wholesale-ceramic-bowls","8":"product_tag-bulk-ceramic-bowls","10":"first","11":"instock","12":"shipping-taxable","13":"product-type-simple"},"acf":[],"_links":{"self":[{"href":"https:\/\/jinhuaceramic.com\/pt\/wp-json\/wp\/v2\/product\/3420","targetHints":{"allow":["GET"]}}],"collection":[{"href":"https:\/\/jinhuaceramic.com\/pt\/wp-json\/wp\/v2\/product"}],"about":[{"href":"https:\/\/jinhuaceramic.com\/pt\/wp-json\/wp\/v2\/types\/product"}],"replies":[{"embeddable":true,"href":"https:\/\/jinhuaceramic.com\/pt\/wp-json\/wp\/v2\/comments?post=3420"}],"version-history":[{"count":0,"href":"https:\/\/jinhuaceramic.com\/pt\/wp-json\/wp\/v2\/product\/3420\/revisions"}],"wp:featuredmedia":[{"embeddable":true,"href":"https:\/\/jinhuaceramic.com\/pt\/wp-json\/wp\/v2\/media\/3424"}],"wp:attachment":[{"href":"https:\/\/jinhuaceramic.com\/pt\/wp-json\/wp\/v2\/media?parent=3420"}],"wp:term":[{"taxonomy":"product_brand","embeddable":true,"href":"https:\/\/jinhuaceramic.com\/pt\/wp-json\/wp\/v2\/product_brand?post=3420"},{"taxonomy":"product_cat","embeddable":true,"href":"https:\/\/jinhuaceramic.com\/pt\/wp-json\/wp\/v2\/product_cat?post=3420"},{"taxonomy":"product_tag","embeddable":true,"href":"https:\/\/jinhuaceramic.com\/pt\/wp-json\/wp\/v2\/product_tag?post=3420"}],"curies":[{"name":"wp","href":"https:\/\/api.w.org\/{rel}","templated":true}]}}