{"id":3445,"date":"2024-04-11T07:05:38","date_gmt":"2024-04-11T07:05:38","guid":{"rendered":"https:\/\/jinhuaceramic.com\/?post_type=product&#038;p=3445"},"modified":"2026-02-05T01:59:59","modified_gmt":"2026-02-05T01:59:59","slug":"wholesale-ceramic-bath-accessories","status":"publish","type":"product","link":"https:\/\/jinhuaceramic.com\/pt\/product\/wholesale-ceramic-bath-accessories\/","title":{"rendered":"Acess\u00f3rios de banho de cer\u00e2mica por atacado, Conjunto de casa de banho de hotel a granel"},"content":{"rendered":"<div class=\"wp-block-columns is-layout-flex wp-container-core-columns-is-layout-9d6595d7 wp-block-columns-is-layout-flex\">\n<div class=\"wp-block-column is-layout-flow wp-block-column-is-layout-flow\" style=\"flex-basis:50%\">\n<h3 class=\"wp-block-heading\">Acess\u00f3rios de banho de cer\u00e2mica Premium Wholesale Carater\u00edsticas:<\/h3>\n\n\n\n<ul class=\"wp-block-list\">\n<li><strong>Melhorar a qualidade do hotel: <\/strong>Este conjunto de acess\u00f3rios de banho de cer\u00e2mica por atacado tem um design de luxo de alta qualidade, combinando perfeitamente com o estilo de decora\u00e7\u00e3o da casa de banho do hotel e melhorando a sensa\u00e7\u00e3o geral de qualidade e conforto do espa\u00e7o.<\/li>\n\n\n\n<li><strong>Grande durabilidade: <\/strong>O conjunto de casa de banho por atacado \u00e9 altamente qualitativo em material cer\u00e2mico, resistente a fissuras e a altas temperaturas, excelente em durabilidade e facilidade de limpeza mant\u00e9m-no em boas condi\u00e7\u00f5es durante muito tempo em ambientes onde a sua frequ\u00eancia de utiliza\u00e7\u00e3o \u00e9 elevada.<\/li>\n\n\n\n<li><strong>Conjunto completo de acess\u00f3rios: <\/strong>Os nossos acess\u00f3rios de banho em cer\u00e2mica por atacado, incluindo saboneteiras, dispensadores de sab\u00e3o, copos para elixir bucal e copos para escovas de dentes, etc., satisfazem plenamente as necessidades de utiliza\u00e7\u00e3o di\u00e1ria dos quartos de hotel e facilitam uma gest\u00e3o e manuten\u00e7\u00e3o unificadas.<\/li>\n\n\n\n<li><strong>Apoio ao aprovisionamento em massa, servi\u00e7os personalizados: <\/strong>Solu\u00e7\u00f5es flex\u00edveis de aquisi\u00e7\u00e3o por atacado e servi\u00e7o personalizado de conjuntos de casa de banho por atacado, incluindo cor, padr\u00e3o, op\u00e7\u00e3o de tamanho, etc., s\u00e3o fornecidos para satisfazer as necessidades personalizadas de hot\u00e9is e clientes comerciais.<\/li>\n<\/ul>\n<\/div>\n\n\n\n<div class=\"wp-block-column is-layout-flow wp-block-column-is-layout-flow\" style=\"flex-basis:50%\">\n<figure class=\"wp-block-image size-full\"><img fetchpriority=\"high\" decoding=\"async\" width=\"800\" height=\"800\" src=\"https:\/\/jinhuaceramic.com\/wp-content\/uploads\/2024\/04\/ceramic-manufacturer-wholesale-bathroom-accessories-set-hotal-bathroom-supplies-1-2.webp\" alt=\"Wholesale-Ceramic-Bath-Accessories-Hotel-Bathroom-Set-Bulk-1\" class=\"wp-image-3446\" srcset=\"https:\/\/jinhuaceramic.com\/wp-content\/uploads\/2024\/04\/ceramic-manufacturer-wholesale-bathroom-accessories-set-hotal-bathroom-supplies-1-2.webp 800w, https:\/\/jinhuaceramic.com\/wp-content\/uploads\/2024\/04\/ceramic-manufacturer-wholesale-bathroom-accessories-set-hotal-bathroom-supplies-1-2-300x300.webp 300w, https:\/\/jinhuaceramic.com\/wp-content\/uploads\/2024\/04\/ceramic-manufacturer-wholesale-bathroom-accessories-set-hotal-bathroom-supplies-1-2-150x150.webp 150w, https:\/\/jinhuaceramic.com\/wp-content\/uploads\/2024\/04\/ceramic-manufacturer-wholesale-bathroom-accessories-set-hotal-bathroom-supplies-1-2-768x768.webp 768w, https:\/\/jinhuaceramic.com\/wp-content\/uploads\/2024\/04\/ceramic-manufacturer-wholesale-bathroom-accessories-set-hotal-bathroom-supplies-1-2-285x285.webp 285w, https:\/\/jinhuaceramic.com\/wp-content\/uploads\/2024\/04\/ceramic-manufacturer-wholesale-bathroom-accessories-set-hotal-bathroom-supplies-1-2-270x270.webp 270w, https:\/\/jinhuaceramic.com\/wp-content\/uploads\/2024\/04\/ceramic-manufacturer-wholesale-bathroom-accessories-set-hotal-bathroom-supplies-1-2-540x540.webp 540w, https:\/\/jinhuaceramic.com\/wp-content\/uploads\/2024\/04\/ceramic-manufacturer-wholesale-bathroom-accessories-set-hotal-bathroom-supplies-1-2-660x660.webp 660w\" sizes=\"(max-width: 800px) 100vw, 800px\" \/><\/figure>\n<\/div>\n<\/div>","protected":false},"excerpt":{"rendered":"<p>Bem-vindo ao comprar conjuntos de casa de banho por atacado. O nosso conjunto de acess\u00f3rios de banho de cer\u00e2mica por atacado \u00e9 especialmente concebido para a decora\u00e7\u00e3o de casas de banho de hot\u00e9is. A sua apar\u00eancia luxuosa ir\u00e1 elevar o n\u00edvel do hotel. O material utiliza cer\u00e2mica de alta qualidade, dur\u00e1vel e f\u00e1cil de limpar. Oferece servi\u00e7os de compra a granel e personaliza\u00e7\u00e3o, especialmente adequados para hot\u00e9is e locais de neg\u00f3cios.<\/p>","protected":false},"featured_media":3448,"comment_status":"closed","ping_status":"closed","template":"","meta":{"_acf_changed":false},"product_brand":[],"product_cat":[51],"product_tag":[74],"class_list":{"0":"post-3445","1":"product","2":"type-product","3":"status-publish","4":"has-post-thumbnail","6":"product_cat-bathroom-accessories-wholesale","7":"product_tag-ceramic-bath-accessories-wholesale","9":"first","10":"instock","11":"shipping-taxable","12":"product-type-simple"},"acf":[],"_links":{"self":[{"href":"https:\/\/jinhuaceramic.com\/pt\/wp-json\/wp\/v2\/product\/3445","targetHints":{"allow":["GET"]}}],"collection":[{"href":"https:\/\/jinhuaceramic.com\/pt\/wp-json\/wp\/v2\/product"}],"about":[{"href":"https:\/\/jinhuaceramic.com\/pt\/wp-json\/wp\/v2\/types\/product"}],"replies":[{"embeddable":true,"href":"https:\/\/jinhuaceramic.com\/pt\/wp-json\/wp\/v2\/comments?post=3445"}],"version-history":[{"count":0,"href":"https:\/\/jinhuaceramic.com\/pt\/wp-json\/wp\/v2\/product\/3445\/revisions"}],"wp:featuredmedia":[{"embeddable":true,"href":"https:\/\/jinhuaceramic.com\/pt\/wp-json\/wp\/v2\/media\/3448"}],"wp:attachment":[{"href":"https:\/\/jinhuaceramic.com\/pt\/wp-json\/wp\/v2\/media?parent=3445"}],"wp:term":[{"taxonomy":"product_brand","embeddable":true,"href":"https:\/\/jinhuaceramic.com\/pt\/wp-json\/wp\/v2\/product_brand?post=3445"},{"taxonomy":"product_cat","embeddable":true,"href":"https:\/\/jinhuaceramic.com\/pt\/wp-json\/wp\/v2\/product_cat?post=3445"},{"taxonomy":"product_tag","embeddable":true,"href":"https:\/\/jinhuaceramic.com\/pt\/wp-json\/wp\/v2\/product_tag?post=3445"}],"curies":[{"name":"wp","href":"https:\/\/api.w.org\/{rel}","templated":true}]}}