{"id":3454,"date":"2024-04-11T07:24:38","date_gmt":"2024-04-11T07:24:38","guid":{"rendered":"https:\/\/jinhuaceramic.com\/?post_type=product&#038;p=3454"},"modified":"2026-02-05T02:13:46","modified_gmt":"2026-02-05T02:13:46","slug":"luxury-ceramic-bathroom-accessories-bulk","status":"publish","type":"product","link":"https:\/\/jinhuaceramic.com\/pt\/product\/luxury-ceramic-bathroom-accessories-bulk\/","title":{"rendered":"Conjunto de acess\u00f3rios de casa de banho em cer\u00e2mica de luxo por atacado"},"content":{"rendered":"<div class=\"wp-block-columns is-layout-flex wp-container-core-columns-is-layout-9d6595d7 wp-block-columns-is-layout-flex\">\n<div class=\"wp-block-column is-layout-flow wp-block-column-is-layout-flow\" style=\"flex-basis:50%\">\n<h3 class=\"wp-block-heading\">Conjunto de Acess\u00f3rios de Casa de Banho em Cer\u00e2mica de Luxo Premium Carater\u00edsticas:<\/h3>\n\n\n\n<ul class=\"wp-block-list\">\n<li><strong>Artesanato excecional:<\/strong> O nosso luxuoso conjunto de acess\u00f3rios de casa de banho em cer\u00e2mica \u00e9 fabricado com um artesanato excecional, tendo cuidado em todas as etapas do processo de conce\u00e7\u00e3o e fabrico, garantindo qualidade e um aspeto luxuoso.<\/li>\n\n\n\n<li><strong>Design excecional: <\/strong>Este conjunto de acess\u00f3rios de casa de banho por atacado tem cer\u00e2mica branca cl\u00e1ssica com um design de padr\u00e3o cl\u00e1ssico que proporciona uma sensa\u00e7\u00e3o intemporal de estilo romano e enche o espa\u00e7o da casa de banho com eleg\u00e2ncia e um belo temeraire hist\u00f3rico.<\/li>\n\n\n\n<li><strong>Materiais de alta qualidade: <\/strong>Utilizamos apenas materiais cer\u00e2micos da mais alta qualidade para garantir a durabilidade e a eleg\u00e2ncia a longo prazo dos nossos produtos de alta qualidade e das nossas solu\u00e7\u00f5es de decora\u00e7\u00e3o de casas de banho topo de gama.<\/li>\n\n\n\n<li><strong>Pre\u00e7os competitivos: <\/strong>Como um fabricante de acess\u00f3rios de casa de banho, podemos oferecer conjunto de acess\u00f3rios de casa de banho de cer\u00e2mica por atacado a pre\u00e7os competitivos que permitem aos clientes comprar conjuntos de acess\u00f3rios de casa de banho de cer\u00e2mica de luxo de alta qualidade a baixo custo.<\/li>\n<\/ul>\n<\/div>\n\n\n\n<div class=\"wp-block-column is-layout-flow wp-block-column-is-layout-flow\" style=\"flex-basis:50%\">\n<figure class=\"wp-block-image size-full\"><img fetchpriority=\"high\" decoding=\"async\" width=\"1024\" height=\"1024\" src=\"https:\/\/jinhuaceramic.com\/wp-content\/uploads\/2024\/04\/ceramic-manufacturer-wholesale-bathroom-accessories-set-hotal-bathroom-supplies-1-3.webp\" alt=\"cer\u00e2mica-fabricante-atacado-Luxury-Ceramic-Bathroom-Accessories\" class=\"wp-image-3455\" srcset=\"https:\/\/jinhuaceramic.com\/wp-content\/uploads\/2024\/04\/ceramic-manufacturer-wholesale-bathroom-accessories-set-hotal-bathroom-supplies-1-3.webp 1024w, https:\/\/jinhuaceramic.com\/wp-content\/uploads\/2024\/04\/ceramic-manufacturer-wholesale-bathroom-accessories-set-hotal-bathroom-supplies-1-3-300x300.webp 300w, https:\/\/jinhuaceramic.com\/wp-content\/uploads\/2024\/04\/ceramic-manufacturer-wholesale-bathroom-accessories-set-hotal-bathroom-supplies-1-3-150x150.webp 150w, https:\/\/jinhuaceramic.com\/wp-content\/uploads\/2024\/04\/ceramic-manufacturer-wholesale-bathroom-accessories-set-hotal-bathroom-supplies-1-3-768x768.webp 768w, https:\/\/jinhuaceramic.com\/wp-content\/uploads\/2024\/04\/ceramic-manufacturer-wholesale-bathroom-accessories-set-hotal-bathroom-supplies-1-3-285x285.webp 285w, https:\/\/jinhuaceramic.com\/wp-content\/uploads\/2024\/04\/ceramic-manufacturer-wholesale-bathroom-accessories-set-hotal-bathroom-supplies-1-3-270x270.webp 270w, https:\/\/jinhuaceramic.com\/wp-content\/uploads\/2024\/04\/ceramic-manufacturer-wholesale-bathroom-accessories-set-hotal-bathroom-supplies-1-3-540x540.webp 540w, https:\/\/jinhuaceramic.com\/wp-content\/uploads\/2024\/04\/ceramic-manufacturer-wholesale-bathroom-accessories-set-hotal-bathroom-supplies-1-3-660x660.webp 660w\" sizes=\"(max-width: 1024px) 100vw, 1024px\" \/><\/figure>\n<\/div>\n<\/div>","protected":false},"excerpt":{"rendered":"<p>Compramos conjuntos de acess\u00f3rios de casa de banho em cer\u00e2mica por atacado numa variedade de designs. A nossa cole\u00e7\u00e3o de conjuntos de acess\u00f3rios de casa de banho de cer\u00e2mica de luxo por atacado apresenta materiais de alta qualidade com uma vasta gama de selec\u00e7\u00f5es e pre\u00e7os saud\u00e1veis, com configura\u00e7\u00f5es de pacotes completos e servi\u00e7os personalizados para proporcionar valor e prazer aos nossos clientes.<\/p>","protected":false},"featured_media":3457,"comment_status":"closed","ping_status":"closed","template":"","meta":{"_acf_changed":false},"product_brand":[],"product_cat":[51],"product_tag":[74],"class_list":{"0":"post-3454","1":"product","2":"type-product","3":"status-publish","4":"has-post-thumbnail","6":"product_cat-bathroom-accessories-wholesale","7":"product_tag-ceramic-bath-accessories-wholesale","9":"first","10":"instock","11":"shipping-taxable","12":"product-type-simple"},"acf":[],"_links":{"self":[{"href":"https:\/\/jinhuaceramic.com\/pt\/wp-json\/wp\/v2\/product\/3454","targetHints":{"allow":["GET"]}}],"collection":[{"href":"https:\/\/jinhuaceramic.com\/pt\/wp-json\/wp\/v2\/product"}],"about":[{"href":"https:\/\/jinhuaceramic.com\/pt\/wp-json\/wp\/v2\/types\/product"}],"replies":[{"embeddable":true,"href":"https:\/\/jinhuaceramic.com\/pt\/wp-json\/wp\/v2\/comments?post=3454"}],"version-history":[{"count":0,"href":"https:\/\/jinhuaceramic.com\/pt\/wp-json\/wp\/v2\/product\/3454\/revisions"}],"wp:featuredmedia":[{"embeddable":true,"href":"https:\/\/jinhuaceramic.com\/pt\/wp-json\/wp\/v2\/media\/3457"}],"wp:attachment":[{"href":"https:\/\/jinhuaceramic.com\/pt\/wp-json\/wp\/v2\/media?parent=3454"}],"wp:term":[{"taxonomy":"product_brand","embeddable":true,"href":"https:\/\/jinhuaceramic.com\/pt\/wp-json\/wp\/v2\/product_brand?post=3454"},{"taxonomy":"product_cat","embeddable":true,"href":"https:\/\/jinhuaceramic.com\/pt\/wp-json\/wp\/v2\/product_cat?post=3454"},{"taxonomy":"product_tag","embeddable":true,"href":"https:\/\/jinhuaceramic.com\/pt\/wp-json\/wp\/v2\/product_tag?post=3454"}],"curies":[{"name":"wp","href":"https:\/\/api.w.org\/{rel}","templated":true}]}}