{"id":3460,"date":"2024-04-11T07:33:34","date_gmt":"2024-04-11T07:33:34","guid":{"rendered":"https:\/\/jinhuaceramic.com\/?post_type=product&#038;p=3460"},"modified":"2026-02-05T02:56:24","modified_gmt":"2026-02-05T02:56:24","slug":"custom-commercial-ceramic-bathroom-set","status":"publish","type":"product","link":"https:\/\/jinhuaceramic.com\/pt\/product\/custom-commercial-ceramic-bathroom-set\/","title":{"rendered":"Conjunto de casa de banho em cer\u00e2mica comercial personalizada a granel, fornecimento de 4 pe\u00e7as"},"content":{"rendered":"<div class=\"wp-block-columns is-layout-flex wp-container-core-columns-is-layout-9d6595d7 wp-block-columns-is-layout-flex\">\n<div class=\"wp-block-column is-layout-flow wp-block-column-is-layout-flow\" style=\"flex-basis:50%\">\n<h3 class=\"wp-block-heading\">Conjunto de casa de banho em cer\u00e2mica comercial Premium Carater\u00edsticas:<\/h3>\n\n\n\n<ul class=\"wp-block-list\">\n<li><strong>Personaliza\u00e7\u00e3o:<\/strong> Oferecemos um servi\u00e7o de personaliza\u00e7\u00e3o em que podemos selecionar cores, desenhos e tamanhos com base nas necessidades e prefer\u00eancias espec\u00edficas dos nossos clientes, garantindo que o conjunto de casa de banho em cer\u00e2mica comercial personalizado corresponde perfeitamente ao estilo do seu espa\u00e7o comercial.<\/li>\n\n\n\n<li><strong>Comercial e duradouro: <\/strong>Os nossos conjuntos de casa de banho de cer\u00e2mica por atacado s\u00e3o cuidadosamente concebidos e fabricados com materiais dur\u00e1veis que resistem ao desgaste e \u00e0 corros\u00e3o, garantindo que mant\u00eam uma excelente qualidade durante longos per\u00edodos de utiliza\u00e7\u00e3o.<\/li>\n\n\n\n<li><strong>Comumente equipado: <\/strong>Este conjunto de casa de banho em cer\u00e2mica comercial personalizado cont\u00e9m quatro acess\u00f3rios de casa de banho essenciais, como um copo para elixir, um suporte para sabonete, uma bomba dispensadora de sabonete e um suporte para escova de sanita, proporcionando comodidade e funcionalidade para locais comerciais.<\/li>\n\n\n\n<li><strong>Superf\u00edcie f\u00e1cil de limpar e higi\u00e9nica:<\/strong> A superf\u00edcie de cer\u00e2mica vidrada deste conjunto personalizado de casa de banho em cer\u00e2mica comercial resiste a manchas, humidade e odores. O acabamento liso permite uma limpeza di\u00e1ria f\u00e1cil e garante a conformidade com a higiene a longo prazo em ambientes de hotelaria.<\/li>\n\n\n\n<li><strong>Capacidade de fornecimento est\u00e1vel a granel:<\/strong> Fornecimento grossista direto da f\u00e1brica com um prazo de produ\u00e7\u00e3o est\u00e1vel, apoiando a aquisi\u00e7\u00e3o de grandes volumes para projectos de engenharia e cadeias de empresas<\/li>\n<\/ul>\n<\/div>\n\n\n\n<div class=\"wp-block-column is-layout-flow wp-block-column-is-layout-flow\" style=\"flex-basis:50%\">\n<figure class=\"wp-block-image size-full\"><img fetchpriority=\"high\" decoding=\"async\" width=\"1079\" height=\"1079\" src=\"https:\/\/jinhuaceramic.com\/wp-content\/uploads\/2024\/04\/ceramic-manufacturer-wholesale-bathroom-accessories-set-hotal-bathroom-supplies-soap-dish-5.webp\" alt=\"cer\u00e2mica-fabricante-venda por grosso-acess\u00f3rios-de-banheiro-conjunto-hotel-banheiro-fornecimentos-5\" class=\"wp-image-3465\" srcset=\"https:\/\/jinhuaceramic.com\/wp-content\/uploads\/2024\/04\/ceramic-manufacturer-wholesale-bathroom-accessories-set-hotal-bathroom-supplies-soap-dish-5.webp 1079w, https:\/\/jinhuaceramic.com\/wp-content\/uploads\/2024\/04\/ceramic-manufacturer-wholesale-bathroom-accessories-set-hotal-bathroom-supplies-soap-dish-5-300x300.webp 300w, https:\/\/jinhuaceramic.com\/wp-content\/uploads\/2024\/04\/ceramic-manufacturer-wholesale-bathroom-accessories-set-hotal-bathroom-supplies-soap-dish-5-150x150.webp 150w, https:\/\/jinhuaceramic.com\/wp-content\/uploads\/2024\/04\/ceramic-manufacturer-wholesale-bathroom-accessories-set-hotal-bathroom-supplies-soap-dish-5-768x768.webp 768w, https:\/\/jinhuaceramic.com\/wp-content\/uploads\/2024\/04\/ceramic-manufacturer-wholesale-bathroom-accessories-set-hotal-bathroom-supplies-soap-dish-5-285x285.webp 285w, https:\/\/jinhuaceramic.com\/wp-content\/uploads\/2024\/04\/ceramic-manufacturer-wholesale-bathroom-accessories-set-hotal-bathroom-supplies-soap-dish-5-270x270.webp 270w, https:\/\/jinhuaceramic.com\/wp-content\/uploads\/2024\/04\/ceramic-manufacturer-wholesale-bathroom-accessories-set-hotal-bathroom-supplies-soap-dish-5-540x540.webp 540w, https:\/\/jinhuaceramic.com\/wp-content\/uploads\/2024\/04\/ceramic-manufacturer-wholesale-bathroom-accessories-set-hotal-bathroom-supplies-soap-dish-5-660x660.webp 660w\" sizes=\"(max-width: 1079px) 100vw, 1079px\" \/><\/figure>\n<\/div>\n<\/div>","protected":false},"excerpt":{"rendered":"<p>Bem-vindo \u00e0 compra a granel e ao conjunto de acess\u00f3rios de casa de banho em cer\u00e2mica personalizados. Os nossos conjuntos de casa de banho em cer\u00e2mica comercial apresentam personaliza\u00e7\u00e3o, durabilidade comercial, design multifuncional e servi\u00e7os profissionais, proporcionando aos clientes comerciais solu\u00e7\u00f5es personalizadas de alta qualidade para os ajudar a criar espa\u00e7os de casa de banho comerciais \u00fanicos.<\/p>","protected":false},"featured_media":3464,"comment_status":"closed","ping_status":"closed","template":"","meta":{"_acf_changed":false},"product_brand":[],"product_cat":[51],"product_tag":[74],"class_list":{"0":"post-3460","1":"product","2":"type-product","3":"status-publish","4":"has-post-thumbnail","6":"product_cat-bathroom-accessories-wholesale","7":"product_tag-ceramic-bath-accessories-wholesale","9":"first","10":"instock","11":"shipping-taxable","12":"product-type-simple"},"acf":[],"_links":{"self":[{"href":"https:\/\/jinhuaceramic.com\/pt\/wp-json\/wp\/v2\/product\/3460","targetHints":{"allow":["GET"]}}],"collection":[{"href":"https:\/\/jinhuaceramic.com\/pt\/wp-json\/wp\/v2\/product"}],"about":[{"href":"https:\/\/jinhuaceramic.com\/pt\/wp-json\/wp\/v2\/types\/product"}],"replies":[{"embeddable":true,"href":"https:\/\/jinhuaceramic.com\/pt\/wp-json\/wp\/v2\/comments?post=3460"}],"version-history":[{"count":0,"href":"https:\/\/jinhuaceramic.com\/pt\/wp-json\/wp\/v2\/product\/3460\/revisions"}],"wp:featuredmedia":[{"embeddable":true,"href":"https:\/\/jinhuaceramic.com\/pt\/wp-json\/wp\/v2\/media\/3464"}],"wp:attachment":[{"href":"https:\/\/jinhuaceramic.com\/pt\/wp-json\/wp\/v2\/media?parent=3460"}],"wp:term":[{"taxonomy":"product_brand","embeddable":true,"href":"https:\/\/jinhuaceramic.com\/pt\/wp-json\/wp\/v2\/product_brand?post=3460"},{"taxonomy":"product_cat","embeddable":true,"href":"https:\/\/jinhuaceramic.com\/pt\/wp-json\/wp\/v2\/product_cat?post=3460"},{"taxonomy":"product_tag","embeddable":true,"href":"https:\/\/jinhuaceramic.com\/pt\/wp-json\/wp\/v2\/product_tag?post=3460"}],"curies":[{"name":"wp","href":"https:\/\/api.w.org\/{rel}","templated":true}]}}