{"id":3476,"date":"2024-04-11T07:57:26","date_gmt":"2024-04-11T07:57:26","guid":{"rendered":"https:\/\/jinhuaceramic.com\/?post_type=product&#038;p=3476"},"modified":"2025-04-21T02:42:36","modified_gmt":"2025-04-21T02:42:36","slug":"wholesale-ceramic-candle-vessels","status":"publish","type":"product","link":"https:\/\/jinhuaceramic.com\/pt\/product\/wholesale-ceramic-candle-vessels\/","title":{"rendered":"Vasos de vela de cer\u00e2mica por atacado, frascos de vela a granel"},"content":{"rendered":"<div class=\"wp-block-columns is-layout-flex wp-container-core-columns-is-layout-9d6595d7 wp-block-columns-is-layout-flex\">\n<div class=\"wp-block-column is-layout-flow wp-block-column-is-layout-flow\" style=\"flex-basis:50%\">\n<h3 class=\"wp-block-heading\">Vasos de vela de cer\u00e2mica por atacado Premium Carater\u00edsticas:<\/h3>\n\n\n\n<ul class=\"wp-block-list\">\n<li><strong>Design requintado e elegante, que real\u00e7a a sensa\u00e7\u00e3o de qualidade: <\/strong>Estes vasos para velas de cer\u00e2mica por atacado s\u00e3o real\u00e7ados por um design requintado, linhas suaves e apar\u00eancia elegante, perfeitos para casa de luxo, embalagens de presente e decora\u00e7\u00e3o de ocasi\u00f5es de alta qualidade, mostrando um gosto e qualidade \u00fanicos.<\/li>\n\n\n\n<li><strong>V\u00e1rios tamanhos e formas, combina\u00e7\u00e3o flex\u00edvel: <\/strong>Os nossos frascos de velas a granel oferecem uma variedade de op\u00e7\u00f5es de tamanho e forma, os clientes podem escolher o tipo de recipiente adequado de acordo com as suas necessidades, que podem facilmente adaptar-se a diferentes estilos e utiliza\u00e7\u00f5es, e satisfazer as diversas necessidades de decora\u00e7\u00e3o e fabrico de velas.<\/li>\n\n\n\n<li><strong>Material cer\u00e2mico de alta qualidade, duradouro e amigo do ambiente: <\/strong>Os nossos recipientes para velas de cer\u00e2mica por atacado s\u00e3o feitos de cer\u00e2mica de alta qualidade cozida a alta temperatura. O recipiente \u00e9 robusto e dur\u00e1vel, com uma superf\u00edcie lisa e boa resist\u00eancia ao calor e \u00e0 humidade. A cer\u00e2mica \u00e9 natural, n\u00e3o t\u00f3xica e amiga do ambiente, garantindo que \u00e9 segura e fi\u00e1vel para uma utiliza\u00e7\u00e3o a longo prazo.<\/li>\n\n\n\n<li><strong>Suporte para compras em massa e personaliza\u00e7\u00e3o: <\/strong>Fornecemos frascos de velas a granel para clientes comerciais para garantir a qualidade e o fornecimento est\u00e1veis do produto. Al\u00e9m disso, os clientes tamb\u00e9m podem optar por personalizar cores, tamanhos e log\u00f3tipos para satisfazer as necessidades de promo\u00e7\u00e3o da marca e de design personalizado.<\/li>\n<\/ul>\n<\/div>\n\n\n\n<div class=\"wp-block-column is-layout-flow wp-block-column-is-layout-flow\" style=\"flex-basis:50%\">\n<figure class=\"wp-block-image size-full\"><img fetchpriority=\"high\" decoding=\"async\" width=\"692\" height=\"692\" src=\"https:\/\/jinhuaceramic.com\/wp-content\/uploads\/2024\/04\/ceramic-manufacturer-custom-canisters-bulk-candle-jars-wholesale-3-2.webp\" alt=\"Vasos de vela de cer\u00e2mica por atacado, frascos de vela a granel-1\" class=\"wp-image-3478\" srcset=\"https:\/\/jinhuaceramic.com\/wp-content\/uploads\/2024\/04\/ceramic-manufacturer-custom-canisters-bulk-candle-jars-wholesale-3-2.webp 692w, https:\/\/jinhuaceramic.com\/wp-content\/uploads\/2024\/04\/ceramic-manufacturer-custom-canisters-bulk-candle-jars-wholesale-3-2-300x300.webp 300w, https:\/\/jinhuaceramic.com\/wp-content\/uploads\/2024\/04\/ceramic-manufacturer-custom-canisters-bulk-candle-jars-wholesale-3-2-150x150.webp 150w, https:\/\/jinhuaceramic.com\/wp-content\/uploads\/2024\/04\/ceramic-manufacturer-custom-canisters-bulk-candle-jars-wholesale-3-2-285x285.webp 285w, https:\/\/jinhuaceramic.com\/wp-content\/uploads\/2024\/04\/ceramic-manufacturer-custom-canisters-bulk-candle-jars-wholesale-3-2-270x270.webp 270w, https:\/\/jinhuaceramic.com\/wp-content\/uploads\/2024\/04\/ceramic-manufacturer-custom-canisters-bulk-candle-jars-wholesale-3-2-540x540.webp 540w, https:\/\/jinhuaceramic.com\/wp-content\/uploads\/2024\/04\/ceramic-manufacturer-custom-canisters-bulk-candle-jars-wholesale-3-2-660x660.webp 660w\" sizes=\"(max-width: 692px) 100vw, 692px\" \/><\/figure>\n<\/div>\n<\/div>","protected":false},"excerpt":{"rendered":"<p>Bem-vindo \u00e0 compra de frascos de velas a granel. Os nossos requintados e elegantes vasos de velas de cer\u00e2mica para venda por grosso s\u00e3o concebidos exclusivamente para casas de luxo e ocasi\u00f5es de luxo, e est\u00e3o dispon\u00edveis numa variedade de tamanhos e formas. Fabricados com materiais cer\u00e2micos de alta qualidade, s\u00e3o dur\u00e1veis e ecol\u00f3gicos, e suportam compras em grande escala e personaliza\u00e7\u00e3o, tornando-os ideais para uso comercial e decora\u00e7\u00e3o de casa.<\/p>","protected":false},"featured_media":3480,"comment_status":"closed","ping_status":"closed","template":"","meta":{"_acf_changed":false},"product_brand":[],"product_cat":[52],"product_tag":[66],"class_list":{"0":"post-3476","1":"product","2":"type-product","3":"status-publish","4":"has-post-thumbnail","6":"product_cat-wholesale-candle-containers","7":"product_tag-candle-jars-wholesale","9":"first","10":"instock","11":"shipping-taxable","12":"product-type-simple"},"acf":[],"_links":{"self":[{"href":"https:\/\/jinhuaceramic.com\/pt\/wp-json\/wp\/v2\/product\/3476","targetHints":{"allow":["GET"]}}],"collection":[{"href":"https:\/\/jinhuaceramic.com\/pt\/wp-json\/wp\/v2\/product"}],"about":[{"href":"https:\/\/jinhuaceramic.com\/pt\/wp-json\/wp\/v2\/types\/product"}],"replies":[{"embeddable":true,"href":"https:\/\/jinhuaceramic.com\/pt\/wp-json\/wp\/v2\/comments?post=3476"}],"version-history":[{"count":0,"href":"https:\/\/jinhuaceramic.com\/pt\/wp-json\/wp\/v2\/product\/3476\/revisions"}],"wp:featuredmedia":[{"embeddable":true,"href":"https:\/\/jinhuaceramic.com\/pt\/wp-json\/wp\/v2\/media\/3480"}],"wp:attachment":[{"href":"https:\/\/jinhuaceramic.com\/pt\/wp-json\/wp\/v2\/media?parent=3476"}],"wp:term":[{"taxonomy":"product_brand","embeddable":true,"href":"https:\/\/jinhuaceramic.com\/pt\/wp-json\/wp\/v2\/product_brand?post=3476"},{"taxonomy":"product_cat","embeddable":true,"href":"https:\/\/jinhuaceramic.com\/pt\/wp-json\/wp\/v2\/product_cat?post=3476"},{"taxonomy":"product_tag","embeddable":true,"href":"https:\/\/jinhuaceramic.com\/pt\/wp-json\/wp\/v2\/product_tag?post=3476"}],"curies":[{"name":"wp","href":"https:\/\/api.w.org\/{rel}","templated":true}]}}