{"id":3485,"date":"2024-04-11T08:07:38","date_gmt":"2024-04-11T08:07:38","guid":{"rendered":"https:\/\/jinhuaceramic.com\/?post_type=product&#038;p=3485"},"modified":"2025-04-21T02:43:26","modified_gmt":"2025-04-21T02:43:26","slug":"unique-wholesale-jars-for-candles","status":"publish","type":"product","link":"https:\/\/jinhuaceramic.com\/pt\/product\/unique-wholesale-jars-for-candles\/","title":{"rendered":"Frascos \u00fanicos para velas por atacado Recipientes para velas de cer\u00e2mica com forma colunar irregular"},"content":{"rendered":"<div class=\"wp-block-columns is-layout-flex wp-container-core-columns-is-layout-9d6595d7 wp-block-columns-is-layout-flex\">\n<div class=\"wp-block-column is-layout-flow wp-block-column-is-layout-flow\" style=\"flex-basis:50%\">\n<h3 class=\"wp-block-heading\">Frascos para velas por atacado Premium Carater\u00edsticas:<\/h3>\n\n\n\n<ul class=\"wp-block-list\">\n<li><strong>Design irregular \u00fanico: <\/strong>Os nossos frascos para velas por atacado adoptam uma forma cil\u00edndrica irregular \u00fanica, que contrasta fortemente com os recipientes redondos ou quadrados tradicionais, acrescentando um estilo art\u00edstico \u00fanico e um apelo visual ao fabrico de velas.<\/li>\n\n\n\n<li><strong>Materiais de alta qualidade: <\/strong>Escolhemos materiais de alta qualidade para fabricar frascos de velas de cer\u00e2mica por atacado para garantir a durabilidade e a estabilidade do produto, permitindo que as suas velas ardam num recipiente seguro.<\/li>\n\n\n\n<li><strong>Utiliza\u00e7\u00e3o multifuncional: <\/strong>Estes frascos para velas de formato \u00fanico n\u00e3o s\u00e3o apenas adequados para o fabrico de velas, mas tamb\u00e9m podem ser utilizados como vasos, decora\u00e7\u00f5es ou recipientes de armazenamento para muitos fins, proporcionando mais possibilidades para a decora\u00e7\u00e3o da sua casa.<\/li>\n\n\n\n<li><strong>Servi\u00e7o personalizado: <\/strong>Fornecemos servi\u00e7os de recipientes para velas personalizados para tamanho, cor e design de acordo com as suas pr\u00f3prias necessidades e satisfazemos as necessidades especiais de diferentes clientes.<\/li>\n<\/ul>\n<\/div>\n\n\n\n<div class=\"wp-block-column is-layout-flow wp-block-column-is-layout-flow\" style=\"flex-basis:50%\"><div class=\"wp-block-image\">\n<figure class=\"aligncenter size-full\"><img fetchpriority=\"high\" decoding=\"async\" width=\"735\" height=\"735\" src=\"https:\/\/jinhuaceramic.com\/wp-content\/uploads\/2024\/04\/ceramic-manufacturer-custom-canisters-bulk-candle-jars-wholesale-candle-vessel-4-1.webp\" alt=\"cer\u00e2mica-fabricante-custom-canisters-bulk-candle-jars-wholesale-Unique-Jars-For-Candles\" class=\"wp-image-3489\" srcset=\"https:\/\/jinhuaceramic.com\/wp-content\/uploads\/2024\/04\/ceramic-manufacturer-custom-canisters-bulk-candle-jars-wholesale-candle-vessel-4-1.webp 735w, https:\/\/jinhuaceramic.com\/wp-content\/uploads\/2024\/04\/ceramic-manufacturer-custom-canisters-bulk-candle-jars-wholesale-candle-vessel-4-1-300x300.webp 300w, https:\/\/jinhuaceramic.com\/wp-content\/uploads\/2024\/04\/ceramic-manufacturer-custom-canisters-bulk-candle-jars-wholesale-candle-vessel-4-1-150x150.webp 150w, https:\/\/jinhuaceramic.com\/wp-content\/uploads\/2024\/04\/ceramic-manufacturer-custom-canisters-bulk-candle-jars-wholesale-candle-vessel-4-1-285x285.webp 285w, https:\/\/jinhuaceramic.com\/wp-content\/uploads\/2024\/04\/ceramic-manufacturer-custom-canisters-bulk-candle-jars-wholesale-candle-vessel-4-1-270x270.webp 270w, https:\/\/jinhuaceramic.com\/wp-content\/uploads\/2024\/04\/ceramic-manufacturer-custom-canisters-bulk-candle-jars-wholesale-candle-vessel-4-1-540x540.webp 540w, https:\/\/jinhuaceramic.com\/wp-content\/uploads\/2024\/04\/ceramic-manufacturer-custom-canisters-bulk-candle-jars-wholesale-candle-vessel-4-1-660x660.webp 660w\" sizes=\"(max-width: 735px) 100vw, 735px\" \/><\/figure>\n<\/div><\/div>\n<\/div>","protected":false},"excerpt":{"rendered":"<p>Bem-vindo \u00e0 compra de frascos para velas por atacado. Os nossos frascos para velas de cer\u00e2mica por atacado apresentam formas cil\u00edndricas irregulares \u00fanicas, materiais de alta qualidade, utiliza\u00e7\u00e3o multifuncional e servi\u00e7os de personaliza\u00e7\u00e3o personalizados, proporcionando aos clientes a escolha perfeita de recipientes para velas para os ajudar a criar produtos de velas \u00fanicos.<\/p>","protected":false},"featured_media":3489,"comment_status":"closed","ping_status":"closed","template":"","meta":{"_acf_changed":false},"product_brand":[],"product_cat":[52],"product_tag":[66],"class_list":{"0":"post-3485","1":"product","2":"type-product","3":"status-publish","4":"has-post-thumbnail","6":"product_cat-wholesale-candle-containers","7":"product_tag-candle-jars-wholesale","9":"first","10":"instock","11":"shipping-taxable","12":"product-type-simple"},"acf":[],"_links":{"self":[{"href":"https:\/\/jinhuaceramic.com\/pt\/wp-json\/wp\/v2\/product\/3485","targetHints":{"allow":["GET"]}}],"collection":[{"href":"https:\/\/jinhuaceramic.com\/pt\/wp-json\/wp\/v2\/product"}],"about":[{"href":"https:\/\/jinhuaceramic.com\/pt\/wp-json\/wp\/v2\/types\/product"}],"replies":[{"embeddable":true,"href":"https:\/\/jinhuaceramic.com\/pt\/wp-json\/wp\/v2\/comments?post=3485"}],"version-history":[{"count":0,"href":"https:\/\/jinhuaceramic.com\/pt\/wp-json\/wp\/v2\/product\/3485\/revisions"}],"wp:featuredmedia":[{"embeddable":true,"href":"https:\/\/jinhuaceramic.com\/pt\/wp-json\/wp\/v2\/media\/3489"}],"wp:attachment":[{"href":"https:\/\/jinhuaceramic.com\/pt\/wp-json\/wp\/v2\/media?parent=3485"}],"wp:term":[{"taxonomy":"product_brand","embeddable":true,"href":"https:\/\/jinhuaceramic.com\/pt\/wp-json\/wp\/v2\/product_brand?post=3485"},{"taxonomy":"product_cat","embeddable":true,"href":"https:\/\/jinhuaceramic.com\/pt\/wp-json\/wp\/v2\/product_cat?post=3485"},{"taxonomy":"product_tag","embeddable":true,"href":"https:\/\/jinhuaceramic.com\/pt\/wp-json\/wp\/v2\/product_tag?post=3485"}],"curies":[{"name":"wp","href":"https:\/\/api.w.org\/{rel}","templated":true}]}}