{"id":3494,"date":"2024-04-11T08:21:44","date_gmt":"2024-04-11T08:21:44","guid":{"rendered":"https:\/\/jinhuaceramic.com\/?post_type=product&#038;p=3494"},"modified":"2025-04-21T02:46:44","modified_gmt":"2025-04-21T02:46:44","slug":"wholesale-ceramic-candles-jars-with-lids","status":"publish","type":"product","link":"https:\/\/jinhuaceramic.com\/pt\/product\/wholesale-ceramic-candles-jars-with-lids\/","title":{"rendered":"Frascos de velas de cer\u00e2mica por atacado com tampas Recipientes para velas em forma de ab\u00f3bora"},"content":{"rendered":"<div class=\"wp-block-columns is-layout-flex wp-container-core-columns-is-layout-9d6595d7 wp-block-columns-is-layout-flex\">\n<div class=\"wp-block-column is-layout-flow wp-block-column-is-layout-flow\" style=\"flex-basis:50%\">\n<h3 class=\"wp-block-heading\">Frascos com tampa para velas Premium Carater\u00edsticas:<\/h3>\n\n\n\n<ol class=\"wp-block-list\">\n<li>Design \u00fanico: Os nossos frascos de velas de cer\u00e2mica com tampa apresentam um design \u00fanico, que \u00e9 \u00fanico e encantador, acrescentando uma atmosfera divertida e festiva ao fabrico de velas.<\/li>\n\n\n\n<li>Materiais cer\u00e2micos de alta qualidade: Utilizamos materiais cer\u00e2micos de alta qualidade no fabrico de frascos para velas para garantir a durabilidade e a estabilidade do produto, permitindo que as suas velas ardam num recipiente seguro.<\/li>\n\n\n\n<li>Design pr\u00e1tico com tampa: Cada frasco de vela est\u00e1 equipado com uma tampa, que pode proteger eficazmente a vela do p\u00f3 e dos detritos, ao mesmo tempo que prolonga o tempo de armazenamento da vela, permitindo que a sua vela arda durante mais tempo.<\/li>\n\n\n\n<li>Utiliza\u00e7\u00e3o multifuncional: Estes frascos de velas de cer\u00e2mica em forma de ab\u00f3bora com tampa n\u00e3o s\u00e3o apenas adequados para fazer velas, mas tamb\u00e9m podem ser usados como decora\u00e7\u00f5es, frascos de armazenamento ou caixas de presente para muitos fins, adicionando um charme \u00fanico \u00e0 decora\u00e7\u00e3o da sua casa.<\/li>\n<\/ol>\n<\/div>\n\n\n\n<div class=\"wp-block-column is-layout-flow wp-block-column-is-layout-flow\" style=\"flex-basis:50%\"><div class=\"wp-block-image\">\n<figure class=\"aligncenter size-full\"><img fetchpriority=\"high\" decoding=\"async\" width=\"790\" height=\"790\" src=\"https:\/\/jinhuaceramic.com\/wp-content\/uploads\/2024\/04\/ceramic-manufacturer-custom-canisters-bulk-candle-jars-wholesale-pumpkin-candle-jar-6.webp\" alt=\"cer\u00e2mica-fabricante-canisters-personalizados-bulk-candle-jars-wholesale-pumpkin-candles-jars-with-lids\" class=\"wp-image-3500\" srcset=\"https:\/\/jinhuaceramic.com\/wp-content\/uploads\/2024\/04\/ceramic-manufacturer-custom-canisters-bulk-candle-jars-wholesale-pumpkin-candle-jar-6.webp 790w, https:\/\/jinhuaceramic.com\/wp-content\/uploads\/2024\/04\/ceramic-manufacturer-custom-canisters-bulk-candle-jars-wholesale-pumpkin-candle-jar-6-300x300.webp 300w, https:\/\/jinhuaceramic.com\/wp-content\/uploads\/2024\/04\/ceramic-manufacturer-custom-canisters-bulk-candle-jars-wholesale-pumpkin-candle-jar-6-150x150.webp 150w, https:\/\/jinhuaceramic.com\/wp-content\/uploads\/2024\/04\/ceramic-manufacturer-custom-canisters-bulk-candle-jars-wholesale-pumpkin-candle-jar-6-768x768.webp 768w, https:\/\/jinhuaceramic.com\/wp-content\/uploads\/2024\/04\/ceramic-manufacturer-custom-canisters-bulk-candle-jars-wholesale-pumpkin-candle-jar-6-285x285.webp 285w, https:\/\/jinhuaceramic.com\/wp-content\/uploads\/2024\/04\/ceramic-manufacturer-custom-canisters-bulk-candle-jars-wholesale-pumpkin-candle-jar-6-270x270.webp 270w, https:\/\/jinhuaceramic.com\/wp-content\/uploads\/2024\/04\/ceramic-manufacturer-custom-canisters-bulk-candle-jars-wholesale-pumpkin-candle-jar-6-540x540.webp 540w, https:\/\/jinhuaceramic.com\/wp-content\/uploads\/2024\/04\/ceramic-manufacturer-custom-canisters-bulk-candle-jars-wholesale-pumpkin-candle-jar-6-660x660.webp 660w\" sizes=\"(max-width: 790px) 100vw, 790px\" \/><\/figure>\n<\/div><\/div>\n<\/div>","protected":false},"excerpt":{"rendered":"<p>Bem-vindo \u00e0 compra a granel ou \u00e0 personaliza\u00e7\u00e3o de frascos de cer\u00e2mica para velas com tampa. Nossos potes de vela de cer\u00e2mica em forma de ab\u00f3bora com tampas s\u00e3o populares por seu design exclusivo, materiais de alta qualidade, design pr\u00e1tico de tampa e uso multiuso, trazendo aos clientes a escolha perfeita de recipiente de vela.<\/p>","protected":false},"featured_media":3496,"comment_status":"closed","ping_status":"closed","template":"","meta":{"_acf_changed":false},"product_brand":[],"product_cat":[52],"product_tag":[67,66],"class_list":{"0":"post-3494","1":"product","2":"type-product","3":"status-publish","4":"has-post-thumbnail","6":"product_cat-wholesale-candle-containers","7":"product_tag-bulk-candle-jars-with-lids","8":"product_tag-candle-jars-wholesale","10":"first","11":"instock","12":"shipping-taxable","13":"product-type-simple"},"acf":[],"_links":{"self":[{"href":"https:\/\/jinhuaceramic.com\/pt\/wp-json\/wp\/v2\/product\/3494","targetHints":{"allow":["GET"]}}],"collection":[{"href":"https:\/\/jinhuaceramic.com\/pt\/wp-json\/wp\/v2\/product"}],"about":[{"href":"https:\/\/jinhuaceramic.com\/pt\/wp-json\/wp\/v2\/types\/product"}],"replies":[{"embeddable":true,"href":"https:\/\/jinhuaceramic.com\/pt\/wp-json\/wp\/v2\/comments?post=3494"}],"version-history":[{"count":0,"href":"https:\/\/jinhuaceramic.com\/pt\/wp-json\/wp\/v2\/product\/3494\/revisions"}],"wp:featuredmedia":[{"embeddable":true,"href":"https:\/\/jinhuaceramic.com\/pt\/wp-json\/wp\/v2\/media\/3496"}],"wp:attachment":[{"href":"https:\/\/jinhuaceramic.com\/pt\/wp-json\/wp\/v2\/media?parent=3494"}],"wp:term":[{"taxonomy":"product_brand","embeddable":true,"href":"https:\/\/jinhuaceramic.com\/pt\/wp-json\/wp\/v2\/product_brand?post=3494"},{"taxonomy":"product_cat","embeddable":true,"href":"https:\/\/jinhuaceramic.com\/pt\/wp-json\/wp\/v2\/product_cat?post=3494"},{"taxonomy":"product_tag","embeddable":true,"href":"https:\/\/jinhuaceramic.com\/pt\/wp-json\/wp\/v2\/product_tag?post=3494"}],"curies":[{"name":"wp","href":"https:\/\/api.w.org\/{rel}","templated":true}]}}