{"id":3503,"date":"2024-04-11T08:32:36","date_gmt":"2024-04-11T08:32:36","guid":{"rendered":"https:\/\/jinhuaceramic.com\/?post_type=product&#038;p=3503"},"modified":"2025-04-21T02:47:23","modified_gmt":"2025-04-21T02:47:23","slug":"exquisite-candle-containers-wholesale","status":"publish","type":"product","link":"https:\/\/jinhuaceramic.com\/pt\/product\/exquisite-candle-containers-wholesale\/","title":{"rendered":"Recipientes de vela de luxo por atacado, frascos de vela vazios requintados a granel"},"content":{"rendered":"<div class=\"wp-block-columns is-layout-flex wp-container-core-columns-is-layout-9d6595d7 wp-block-columns-is-layout-flex\">\n<div class=\"wp-block-column is-layout-flow wp-block-column-is-layout-flow\" style=\"flex-basis:50%\">\n<h3 class=\"wp-block-heading\">Recipientes para velas Premium por atacado Carater\u00edsticas:<\/h3>\n\n\n\n<ul class=\"wp-block-list\">\n<li><strong>Artesanato de cer\u00e2mica requintado:<\/strong> Os materiais cer\u00e2micos de alta qualidade utilizados nos nossos recipientes para velas por atacado s\u00e3o combinados com um artesanato requintado para garantir uma superf\u00edcie suave e delicada, que \u00e9 resistente e dur\u00e1vel em textura e adequada para segurar velas perfumadas.<\/li>\n\n\n\n<li><strong>Estilo de design elegante: <\/strong>A natureza e o design est\u00e9tico moderno com forma e padr\u00e3o \u00fanicos ir\u00e3o adicionar eleg\u00e2ncia e arte \u00e0 sua casa ou espa\u00e7o de escrit\u00f3rio com os nossos frascos de velas vazios a granel.<\/li>\n\n\n\n<li><strong>Ampla aplicabilidade:<\/strong> Os nossos recipientes para velas por atacado s\u00e3o adequados para todos os tipos de fabrico de velas, quer se trate de cera vegetal natural ou de cera sint\u00e9tica, podem ser perfeitamente integrados para libertar uma fragr\u00e2ncia duradoura e pura.<\/li>\n\n\n\n<li><strong>Desconto para compras em massa: <\/strong>Como um fabricante profissional de frascos de velas, a Jinhua fornece frascos de velas vazios altamente competitivos a granel para atender \u00e0s necessidades do varejo comercial, mercado de presentes e fabricantes de velas.<\/li>\n<\/ul>\n<\/div>\n\n\n\n<div class=\"wp-block-column is-layout-flow wp-block-column-is-layout-flow\" style=\"flex-basis:50%\"><div class=\"wp-block-image\">\n<figure class=\"aligncenter size-full\"><img fetchpriority=\"high\" decoding=\"async\" width=\"661\" height=\"661\" src=\"https:\/\/jinhuaceramic.com\/wp-content\/uploads\/2024\/04\/ceramic-manufacturer-custom-canisters-bulk-candle-jars-wholesale-4-5.webp\" alt=\"Recipientes de vela de luxo por atacado, frascos de vela vazios requintados a granel-1\" class=\"wp-image-3507\" srcset=\"https:\/\/jinhuaceramic.com\/wp-content\/uploads\/2024\/04\/ceramic-manufacturer-custom-canisters-bulk-candle-jars-wholesale-4-5.webp 661w, https:\/\/jinhuaceramic.com\/wp-content\/uploads\/2024\/04\/ceramic-manufacturer-custom-canisters-bulk-candle-jars-wholesale-4-5-300x300.webp 300w, https:\/\/jinhuaceramic.com\/wp-content\/uploads\/2024\/04\/ceramic-manufacturer-custom-canisters-bulk-candle-jars-wholesale-4-5-150x150.webp 150w, https:\/\/jinhuaceramic.com\/wp-content\/uploads\/2024\/04\/ceramic-manufacturer-custom-canisters-bulk-candle-jars-wholesale-4-5-285x285.webp 285w, https:\/\/jinhuaceramic.com\/wp-content\/uploads\/2024\/04\/ceramic-manufacturer-custom-canisters-bulk-candle-jars-wholesale-4-5-270x270.webp 270w, https:\/\/jinhuaceramic.com\/wp-content\/uploads\/2024\/04\/ceramic-manufacturer-custom-canisters-bulk-candle-jars-wholesale-4-5-540x540.webp 540w\" sizes=\"(max-width: 661px) 100vw, 661px\" \/><\/figure>\n<\/div><\/div>\n<\/div>","protected":false},"excerpt":{"rendered":"<p>Bem-vindo ao comprar frascos de velas vazios a granel. Nossos requintados recipientes de velas por atacado combinam artesanato requintado e design elegante, que podem ser coordenados com v\u00e1rias decora\u00e7\u00f5es de interiores. Feito de materiais cer\u00e2micos de alta qualidade, \u00e9 dur\u00e1vel e pode transportar velas com seguran\u00e7a. Estamos empenhados em fornecer aos parceiros de neg\u00f3cios as op\u00e7\u00f5es mais econ\u00f3micas.<\/p>","protected":false},"featured_media":3504,"comment_status":"closed","ping_status":"closed","template":"","meta":{"_acf_changed":false},"product_brand":[],"product_cat":[52],"product_tag":[66],"class_list":{"0":"post-3503","1":"product","2":"type-product","3":"status-publish","4":"has-post-thumbnail","6":"product_cat-wholesale-candle-containers","7":"product_tag-candle-jars-wholesale","9":"first","10":"instock","11":"shipping-taxable","12":"product-type-simple"},"acf":[],"_links":{"self":[{"href":"https:\/\/jinhuaceramic.com\/pt\/wp-json\/wp\/v2\/product\/3503","targetHints":{"allow":["GET"]}}],"collection":[{"href":"https:\/\/jinhuaceramic.com\/pt\/wp-json\/wp\/v2\/product"}],"about":[{"href":"https:\/\/jinhuaceramic.com\/pt\/wp-json\/wp\/v2\/types\/product"}],"replies":[{"embeddable":true,"href":"https:\/\/jinhuaceramic.com\/pt\/wp-json\/wp\/v2\/comments?post=3503"}],"version-history":[{"count":0,"href":"https:\/\/jinhuaceramic.com\/pt\/wp-json\/wp\/v2\/product\/3503\/revisions"}],"wp:featuredmedia":[{"embeddable":true,"href":"https:\/\/jinhuaceramic.com\/pt\/wp-json\/wp\/v2\/media\/3504"}],"wp:attachment":[{"href":"https:\/\/jinhuaceramic.com\/pt\/wp-json\/wp\/v2\/media?parent=3503"}],"wp:term":[{"taxonomy":"product_brand","embeddable":true,"href":"https:\/\/jinhuaceramic.com\/pt\/wp-json\/wp\/v2\/product_brand?post=3503"},{"taxonomy":"product_cat","embeddable":true,"href":"https:\/\/jinhuaceramic.com\/pt\/wp-json\/wp\/v2\/product_cat?post=3503"},{"taxonomy":"product_tag","embeddable":true,"href":"https:\/\/jinhuaceramic.com\/pt\/wp-json\/wp\/v2\/product_tag?post=3503"}],"curies":[{"name":"wp","href":"https:\/\/api.w.org\/{rel}","templated":true}]}}