{"id":3512,"date":"2024-04-11T08:48:47","date_gmt":"2024-04-11T08:48:47","guid":{"rendered":"https:\/\/jinhuaceramic.com\/?post_type=product&#038;p=3512"},"modified":"2025-04-21T02:51:30","modified_gmt":"2025-04-21T02:51:30","slug":"factory-supply-bulk-ramekins","status":"publish","type":"product","link":"https:\/\/jinhuaceramic.com\/pt\/product\/factory-supply-bulk-ramekins\/","title":{"rendered":"Ramequins a granel de fornecimento de f\u00e1brica com design bonito para pequenas sobremesas"},"content":{"rendered":"<div class=\"wp-block-columns is-layout-flex wp-container-core-columns-is-layout-9d6595d7 wp-block-columns-is-layout-flex\">\n<div class=\"wp-block-column is-layout-flow wp-block-column-is-layout-flow\" style=\"flex-basis:50%\">\n<h3 class=\"wp-block-heading\">Ramequins Premium a granel Carater\u00edsticas:<\/h3>\n\n\n\n<ul class=\"wp-block-list\">\n<li><strong>Design bonito:<\/strong> Estes ramequins a granel adoptam um design elegante e moderno, cada ramequim \u00e9 uma pequena obra de arte, n\u00e3o s\u00f3 adequada para cozinhar, mas tamb\u00e9m um destaque na mesa de jantar.<\/li>\n\n\n\n<li><strong>Material duradouro: <\/strong>Os nossos ramequins para venda por grosso s\u00e3o feitos de materiais cer\u00e2micos de alta qualidade, resistentes a temperaturas elevadas, dif\u00edceis de partir, f\u00e1ceis de limpar, adequados para utiliza\u00e7\u00e3o repetida e s\u00e3o ideais para cozinhas comerciais e pastelaria dom\u00e9stica.<\/li>\n\n\n\n<li><strong>Vasta gama de aplica\u00e7\u00f5es: <\/strong>Estes ramequins a granel s\u00e3o adequados para fazer uma variedade de sobremesas de pequenas por\u00e7\u00f5es, tais como cupcakes, pudins, geleias e pequenos pratos cozinhados, satisfazendo diversas necessidades culin\u00e1rias.<\/li>\n\n\n\n<li><strong>Fornecimento direto da f\u00e1brica: <\/strong>A nossa cer\u00e2mica para pastelaria \u00e9 fornecida a granel diretamente da f\u00e1brica, garantindo que obt\u00e9m a melhor rela\u00e7\u00e3o custo-efic\u00e1cia enquanto desfruta de um controlo de qualidade est\u00e1vel e de um tempo de entrega r\u00e1pido.<\/li>\n<\/ul>\n<\/div>\n\n\n\n<div class=\"wp-block-column is-layout-flow wp-block-column-is-layout-flow\" style=\"flex-basis:50%\">\n<figure class=\"wp-block-image size-full\"><img fetchpriority=\"high\" decoding=\"async\" width=\"800\" height=\"800\" src=\"https:\/\/jinhuaceramic.com\/wp-content\/uploads\/2024\/04\/ceramic-manufacturer-wholesale-bakeware-custom-baking-cups-baking-ramekin-2.webp\" alt=\"f\u00e1brica-cer\u00e2mica-f\u00e1brica-fornecimento-bulk-ramekins-com-belo-design\" class=\"wp-image-3515\" srcset=\"https:\/\/jinhuaceramic.com\/wp-content\/uploads\/2024\/04\/ceramic-manufacturer-wholesale-bakeware-custom-baking-cups-baking-ramekin-2.webp 800w, https:\/\/jinhuaceramic.com\/wp-content\/uploads\/2024\/04\/ceramic-manufacturer-wholesale-bakeware-custom-baking-cups-baking-ramekin-2-300x300.webp 300w, https:\/\/jinhuaceramic.com\/wp-content\/uploads\/2024\/04\/ceramic-manufacturer-wholesale-bakeware-custom-baking-cups-baking-ramekin-2-150x150.webp 150w, https:\/\/jinhuaceramic.com\/wp-content\/uploads\/2024\/04\/ceramic-manufacturer-wholesale-bakeware-custom-baking-cups-baking-ramekin-2-768x768.webp 768w, https:\/\/jinhuaceramic.com\/wp-content\/uploads\/2024\/04\/ceramic-manufacturer-wholesale-bakeware-custom-baking-cups-baking-ramekin-2-285x285.webp 285w, https:\/\/jinhuaceramic.com\/wp-content\/uploads\/2024\/04\/ceramic-manufacturer-wholesale-bakeware-custom-baking-cups-baking-ramekin-2-270x270.webp 270w, https:\/\/jinhuaceramic.com\/wp-content\/uploads\/2024\/04\/ceramic-manufacturer-wholesale-bakeware-custom-baking-cups-baking-ramekin-2-540x540.webp 540w, https:\/\/jinhuaceramic.com\/wp-content\/uploads\/2024\/04\/ceramic-manufacturer-wholesale-bakeware-custom-baking-cups-baking-ramekin-2-660x660.webp 660w\" sizes=\"(max-width: 800px) 100vw, 800px\" \/><\/figure>\n<\/div>\n<\/div>","protected":false},"excerpt":{"rendered":"<p>Estes ramequins a granel s\u00e3o adequados para confecionar uma variedade de sobremesas de pequenas por\u00e7\u00f5es. O material cer\u00e2mico dur\u00e1vel selecionado tem uma boa resist\u00eancia ao calor e ao impacto, \u00e9 f\u00e1cil de limpar e \u00e9 muito adequado para uma utiliza\u00e7\u00e3o frequente em cozinhas comerciais e na pastelaria dom\u00e9stica.<\/p>","protected":false},"featured_media":3515,"comment_status":"closed","ping_status":"closed","template":"","meta":{"_acf_changed":false},"product_brand":[],"product_cat":[53],"product_tag":[69],"class_list":{"0":"post-3512","1":"product","2":"type-product","3":"status-publish","4":"has-post-thumbnail","6":"product_cat-bakeware-in-bulk","7":"product_tag-bulk-ramekins","9":"first","10":"instock","11":"shipping-taxable","12":"product-type-simple"},"acf":[],"_links":{"self":[{"href":"https:\/\/jinhuaceramic.com\/pt\/wp-json\/wp\/v2\/product\/3512","targetHints":{"allow":["GET"]}}],"collection":[{"href":"https:\/\/jinhuaceramic.com\/pt\/wp-json\/wp\/v2\/product"}],"about":[{"href":"https:\/\/jinhuaceramic.com\/pt\/wp-json\/wp\/v2\/types\/product"}],"replies":[{"embeddable":true,"href":"https:\/\/jinhuaceramic.com\/pt\/wp-json\/wp\/v2\/comments?post=3512"}],"version-history":[{"count":0,"href":"https:\/\/jinhuaceramic.com\/pt\/wp-json\/wp\/v2\/product\/3512\/revisions"}],"wp:featuredmedia":[{"embeddable":true,"href":"https:\/\/jinhuaceramic.com\/pt\/wp-json\/wp\/v2\/media\/3515"}],"wp:attachment":[{"href":"https:\/\/jinhuaceramic.com\/pt\/wp-json\/wp\/v2\/media?parent=3512"}],"wp:term":[{"taxonomy":"product_brand","embeddable":true,"href":"https:\/\/jinhuaceramic.com\/pt\/wp-json\/wp\/v2\/product_brand?post=3512"},{"taxonomy":"product_cat","embeddable":true,"href":"https:\/\/jinhuaceramic.com\/pt\/wp-json\/wp\/v2\/product_cat?post=3512"},{"taxonomy":"product_tag","embeddable":true,"href":"https:\/\/jinhuaceramic.com\/pt\/wp-json\/wp\/v2\/product_tag?post=3512"}],"curies":[{"name":"wp","href":"https:\/\/api.w.org\/{rel}","templated":true}]}}