{"id":3521,"date":"2024-04-11T09:10:45","date_gmt":"2024-04-11T09:10:45","guid":{"rendered":"https:\/\/jinhuaceramic.com\/?post_type=product&#038;p=3521"},"modified":"2025-04-21T02:52:23","modified_gmt":"2025-04-21T02:52:23","slug":"small-baking-dishes-wholesale","status":"publish","type":"product","link":"https:\/\/jinhuaceramic.com\/pt\/product\/small-baking-dishes-wholesale\/","title":{"rendered":"Pratos pequenos para assar em cer\u00e2mica personalizados Ramequins por atacado"},"content":{"rendered":"<div class=\"wp-block-columns is-layout-flex wp-container-core-columns-is-layout-9d6595d7 wp-block-columns-is-layout-flex\">\n<div class=\"wp-block-column is-layout-flow wp-block-column-is-layout-flow\" style=\"flex-basis:50%\">\n<h3 class=\"wp-block-heading\">Pratos para assar Premium Carater\u00edsticas por atacado:<\/h3>\n\n\n\n<ol class=\"wp-block-list\">\n<li>Personaliza\u00e7\u00e3o personalizada: N\u00f3s fornecemos servi\u00e7os de personaliza\u00e7\u00e3o para assadeiras por atacado. Os clientes podem escolher o tamanho, a cor, a forma e o padr\u00e3o de acordo com suas pr\u00f3prias necessidades para criar uma pequena assadeira de cer\u00e2mica exclusiva.<\/li>\n\n\n\n<li>Material de alta qualidade: Feitos de material cer\u00e2mico de alta qualidade, nossos pratos de cer\u00e2mica para assar no atacado garantem resist\u00eancia a altas temperaturas, durabilidade e seguran\u00e7a alimentar, permitindo que os pequenos pratos de cer\u00e2mica sejam cozidos com seguran\u00e7a.<\/li>\n\n\n\n<li>Utiliza\u00e7\u00e3o vers\u00e1til: Os nossos pequenos pratos de pastelaria por atacado a granel n\u00e3o s\u00e3o apenas adequados para sobremesas, mas tamb\u00e9m podem ser usados para fazer pequenos produtos de pastelaria, acompanhamentos, compotas e muito mais para satisfazer uma variedade de necessidades.<\/li>\n\n\n\n<li>Descontos por grosso: Como grossista, oferecemos pre\u00e7os competitivos por grosso para proporcionar maiores margens de lucro ao neg\u00f3cio dos nossos clientes.<\/li>\n<\/ol>\n<\/div>\n\n\n\n<div class=\"wp-block-column is-layout-flow wp-block-column-is-layout-flow\" style=\"flex-basis:50%\">\n<figure class=\"wp-block-image size-full\"><img fetchpriority=\"high\" decoding=\"async\" width=\"1122\" height=\"1122\" src=\"https:\/\/jinhuaceramic.com\/wp-content\/uploads\/2024\/04\/ceramic-manufacturer-wholesale-bakeware-custom-baking-dish-baking-ramekins-2.webp\" alt=\"Pratos de cer\u00e2mica personalizados para cozedura de p\u00e3o pequeno - Venda por grosso - Ramekins\" class=\"wp-image-3525\" srcset=\"https:\/\/jinhuaceramic.com\/wp-content\/uploads\/2024\/04\/ceramic-manufacturer-wholesale-bakeware-custom-baking-dish-baking-ramekins-2.webp 1122w, https:\/\/jinhuaceramic.com\/wp-content\/uploads\/2024\/04\/ceramic-manufacturer-wholesale-bakeware-custom-baking-dish-baking-ramekins-2-300x300.webp 300w, https:\/\/jinhuaceramic.com\/wp-content\/uploads\/2024\/04\/ceramic-manufacturer-wholesale-bakeware-custom-baking-dish-baking-ramekins-2-150x150.webp 150w, https:\/\/jinhuaceramic.com\/wp-content\/uploads\/2024\/04\/ceramic-manufacturer-wholesale-bakeware-custom-baking-dish-baking-ramekins-2-768x768.webp 768w, https:\/\/jinhuaceramic.com\/wp-content\/uploads\/2024\/04\/ceramic-manufacturer-wholesale-bakeware-custom-baking-dish-baking-ramekins-2-285x285.webp 285w, https:\/\/jinhuaceramic.com\/wp-content\/uploads\/2024\/04\/ceramic-manufacturer-wholesale-bakeware-custom-baking-dish-baking-ramekins-2-270x270.webp 270w, https:\/\/jinhuaceramic.com\/wp-content\/uploads\/2024\/04\/ceramic-manufacturer-wholesale-bakeware-custom-baking-dish-baking-ramekins-2-540x540.webp 540w, https:\/\/jinhuaceramic.com\/wp-content\/uploads\/2024\/04\/ceramic-manufacturer-wholesale-bakeware-custom-baking-dish-baking-ramekins-2-660x660.webp 660w\" sizes=\"(max-width: 1122px) 100vw, 1122px\" \/><\/figure>\n<\/div>\n<\/div>","protected":false},"excerpt":{"rendered":"<p>Vendemos por grosso e personalizamos pratos de cer\u00e2mica para pastelaria. Os nossos pequenos pratos de cozedura por atacado podem ser personalizados, utilizam materiais de alta qualidade e t\u00eam utiliza\u00e7\u00f5es polivalentes e descontos por atacado, proporcionando aos clientes a solu\u00e7\u00e3o de cozedura perfeita para os ajudar a concretizar a sua criatividade de cozedura e sucesso empresarial.<\/p>","protected":false},"featured_media":3525,"comment_status":"closed","ping_status":"closed","template":"","meta":{"_acf_changed":false},"product_brand":[],"product_cat":[53],"product_tag":[69],"class_list":{"0":"post-3521","1":"product","2":"type-product","3":"status-publish","4":"has-post-thumbnail","6":"product_cat-bakeware-in-bulk","7":"product_tag-bulk-ramekins","9":"first","10":"instock","11":"shipping-taxable","12":"product-type-simple"},"acf":[],"_links":{"self":[{"href":"https:\/\/jinhuaceramic.com\/pt\/wp-json\/wp\/v2\/product\/3521","targetHints":{"allow":["GET"]}}],"collection":[{"href":"https:\/\/jinhuaceramic.com\/pt\/wp-json\/wp\/v2\/product"}],"about":[{"href":"https:\/\/jinhuaceramic.com\/pt\/wp-json\/wp\/v2\/types\/product"}],"replies":[{"embeddable":true,"href":"https:\/\/jinhuaceramic.com\/pt\/wp-json\/wp\/v2\/comments?post=3521"}],"version-history":[{"count":0,"href":"https:\/\/jinhuaceramic.com\/pt\/wp-json\/wp\/v2\/product\/3521\/revisions"}],"wp:featuredmedia":[{"embeddable":true,"href":"https:\/\/jinhuaceramic.com\/pt\/wp-json\/wp\/v2\/media\/3525"}],"wp:attachment":[{"href":"https:\/\/jinhuaceramic.com\/pt\/wp-json\/wp\/v2\/media?parent=3521"}],"wp:term":[{"taxonomy":"product_brand","embeddable":true,"href":"https:\/\/jinhuaceramic.com\/pt\/wp-json\/wp\/v2\/product_brand?post=3521"},{"taxonomy":"product_cat","embeddable":true,"href":"https:\/\/jinhuaceramic.com\/pt\/wp-json\/wp\/v2\/product_cat?post=3521"},{"taxonomy":"product_tag","embeddable":true,"href":"https:\/\/jinhuaceramic.com\/pt\/wp-json\/wp\/v2\/product_tag?post=3521"}],"curies":[{"name":"wp","href":"https:\/\/api.w.org\/{rel}","templated":true}]}}