{"id":3530,"date":"2024-04-11T09:40:09","date_gmt":"2024-04-11T09:40:09","guid":{"rendered":"https:\/\/jinhuaceramic.com\/?post_type=product&#038;p=3530"},"modified":"2025-04-21T02:53:25","modified_gmt":"2025-04-21T02:53:25","slug":"factory-direct-ceramic-baking-pan","status":"publish","type":"product","link":"https:\/\/jinhuaceramic.com\/pt\/product\/factory-direct-ceramic-baking-pan\/","title":{"rendered":"Panelas de cer\u00e2mica diretas da f\u00e1brica por atacado, panelas personalizadas"},"content":{"rendered":"<div class=\"wp-block-columns is-layout-flex wp-container-core-columns-is-layout-9d6595d7 wp-block-columns-is-layout-flex\">\n<div class=\"wp-block-column is-layout-flow wp-block-column-is-layout-flow\" style=\"flex-basis:50%\">\n<h3 class=\"wp-block-heading\">Panelas de cer\u00e2mica premium Carater\u00edsticas por atacado:<\/h3>\n\n\n\n<ul class=\"wp-block-list\">\n<li><strong>Design vibrante: <\/strong>Estes tabuleiros de cer\u00e2mica para cozer por atacado utilizam um design amarelo brilhante com padr\u00e3o branco. Os tons brilhantes acrescentam vitalidade e divers\u00e3o \u00e0 cozinha e \u00e0 mesa de jantar. \u00c9 a escolha perfeita para cozinhar em casa e exibir em festas. \u00c9 simultaneamente bonita e pr\u00e1tica.<\/li>\n\n\n\n<li><strong>Polivalente: <\/strong>Uma assadeira de uso geral para bolos e sobremesas, legumes e carne assada, esta assadeira personalizada \u00e9 f\u00e1cil de utilizar. Permite aos utilizadores preparar uma infinidade de iguarias alimentares ricas em variedade, adequadas para cozinhas dom\u00e9sticas e comerciais.<\/li>\n\n\n\n<li><strong>Material resistente a altas temperaturas: <\/strong>as nossas formas de cer\u00e2mica de alta qualidade s\u00e3o feitas de material de excelente resist\u00eancia a altas temperaturas, garantindo um aquecimento uniforme no micro-ondas e no forno para ajudar os alimentos a manterem o sabor e a textura perfeitos durante a cozedura.<\/li>\n\n\n\n<li><strong>Suporte \u00e0 personaliza\u00e7\u00e3o para atender \u00e0s necessidades personalizadas: <\/strong>Para al\u00e9m do design brilhante, estes utens\u00edlios de pastelaria personalizados permitem que os clientes os personalizem - escolhendo tamanhos diferentes de acordo com as suas necessidades ou selecionando designs de padr\u00f5es para criar utens\u00edlios de pastelaria \u00fanicos, criando um estilo personalizado para marcas ou cozinhas dom\u00e9sticas.<\/li>\n<\/ul>\n<\/div>\n\n\n\n<div class=\"wp-block-column is-layout-flow wp-block-column-is-layout-flow\" style=\"flex-basis:50%\">\n<figure class=\"wp-block-image size-full\"><img fetchpriority=\"high\" decoding=\"async\" width=\"750\" height=\"750\" src=\"https:\/\/jinhuaceramic.com\/wp-content\/uploads\/2024\/04\/ceramic-manufacturer-wholesale-bakeware-custom-baking-dish-5.webp\" alt=\"Panelas de cer\u00e2mica diretas da f\u00e1brica por atacado, panelas personalizadas-1\" class=\"wp-image-3535\" srcset=\"https:\/\/jinhuaceramic.com\/wp-content\/uploads\/2024\/04\/ceramic-manufacturer-wholesale-bakeware-custom-baking-dish-5.webp 750w, https:\/\/jinhuaceramic.com\/wp-content\/uploads\/2024\/04\/ceramic-manufacturer-wholesale-bakeware-custom-baking-dish-5-300x300.webp 300w, https:\/\/jinhuaceramic.com\/wp-content\/uploads\/2024\/04\/ceramic-manufacturer-wholesale-bakeware-custom-baking-dish-5-150x150.webp 150w, https:\/\/jinhuaceramic.com\/wp-content\/uploads\/2024\/04\/ceramic-manufacturer-wholesale-bakeware-custom-baking-dish-5-285x285.webp 285w, https:\/\/jinhuaceramic.com\/wp-content\/uploads\/2024\/04\/ceramic-manufacturer-wholesale-bakeware-custom-baking-dish-5-270x270.webp 270w, https:\/\/jinhuaceramic.com\/wp-content\/uploads\/2024\/04\/ceramic-manufacturer-wholesale-bakeware-custom-baking-dish-5-540x540.webp 540w, https:\/\/jinhuaceramic.com\/wp-content\/uploads\/2024\/04\/ceramic-manufacturer-wholesale-bakeware-custom-baking-dish-5-660x660.webp 660w\" sizes=\"(max-width: 750px) 100vw, 750px\" \/><\/figure>\n<\/div>\n<\/div>\n\n\n\n<p><\/p>","protected":false},"excerpt":{"rendered":"<p>Bem-vindo \u00e0 compra de pastelaria personalizada. Estas formas de cer\u00e2mica amarela brilhante adaptam-se \u00e0s v\u00e1rias exig\u00eancias da cozinha. A excelente cer\u00e2mica garante um aquecimento homog\u00e9neo no forno e no micro-ondas para a assadeira e permite um design personalizado de acordo com o pedido do cliente. Uma op\u00e7\u00e3o perfeita para cozinhar na sua cozinha e expor na sua mesa.<\/p>","protected":false},"featured_media":3536,"comment_status":"closed","ping_status":"closed","template":"","meta":{"_acf_changed":false},"product_brand":[],"product_cat":[53],"product_tag":[71],"class_list":{"0":"post-3530","1":"product","2":"type-product","3":"status-publish","4":"has-post-thumbnail","6":"product_cat-bakeware-in-bulk","7":"product_tag-wholesale-baking-pans","9":"first","10":"instock","11":"shipping-taxable","12":"product-type-simple"},"acf":[],"_links":{"self":[{"href":"https:\/\/jinhuaceramic.com\/pt\/wp-json\/wp\/v2\/product\/3530","targetHints":{"allow":["GET"]}}],"collection":[{"href":"https:\/\/jinhuaceramic.com\/pt\/wp-json\/wp\/v2\/product"}],"about":[{"href":"https:\/\/jinhuaceramic.com\/pt\/wp-json\/wp\/v2\/types\/product"}],"replies":[{"embeddable":true,"href":"https:\/\/jinhuaceramic.com\/pt\/wp-json\/wp\/v2\/comments?post=3530"}],"version-history":[{"count":0,"href":"https:\/\/jinhuaceramic.com\/pt\/wp-json\/wp\/v2\/product\/3530\/revisions"}],"wp:featuredmedia":[{"embeddable":true,"href":"https:\/\/jinhuaceramic.com\/pt\/wp-json\/wp\/v2\/media\/3536"}],"wp:attachment":[{"href":"https:\/\/jinhuaceramic.com\/pt\/wp-json\/wp\/v2\/media?parent=3530"}],"wp:term":[{"taxonomy":"product_brand","embeddable":true,"href":"https:\/\/jinhuaceramic.com\/pt\/wp-json\/wp\/v2\/product_brand?post=3530"},{"taxonomy":"product_cat","embeddable":true,"href":"https:\/\/jinhuaceramic.com\/pt\/wp-json\/wp\/v2\/product_cat?post=3530"},{"taxonomy":"product_tag","embeddable":true,"href":"https:\/\/jinhuaceramic.com\/pt\/wp-json\/wp\/v2\/product_tag?post=3530"}],"curies":[{"name":"wp","href":"https:\/\/api.w.org\/{rel}","templated":true}]}}