{"id":3539,"date":"2024-04-11T09:54:15","date_gmt":"2024-04-11T09:54:15","guid":{"rendered":"https:\/\/jinhuaceramic.com\/?post_type=product&#038;p=3539"},"modified":"2025-04-21T02:54:22","modified_gmt":"2025-04-21T02:54:22","slug":"wholesale-baking-dish-set","status":"publish","type":"product","link":"https:\/\/jinhuaceramic.com\/pt\/product\/wholesale-baking-dish-set\/","title":{"rendered":"Conjunto de assadeiras por atacado, assadeiras feitas sob medida a granel"},"content":{"rendered":"<div class=\"wp-block-columns is-layout-flex wp-container-core-columns-is-layout-9d6595d7 wp-block-columns-is-layout-flex\">\n<div class=\"wp-block-column is-layout-flow wp-block-column-is-layout-flow\" style=\"flex-basis:50%\">\n<h3 class=\"wp-block-heading\">Conjunto de pratos para assar Premium Wholesale Carater\u00edsticas:<\/h3>\n\n\n\n<ul class=\"wp-block-list\">\n<li><strong>Design elegante: <\/strong>Este conjunto de assadeiras por atacado adopta um elegante fundo azul escuro com requintados padr\u00f5es brancos. N\u00e3o \u00e9 apenas cl\u00e1ssico e bonito, mas tamb\u00e9m adiciona um efeito visual nobre. \u00c9 um destaque na mesa de jantar e na cozinha, o que pode melhorar a experi\u00eancia geral de jantar.<\/li>\n\n\n\n<li><strong>V\u00e1rias op\u00e7\u00f5es de tamanho para satisfazer diferentes necessidades culin\u00e1rias: <\/strong>As nossas formas personalizadas est\u00e3o dispon\u00edveis numa variedade de tamanhos, adequadas para cozer alimentos de diferentes dimens\u00f5es, desde sobremesas a pratos principais. Quer se trate de uma reuni\u00e3o familiar ou de um grande banquete, pode encontrar o tamanho certo para proporcionar mais liberdade de cozedura.<\/li>\n\n\n\n<li><strong>Material cer\u00e2mico de alta qualidade, resist\u00eancia a altas temperaturas e aquecimento uniforme: <\/strong>Este conjunto de assadeiras por atacado \u00e9 feito de material cer\u00e2mico de alta qualidade com excelente resist\u00eancia ao calor. \u00c9 adequado para uma variedade de equipamentos de cozinha, tais como fornos de micro-ondas e fornos para garantir que os alimentos s\u00e3o aquecidos uniformemente durante o processo de cozedura e melhorar o efeito de cozedura.<\/li>\n\n\n\n<li><strong>Servi\u00e7o personalizado para criar um design \u00fanico:<\/strong> Os nossos tabuleiros personalizados permitem que os clientes escolham diferentes tamanhos, padr\u00f5es e detalhes de acordo com as suas necessidades para criar um conjunto \u00fanico de tabuleiros que satisfa\u00e7a as necessidades personalizadas de fam\u00edlias, restaurantes ou marcas.<\/li>\n<\/ul>\n<\/div>\n\n\n\n<div class=\"wp-block-column is-layout-flow wp-block-column-is-layout-flow\" style=\"flex-basis:50%\">\n<figure class=\"wp-block-image size-full\"><img fetchpriority=\"high\" decoding=\"async\" width=\"750\" height=\"750\" src=\"https:\/\/jinhuaceramic.com\/wp-content\/uploads\/2024\/04\/custom-baking-dish-set-wholesale-ceramic-bakeware-1.webp\" alt=\"Conjunto de assadeiras por atacado, assadeiras feitas sob medida Bulk-1\" class=\"wp-image-3540\" srcset=\"https:\/\/jinhuaceramic.com\/wp-content\/uploads\/2024\/04\/custom-baking-dish-set-wholesale-ceramic-bakeware-1.webp 750w, https:\/\/jinhuaceramic.com\/wp-content\/uploads\/2024\/04\/custom-baking-dish-set-wholesale-ceramic-bakeware-1-300x300.webp 300w, https:\/\/jinhuaceramic.com\/wp-content\/uploads\/2024\/04\/custom-baking-dish-set-wholesale-ceramic-bakeware-1-150x150.webp 150w, https:\/\/jinhuaceramic.com\/wp-content\/uploads\/2024\/04\/custom-baking-dish-set-wholesale-ceramic-bakeware-1-285x285.webp 285w, https:\/\/jinhuaceramic.com\/wp-content\/uploads\/2024\/04\/custom-baking-dish-set-wholesale-ceramic-bakeware-1-270x270.webp 270w, https:\/\/jinhuaceramic.com\/wp-content\/uploads\/2024\/04\/custom-baking-dish-set-wholesale-ceramic-bakeware-1-540x540.webp 540w, https:\/\/jinhuaceramic.com\/wp-content\/uploads\/2024\/04\/custom-baking-dish-set-wholesale-ceramic-bakeware-1-660x660.webp 660w\" sizes=\"(max-width: 750px) 100vw, 750px\" \/><\/figure>\n<\/div>\n<\/div>","protected":false},"excerpt":{"rendered":"<p>Bem-vindo ao comprar o conjunto de assadeiras por atacado. Esta elegante assadeira feita \u00e0 medida est\u00e1 decorada com padr\u00f5es requintados e est\u00e1 dispon\u00edvel numa variedade de tamanhos para se adequar a diferentes necessidades culin\u00e1rias. A cer\u00e2mica de alta qualidade garante um aquecimento uniforme, \u00e9 adequada para micro-ondas e forno, suporta o servi\u00e7o de personaliza\u00e7\u00e3o, combina perfeitamente praticidade e beleza e \u00e9 uma escolha ideal para a cozinha e mesa de jantar.<\/p>","protected":false},"featured_media":3544,"comment_status":"closed","ping_status":"closed","template":"","meta":{"_acf_changed":false},"product_brand":[],"product_cat":[53],"product_tag":[71],"class_list":{"0":"post-3539","1":"product","2":"type-product","3":"status-publish","4":"has-post-thumbnail","6":"product_cat-bakeware-in-bulk","7":"product_tag-wholesale-baking-pans","9":"first","10":"instock","11":"shipping-taxable","12":"product-type-simple"},"acf":[],"_links":{"self":[{"href":"https:\/\/jinhuaceramic.com\/pt\/wp-json\/wp\/v2\/product\/3539","targetHints":{"allow":["GET"]}}],"collection":[{"href":"https:\/\/jinhuaceramic.com\/pt\/wp-json\/wp\/v2\/product"}],"about":[{"href":"https:\/\/jinhuaceramic.com\/pt\/wp-json\/wp\/v2\/types\/product"}],"replies":[{"embeddable":true,"href":"https:\/\/jinhuaceramic.com\/pt\/wp-json\/wp\/v2\/comments?post=3539"}],"version-history":[{"count":0,"href":"https:\/\/jinhuaceramic.com\/pt\/wp-json\/wp\/v2\/product\/3539\/revisions"}],"wp:featuredmedia":[{"embeddable":true,"href":"https:\/\/jinhuaceramic.com\/pt\/wp-json\/wp\/v2\/media\/3544"}],"wp:attachment":[{"href":"https:\/\/jinhuaceramic.com\/pt\/wp-json\/wp\/v2\/media?parent=3539"}],"wp:term":[{"taxonomy":"product_brand","embeddable":true,"href":"https:\/\/jinhuaceramic.com\/pt\/wp-json\/wp\/v2\/product_brand?post=3539"},{"taxonomy":"product_cat","embeddable":true,"href":"https:\/\/jinhuaceramic.com\/pt\/wp-json\/wp\/v2\/product_cat?post=3539"},{"taxonomy":"product_tag","embeddable":true,"href":"https:\/\/jinhuaceramic.com\/pt\/wp-json\/wp\/v2\/product_tag?post=3539"}],"curies":[{"name":"wp","href":"https:\/\/api.w.org\/{rel}","templated":true}]}}