{"id":3550,"date":"2024-04-12T00:41:41","date_gmt":"2024-04-12T00:41:41","guid":{"rendered":"https:\/\/jinhuaceramic.com\/?post_type=product&#038;p=3550"},"modified":"2025-04-21T03:01:47","modified_gmt":"2025-04-21T03:01:47","slug":"wholesale-ceramic-bowls-set","status":"publish","type":"product","link":"https:\/\/jinhuaceramic.com\/pt\/product\/wholesale-ceramic-bowls-set\/","title":{"rendered":"Conjunto requintado de tigelas de cer\u00e2mica por atacado, tigelas de sopa a granel"},"content":{"rendered":"<div class=\"wp-block-columns is-layout-flex wp-container-core-columns-is-layout-9d6595d7 wp-block-columns-is-layout-flex\">\n<div class=\"wp-block-column is-layout-flow wp-block-column-is-layout-flow\" style=\"flex-basis:50%\">\n<h3 class=\"wp-block-heading\">Conjunto de ta\u00e7as de cer\u00e2mica premium para revenda Caracter\u00edsticas:<\/h3>\n\n\n\n<ul class=\"wp-block-list\">\n<li><strong>Design cl\u00e1ssico e tons elegantes:<\/strong> O nosso conjunto de ta\u00e7as de cer\u00e2mica por grosso apresenta uma combina\u00e7\u00e3o cl\u00e1ssica de riscas em tons de branco sujo e azul, conferindo \u00e0s ta\u00e7as um estilo simples, mas elegante. As riscas azuis s\u00e3o delicadas e suaves, combinando na perfei\u00e7\u00e3o com o tom branco sujo, adequado para uma variedade de estilos de mesa.<\/li>\n\n\n\n<li><strong>Tr\u00eas tamanhos para diferentes necessidades: <\/strong>Este conjunto de ta\u00e7as de sopa a granel est\u00e1 dispon\u00edvel em tr\u00eas tamanhos para satisfazer as suas diferentes necessidades \u00e0 mesa. Quer seja utilizada como ta\u00e7a de sopa, ta\u00e7a de arroz ou ta\u00e7a de salada, adapta-se com flexibilidade \u00e0s diversas necessidades \u00e0 mesa de fam\u00edlias e restaurantes. Este design multitamanho \u00e9 pr\u00e1tico e, ao mesmo tempo, oferece mais possibilidades na disposi\u00e7\u00e3o da mesa.<\/li>\n\n\n\n<li><strong>Material seguro e dur\u00e1vel: <\/strong>O nosso conjunto de ta\u00e7as de cer\u00e2mica por grosso \u00e9 feito de material cer\u00e2mico de alta qualidade, que \u00e9 firme e dur\u00e1vel. Devido \u00e0 queima a alta temperatura, \u00e9 resistente a rachaduras e ao desgaste. Al\u00e9m disso, o material \u00e9 inofensivo e seguro para o ambiente. Mesmo que as utilize com frequ\u00eancia, elas podem ficar brilhantes e limpas como novas, garantindo a experi\u00eancia gastron\u00f3mica mais saud\u00e1vel.<\/li>\n\n\n\n<li><strong>Fornecimento a granel e servi\u00e7os personalizados: <\/strong>Este conjunto de tigelas de sopa a granel suporta o fornecimento a granel, adequado para a ind\u00fastria de catering e hot\u00e9is. Ao mesmo tempo, oferecemos servi\u00e7os de personaliza\u00e7\u00e3o flex\u00edveis de log\u00f3tipos de marcas e estilos de embalagem que podem ser personalizados para criar produtos \u00fanicos e exclusivos para os clientes e, assim, aumentar o valor da marca.<\/li>\n<\/ul>\n<\/div>\n\n\n\n<div class=\"wp-block-column is-layout-flow wp-block-column-is-layout-flow\" style=\"flex-basis:50%\">\n<figure class=\"wp-block-image size-full\"><img fetchpriority=\"high\" decoding=\"async\" width=\"640\" height=\"640\" src=\"https:\/\/jinhuaceramic.com\/wp-content\/uploads\/2024\/04\/custom-ceramic-bowls-wholesale-tableware-2.webp\" alt=\"exquisite-wholesale-ceramic-bowls-set-3-piece-bowl-set\" class=\"wp-image-3552\" srcset=\"https:\/\/jinhuaceramic.com\/wp-content\/uploads\/2024\/04\/custom-ceramic-bowls-wholesale-tableware-2.webp 640w, https:\/\/jinhuaceramic.com\/wp-content\/uploads\/2024\/04\/custom-ceramic-bowls-wholesale-tableware-2-300x300.webp 300w, https:\/\/jinhuaceramic.com\/wp-content\/uploads\/2024\/04\/custom-ceramic-bowls-wholesale-tableware-2-150x150.webp 150w, https:\/\/jinhuaceramic.com\/wp-content\/uploads\/2024\/04\/custom-ceramic-bowls-wholesale-tableware-2-285x285.webp 285w, https:\/\/jinhuaceramic.com\/wp-content\/uploads\/2024\/04\/custom-ceramic-bowls-wholesale-tableware-2-270x270.webp 270w, https:\/\/jinhuaceramic.com\/wp-content\/uploads\/2024\/04\/custom-ceramic-bowls-wholesale-tableware-2-540x540.webp 540w\" sizes=\"(max-width: 640px) 100vw, 640px\" \/><\/figure>\n<\/div>\n<\/div>","protected":false},"excerpt":{"rendered":"<p>Bem-vindo \u00e0 compra de tigelas de sopa a granel. O nosso conjunto de tigelas de cer\u00e2mica brancas com riscas azuis tem um design elegante e cl\u00e1ssico com textura de alta qualidade. Est\u00e1 dispon\u00edvel em tr\u00eas tamanhos para atender a v\u00e1rias necessidades alimentares.<\/p>","protected":false},"featured_media":3553,"comment_status":"closed","ping_status":"closed","template":"","meta":{"_acf_changed":false},"product_brand":[],"product_cat":[54,85],"product_tag":[78],"class_list":{"0":"post-3550","1":"product","2":"type-product","3":"status-publish","4":"has-post-thumbnail","6":"product_cat-tableware-wholesale","7":"product_cat-wholesale-ceramic-bowls","8":"product_tag-bulk-ceramic-bowls","10":"first","11":"instock","12":"shipping-taxable","13":"product-type-simple"},"acf":[],"_links":{"self":[{"href":"https:\/\/jinhuaceramic.com\/pt\/wp-json\/wp\/v2\/product\/3550","targetHints":{"allow":["GET"]}}],"collection":[{"href":"https:\/\/jinhuaceramic.com\/pt\/wp-json\/wp\/v2\/product"}],"about":[{"href":"https:\/\/jinhuaceramic.com\/pt\/wp-json\/wp\/v2\/types\/product"}],"replies":[{"embeddable":true,"href":"https:\/\/jinhuaceramic.com\/pt\/wp-json\/wp\/v2\/comments?post=3550"}],"version-history":[{"count":0,"href":"https:\/\/jinhuaceramic.com\/pt\/wp-json\/wp\/v2\/product\/3550\/revisions"}],"wp:featuredmedia":[{"embeddable":true,"href":"https:\/\/jinhuaceramic.com\/pt\/wp-json\/wp\/v2\/media\/3553"}],"wp:attachment":[{"href":"https:\/\/jinhuaceramic.com\/pt\/wp-json\/wp\/v2\/media?parent=3550"}],"wp:term":[{"taxonomy":"product_brand","embeddable":true,"href":"https:\/\/jinhuaceramic.com\/pt\/wp-json\/wp\/v2\/product_brand?post=3550"},{"taxonomy":"product_cat","embeddable":true,"href":"https:\/\/jinhuaceramic.com\/pt\/wp-json\/wp\/v2\/product_cat?post=3550"},{"taxonomy":"product_tag","embeddable":true,"href":"https:\/\/jinhuaceramic.com\/pt\/wp-json\/wp\/v2\/product_tag?post=3550"}],"curies":[{"name":"wp","href":"https:\/\/api.w.org\/{rel}","templated":true}]}}