{"id":3558,"date":"2024-04-12T00:57:58","date_gmt":"2024-04-12T00:57:58","guid":{"rendered":"https:\/\/jinhuaceramic.com\/?post_type=product&#038;p=3558"},"modified":"2025-04-21T03:02:39","modified_gmt":"2025-04-21T03:02:39","slug":"wholesale-large-ceramic-bowls","status":"publish","type":"product","link":"https:\/\/jinhuaceramic.com\/pt\/product\/wholesale-large-ceramic-bowls\/","title":{"rendered":"Vasos de cer\u00e2mica grandes por atacado Lou\u00e7a de cer\u00e2mica com design moderno"},"content":{"rendered":"<div class=\"wp-block-columns is-layout-flex wp-container-core-columns-is-layout-9d6595d7 wp-block-columns-is-layout-flex\">\n<div class=\"wp-block-column is-layout-flow wp-block-column-is-layout-flow\" style=\"flex-basis:50%\">\n<h3 class=\"wp-block-heading\">Ta\u00e7as grandes de cer\u00e2mica Premium Carater\u00edsticas:<\/h3>\n\n\n\n<ol class=\"wp-block-list\">\n<li>Capacidade generosa: As nossas ta\u00e7as grandes de cer\u00e2mica foram concebidas para acomodar por\u00e7\u00f5es amplas, o que as torna perfeitas para restaurantes, eventos de catering e entretenimento em casa. O seu interior espa\u00e7oso permite uma utiliza\u00e7\u00e3o vers\u00e1til, desde servir saladas e pratos de massa a expor fruta fresca ou snacks.<\/li>\n\n\n\n<li>Est\u00e9tica contempor\u00e2nea: Com um design moderno, estas ta\u00e7as grandes de cer\u00e2mica d\u00e3o um toque de sofistica\u00e7\u00e3o a qualquer ambiente de mesa. Com linhas elegantes e uma est\u00e9tica minimalista, complementam sem esfor\u00e7o uma vasta gama de estilos culin\u00e1rios e temas de decora\u00e7\u00e3o de interiores, melhorando a experi\u00eancia de jantar tanto para os convidados como para os anfitri\u00f5es.<\/li>\n\n\n\n<li>Alta qualidade: Fabricada a partir de materiais cer\u00e2micos de primeira qualidade, a nossa loi\u00e7a foi constru\u00edda para durar. A constru\u00e7\u00e3o duradoura garante uma durabilidade a longo prazo, resistindo a lascas, riscos e desbotamento, mesmo com utiliza\u00e7\u00e3o frequente em ambientes comerciais.<\/li>\n\n\n\n<li>Funcionalidade vers\u00e1til: Desde jantares casuais a ocasi\u00f5es formais, as nossas ta\u00e7as grandes de cer\u00e2mica oferecem uma funcionalidade vers\u00e1til. Podem ser lavadas no micro-ondas e na m\u00e1quina de lavar loi\u00e7a, proporcionando comodidade para cozinhas atarefadas e limpeza sem esfor\u00e7o.<\/li>\n<\/ol>\n<\/div>\n\n\n\n<div class=\"wp-block-column is-layout-flow wp-block-column-is-layout-flow\" style=\"flex-basis:50%\">\n<figure class=\"wp-block-image size-full\"><img fetchpriority=\"high\" decoding=\"async\" width=\"1200\" height=\"1500\" src=\"https:\/\/jinhuaceramic.com\/wp-content\/uploads\/2024\/04\/wholesale-ceramic-bowls-custom-tableware-2.webp\" alt=\"ta\u00e7as de cer\u00e2mica por atacado-talheres de mesa personalizados-2\" class=\"wp-image-3560\" srcset=\"https:\/\/jinhuaceramic.com\/wp-content\/uploads\/2024\/04\/wholesale-ceramic-bowls-custom-tableware-2.webp 1200w, https:\/\/jinhuaceramic.com\/wp-content\/uploads\/2024\/04\/wholesale-ceramic-bowls-custom-tableware-2-240x300.webp 240w, https:\/\/jinhuaceramic.com\/wp-content\/uploads\/2024\/04\/wholesale-ceramic-bowls-custom-tableware-2-768x960.webp 768w, https:\/\/jinhuaceramic.com\/wp-content\/uploads\/2024\/04\/wholesale-ceramic-bowls-custom-tableware-2-285x356.webp 285w, https:\/\/jinhuaceramic.com\/wp-content\/uploads\/2024\/04\/wholesale-ceramic-bowls-custom-tableware-2-528x660.webp 528w, https:\/\/jinhuaceramic.com\/wp-content\/uploads\/2024\/04\/wholesale-ceramic-bowls-custom-tableware-2-120x150.webp 120w\" sizes=\"(max-width: 1200px) 100vw, 1200px\" \/><\/figure>\n<\/div>\n<\/div>","protected":false},"excerpt":{"rendered":"<p>Bem-vindo \u00e0 compra a granel e \u00e0 personaliza\u00e7\u00e3o de tigelas de cer\u00e2mica de qualquer tamanho. As nossas ta\u00e7as grandes de cer\u00e2mica com um design moderno combinam uma capacidade generosa, uma est\u00e9tica contempor\u00e2nea, uma constru\u00e7\u00e3o de alta qualidade e uma funcionalidade vers\u00e1til, tornando-as a escolha ideal para empresas que procuram solu\u00e7\u00f5es de lou\u00e7a elegantes e fi\u00e1veis.<\/p>","protected":false},"featured_media":3563,"comment_status":"closed","ping_status":"closed","template":"","meta":{"_acf_changed":false},"product_brand":[],"product_cat":[54,85],"product_tag":[78],"class_list":{"0":"post-3558","1":"product","2":"type-product","3":"status-publish","4":"has-post-thumbnail","6":"product_cat-tableware-wholesale","7":"product_cat-wholesale-ceramic-bowls","8":"product_tag-bulk-ceramic-bowls","10":"first","11":"instock","12":"shipping-taxable","13":"product-type-simple"},"acf":[],"_links":{"self":[{"href":"https:\/\/jinhuaceramic.com\/pt\/wp-json\/wp\/v2\/product\/3558","targetHints":{"allow":["GET"]}}],"collection":[{"href":"https:\/\/jinhuaceramic.com\/pt\/wp-json\/wp\/v2\/product"}],"about":[{"href":"https:\/\/jinhuaceramic.com\/pt\/wp-json\/wp\/v2\/types\/product"}],"replies":[{"embeddable":true,"href":"https:\/\/jinhuaceramic.com\/pt\/wp-json\/wp\/v2\/comments?post=3558"}],"version-history":[{"count":0,"href":"https:\/\/jinhuaceramic.com\/pt\/wp-json\/wp\/v2\/product\/3558\/revisions"}],"wp:featuredmedia":[{"embeddable":true,"href":"https:\/\/jinhuaceramic.com\/pt\/wp-json\/wp\/v2\/media\/3563"}],"wp:attachment":[{"href":"https:\/\/jinhuaceramic.com\/pt\/wp-json\/wp\/v2\/media?parent=3558"}],"wp:term":[{"taxonomy":"product_brand","embeddable":true,"href":"https:\/\/jinhuaceramic.com\/pt\/wp-json\/wp\/v2\/product_brand?post=3558"},{"taxonomy":"product_cat","embeddable":true,"href":"https:\/\/jinhuaceramic.com\/pt\/wp-json\/wp\/v2\/product_cat?post=3558"},{"taxonomy":"product_tag","embeddable":true,"href":"https:\/\/jinhuaceramic.com\/pt\/wp-json\/wp\/v2\/product_tag?post=3558"}],"curies":[{"name":"wp","href":"https:\/\/api.w.org\/{rel}","templated":true}]}}