{"id":3567,"date":"2024-04-12T01:07:39","date_gmt":"2024-04-12T01:07:39","guid":{"rendered":"https:\/\/jinhuaceramic.com\/?post_type=product&#038;p=3567"},"modified":"2025-04-21T03:04:57","modified_gmt":"2025-04-21T03:04:57","slug":"custom-ceramic-plates-in-bulk","status":"publish","type":"product","link":"https:\/\/jinhuaceramic.com\/pt\/product\/custom-ceramic-plates-in-bulk\/","title":{"rendered":"Pratos de cer\u00e2mica personalizados a granel, pratos de servir ovais por atacado"},"content":{"rendered":"<div class=\"wp-block-columns is-layout-flex wp-container-core-columns-is-layout-9d6595d7 wp-block-columns-is-layout-flex\">\n<div class=\"wp-block-column is-layout-flow wp-block-column-is-layout-flow\" style=\"flex-basis:50%\">\n<h3 class=\"wp-block-heading\">Placas de cer\u00e2mica premium a granel Carater\u00edsticas:<\/h3>\n\n\n\n<ul class=\"wp-block-list\">\n<li><strong>Design oval com eleg\u00e2ncia: <\/strong>Os nossos pratos ovais de cer\u00e2mica a granel d\u00e3o um toque art\u00edstico \u00e0 mesa de jantar. Este tipo de prato de jantar \u00e9 mais aplic\u00e1vel a pratos principais, pratos de salada ou pratos partilhados.<\/li>\n\n\n\n<li><strong>Utiliza\u00e7\u00e3o de materiais de alta qualidade: <\/strong>Estes pratos de servir por atacado s\u00e3o feitos de cer\u00e2mica de alta qualidade, que s\u00e3o resistentes a altas temperaturas e \u00e0 abras\u00e3o; assim, s\u00e3o bastante dur\u00e1veis para uma utiliza\u00e7\u00e3o prolongada. Al\u00e9m disso, s\u00e3o compat\u00edveis com micro-ondas, fornos e m\u00e1quinas de lavar lou\u00e7a, f\u00e1ceis de limpar.<\/li>\n\n\n\n<li><strong>Aplica\u00e7\u00e3o em v\u00e1rios cen\u00e1rios:<\/strong> Independentemente de serem utilizados em mesas familiares di\u00e1rias, banquetes de neg\u00f3cios ou restaurantes de alta classe, estes pratos de cer\u00e2mica a granel podem satisfazer as exig\u00eancias em diferentes situa\u00e7\u00f5es, praticidade de servi\u00e7o e beleza.<\/li>\n\n\n\n<li><strong>Design \u00fanico e personalizado: <\/strong>Fornecemos servi\u00e7os de personaliza\u00e7\u00e3o para pratos de servir por atacado. Podemos personalizar o tamanho, a cor, o padr\u00e3o e o log\u00f3tipo da marca de acordo com as necessidades do cliente para criar pratos de cer\u00e2mica exclusivos, adequados para restaurantes, hot\u00e9is e personaliza\u00e7\u00e3o de marcas.<\/li>\n<\/ul>\n<\/div>\n\n\n\n<div class=\"wp-block-column is-layout-flow wp-block-column-is-layout-flow\" style=\"flex-basis:50%\">\n<figure class=\"wp-block-image size-full\"><img fetchpriority=\"high\" decoding=\"async\" width=\"1250\" height=\"1500\" src=\"https:\/\/jinhuaceramic.com\/wp-content\/uploads\/2024\/04\/custom-ceramic-plates-wholesale-tableware-6.webp\" alt=\"Pratos de cer\u00e2mica personalizados a granel, pratos de servir ovais por atacado-1\" class=\"wp-image-3574\" srcset=\"https:\/\/jinhuaceramic.com\/wp-content\/uploads\/2024\/04\/custom-ceramic-plates-wholesale-tableware-6.webp 1250w, https:\/\/jinhuaceramic.com\/wp-content\/uploads\/2024\/04\/custom-ceramic-plates-wholesale-tableware-6-250x300.webp 250w, https:\/\/jinhuaceramic.com\/wp-content\/uploads\/2024\/04\/custom-ceramic-plates-wholesale-tableware-6-768x922.webp 768w, https:\/\/jinhuaceramic.com\/wp-content\/uploads\/2024\/04\/custom-ceramic-plates-wholesale-tableware-6-285x342.webp 285w, https:\/\/jinhuaceramic.com\/wp-content\/uploads\/2024\/04\/custom-ceramic-plates-wholesale-tableware-6-550x660.webp 550w, https:\/\/jinhuaceramic.com\/wp-content\/uploads\/2024\/04\/custom-ceramic-plates-wholesale-tableware-6-125x150.webp 125w\" sizes=\"(max-width: 1250px) 100vw, 1250px\" \/><\/figure>\n<\/div>\n<\/div>","protected":false},"excerpt":{"rendered":"<p>Bem-vindo \u00e0 compra de pratos de servir por atacado. Estes pratos ovais de cer\u00e2mica a granel n\u00e3o s\u00e3o apenas elegantes no design, mas tamb\u00e9m podem ser personalizados de acordo com os requisitos. \u00c9 adequado para resid\u00eancias, restaurantes ou locais sofisticados. O material cer\u00e2mico de alta qualidade garante que seja dur\u00e1vel o suficiente para que voc\u00ea possa apresentar os alimentos perfeitamente, tornando o jantar muito mais agrad\u00e1vel.<\/p>","protected":false},"featured_media":3574,"comment_status":"closed","ping_status":"closed","template":"","meta":{"_acf_changed":false},"product_brand":[],"product_cat":[54,84],"product_tag":[77],"class_list":{"0":"post-3567","1":"product","2":"type-product","3":"status-publish","4":"has-post-thumbnail","6":"product_cat-tableware-wholesale","7":"product_cat-wholesale-ceramic-plates","8":"product_tag-bulk-serving-platters","10":"first","11":"instock","12":"shipping-taxable","13":"product-type-simple"},"acf":[],"_links":{"self":[{"href":"https:\/\/jinhuaceramic.com\/pt\/wp-json\/wp\/v2\/product\/3567","targetHints":{"allow":["GET"]}}],"collection":[{"href":"https:\/\/jinhuaceramic.com\/pt\/wp-json\/wp\/v2\/product"}],"about":[{"href":"https:\/\/jinhuaceramic.com\/pt\/wp-json\/wp\/v2\/types\/product"}],"replies":[{"embeddable":true,"href":"https:\/\/jinhuaceramic.com\/pt\/wp-json\/wp\/v2\/comments?post=3567"}],"version-history":[{"count":0,"href":"https:\/\/jinhuaceramic.com\/pt\/wp-json\/wp\/v2\/product\/3567\/revisions"}],"wp:featuredmedia":[{"embeddable":true,"href":"https:\/\/jinhuaceramic.com\/pt\/wp-json\/wp\/v2\/media\/3574"}],"wp:attachment":[{"href":"https:\/\/jinhuaceramic.com\/pt\/wp-json\/wp\/v2\/media?parent=3567"}],"wp:term":[{"taxonomy":"product_brand","embeddable":true,"href":"https:\/\/jinhuaceramic.com\/pt\/wp-json\/wp\/v2\/product_brand?post=3567"},{"taxonomy":"product_cat","embeddable":true,"href":"https:\/\/jinhuaceramic.com\/pt\/wp-json\/wp\/v2\/product_cat?post=3567"},{"taxonomy":"product_tag","embeddable":true,"href":"https:\/\/jinhuaceramic.com\/pt\/wp-json\/wp\/v2\/product_tag?post=3567"}],"curies":[{"name":"wp","href":"https:\/\/api.w.org\/{rel}","templated":true}]}}