{"id":3578,"date":"2024-04-12T01:18:59","date_gmt":"2024-04-12T01:18:59","guid":{"rendered":"https:\/\/jinhuaceramic.com\/?post_type=product&#038;p=3578"},"modified":"2025-04-21T03:09:01","modified_gmt":"2025-04-21T03:09:01","slug":"ceramic-mixing-bowl-set-wholesale","status":"publish","type":"product","link":"https:\/\/jinhuaceramic.com\/pt\/product\/ceramic-mixing-bowl-set-wholesale\/","title":{"rendered":"Conjunto de tigela de mistura de cer\u00e2mica por atacado, tigelas de fornecimento de f\u00e1brica"},"content":{"rendered":"<div class=\"wp-block-columns is-layout-flex wp-container-core-columns-is-layout-9d6595d7 wp-block-columns-is-layout-flex\">\n<div class=\"wp-block-column is-layout-flow wp-block-column-is-layout-flow\" style=\"flex-basis:50%\">\n<h3 class=\"wp-block-heading\">Conjunto de ta\u00e7as de mistura em cer\u00e2mica Premium Carater\u00edsticas:<\/h3>\n\n\n\n<ul class=\"wp-block-list\">\n<li><strong>Alta qualidade: <\/strong>O nosso conjunto de ta\u00e7as misturadoras de cer\u00e2mica \u00e9 fabricado a partir de materiais de alta qualidade, garantindo durabilidade e fiabilidade tanto para cozinheiros profissionais como para cozinheiros dom\u00e9sticos.<\/li>\n\n\n\n<li><strong>Vers\u00e1til: <\/strong>Estas ta\u00e7as para venda por grosso n\u00e3o servem apenas para misturar, s\u00e3o essenciais para a cozinha multifun\u00e7\u00f5es. Desde bater ovos a atirar saladas ou marinar carnes, estas ta\u00e7as podem lidar com uma variedade de tarefas com facilidade.<\/li>\n\n\n\n<li><strong>Conce\u00e7\u00e3o eficiente: <\/strong>Com uma gama de tamanhos inclu\u00edda no nosso conjunto de tigelas de mistura de cer\u00e2mica por atacado, desde pequenas a grandes, estas tigelas de cer\u00e2mica por atacado oferecem versatilidade e conveni\u00eancia. O design de encaixe permite uma arruma\u00e7\u00e3o compacta, poupando espa\u00e7o valioso no arm\u00e1rio, tanto em cozinhas profissionais como em despensas dom\u00e9sticas.<\/li>\n\n\n\n<li><strong>Rent\u00e1vel: <\/strong>Oferecemos pre\u00e7os competitivos por grosso para as nossas ta\u00e7as de cer\u00e2mica por grosso. Ao evitar os intermedi\u00e1rios, transferimos as poupan\u00e7as diretamente para os nossos clientes, tornando estes produtos essenciais de cozinha de alta qualidade acess\u00edveis a empresas de todas as dimens\u00f5es. <\/li>\n<\/ul>\n<\/div>\n\n\n\n<div class=\"wp-block-column is-layout-flow wp-block-column-is-layout-flow\" style=\"flex-basis:50%\">\n<figure class=\"wp-block-image size-full\"><img fetchpriority=\"high\" decoding=\"async\" width=\"640\" height=\"640\" src=\"https:\/\/jinhuaceramic.com\/wp-content\/uploads\/2024\/04\/custom-ceramic-bowls-wholesale-tableware-set-1.webp\" alt=\"ta\u00e7as de cer\u00e2mica personalizadas - venda por grosso - conjunto de ta\u00e7as de mistura de cer\u00e2mica\" class=\"wp-image-3579\" srcset=\"https:\/\/jinhuaceramic.com\/wp-content\/uploads\/2024\/04\/custom-ceramic-bowls-wholesale-tableware-set-1.webp 640w, https:\/\/jinhuaceramic.com\/wp-content\/uploads\/2024\/04\/custom-ceramic-bowls-wholesale-tableware-set-1-300x300.webp 300w, https:\/\/jinhuaceramic.com\/wp-content\/uploads\/2024\/04\/custom-ceramic-bowls-wholesale-tableware-set-1-150x150.webp 150w, https:\/\/jinhuaceramic.com\/wp-content\/uploads\/2024\/04\/custom-ceramic-bowls-wholesale-tableware-set-1-285x285.webp 285w, https:\/\/jinhuaceramic.com\/wp-content\/uploads\/2024\/04\/custom-ceramic-bowls-wholesale-tableware-set-1-270x270.webp 270w, https:\/\/jinhuaceramic.com\/wp-content\/uploads\/2024\/04\/custom-ceramic-bowls-wholesale-tableware-set-1-540x540.webp 540w\" sizes=\"(max-width: 640px) 100vw, 640px\" \/><\/figure>\n<\/div>\n<\/div>","protected":false},"excerpt":{"rendered":"<p>O nosso conjunto de ta\u00e7as misturadoras de cer\u00e2mica por atacado oferece qualidade profissional, funcionalidade vers\u00e1til, design eficiente e pre\u00e7os por atacado econ\u00f3micos. Perfeitas para uma vasta gama de aplica\u00e7\u00f5es culin\u00e1rias, estas ta\u00e7as misturadoras s\u00e3o uma adi\u00e7\u00e3o obrigat\u00f3ria a qualquer invent\u00e1rio de cozinha.<\/p>","protected":false},"featured_media":3582,"comment_status":"closed","ping_status":"closed","template":"","meta":{"_acf_changed":false},"product_brand":[],"product_cat":[54,85],"product_tag":[78],"class_list":{"0":"post-3578","1":"product","2":"type-product","3":"status-publish","4":"has-post-thumbnail","6":"product_cat-tableware-wholesale","7":"product_cat-wholesale-ceramic-bowls","8":"product_tag-bulk-ceramic-bowls","10":"first","11":"instock","12":"shipping-taxable","13":"product-type-simple"},"acf":[],"_links":{"self":[{"href":"https:\/\/jinhuaceramic.com\/pt\/wp-json\/wp\/v2\/product\/3578","targetHints":{"allow":["GET"]}}],"collection":[{"href":"https:\/\/jinhuaceramic.com\/pt\/wp-json\/wp\/v2\/product"}],"about":[{"href":"https:\/\/jinhuaceramic.com\/pt\/wp-json\/wp\/v2\/types\/product"}],"replies":[{"embeddable":true,"href":"https:\/\/jinhuaceramic.com\/pt\/wp-json\/wp\/v2\/comments?post=3578"}],"version-history":[{"count":0,"href":"https:\/\/jinhuaceramic.com\/pt\/wp-json\/wp\/v2\/product\/3578\/revisions"}],"wp:featuredmedia":[{"embeddable":true,"href":"https:\/\/jinhuaceramic.com\/pt\/wp-json\/wp\/v2\/media\/3582"}],"wp:attachment":[{"href":"https:\/\/jinhuaceramic.com\/pt\/wp-json\/wp\/v2\/media?parent=3578"}],"wp:term":[{"taxonomy":"product_brand","embeddable":true,"href":"https:\/\/jinhuaceramic.com\/pt\/wp-json\/wp\/v2\/product_brand?post=3578"},{"taxonomy":"product_cat","embeddable":true,"href":"https:\/\/jinhuaceramic.com\/pt\/wp-json\/wp\/v2\/product_cat?post=3578"},{"taxonomy":"product_tag","embeddable":true,"href":"https:\/\/jinhuaceramic.com\/pt\/wp-json\/wp\/v2\/product_tag?post=3578"}],"curies":[{"name":"wp","href":"https:\/\/api.w.org\/{rel}","templated":true}]}}