{"id":3587,"date":"2024-04-12T01:29:10","date_gmt":"2024-04-12T01:29:10","guid":{"rendered":"https:\/\/jinhuaceramic.com\/?post_type=product&#038;p=3587"},"modified":"2025-04-21T03:11:04","modified_gmt":"2025-04-21T03:11:04","slug":"chinese-noodle-bowls-wholesale","status":"publish","type":"product","link":"https:\/\/jinhuaceramic.com\/pt\/product\/chinese-noodle-bowls-wholesale\/","title":{"rendered":"China Tigelas de macarr\u00e3o por atacado, tigelas de Ramen dur\u00e1veis a granel"},"content":{"rendered":"<div class=\"wp-block-columns is-layout-flex wp-container-core-columns-is-layout-9d6595d7 wp-block-columns-is-layout-flex\">\n<div class=\"wp-block-column is-layout-flow wp-block-column-is-layout-flow\" style=\"flex-basis:50%\">\n<h3 class=\"wp-block-heading\">Tigelas de macarr\u00e3o Premium Carater\u00edsticas por atacado:<\/h3>\n\n\n\n<ul class=\"wp-block-list\">\n<li><strong>Design simples: <\/strong>O estilo de design de nossas tigelas de macarr\u00e3o de cer\u00e2mica por atacado \u00e9 simples e elegante, com foco na combina\u00e7\u00e3o de praticidade e beleza, adequado para uso di\u00e1rio em resid\u00eancias e restaurantes, e em linha com a tend\u00eancia popular de utens\u00edlios de mesa modernos.<\/li>\n\n\n\n<li><strong>Design de grande capacidade: <\/strong>As nossas ta\u00e7as de ramen a granel t\u00eam um corpo profundo e uma grande capacidade, o que \u00e9 especialmente adequado para guardar ramen, massa chinesa, sopas, etc., garantindo que os alimentos n\u00e3o transbordam e proporcionando uma experi\u00eancia gastron\u00f3mica confort\u00e1vel.<\/li>\n\n\n\n<li><strong>Material cer\u00e2mico duradouro: <\/strong>As nossas tigelas de massa de cer\u00e2mica por atacado s\u00e3o feitas de cer\u00e2mica de alta qualidade, que \u00e9 dur\u00e1vel e resistente a altas temperaturas. Podem ser utilizadas tanto em micro-ondas como em m\u00e1quinas de lavar loi\u00e7a, o que \u00e9 conveniente para o uso di\u00e1rio.<\/li>\n\n\n\n<li><strong>Lou\u00e7a multiusos:<\/strong> Para al\u00e9m de serem adequadas para macarr\u00e3o, as nossas ta\u00e7as de ramen a granel tamb\u00e9m s\u00e3o adequadas para arroz, saladas, sopas e outras iguarias, satisfazendo diversas necessidades de refei\u00e7\u00f5es e aumentando o car\u00e1cter pr\u00e1tico da mesa de jantar.<\/li>\n<\/ul>\n<\/div>\n\n\n\n<div class=\"wp-block-column is-layout-flow wp-block-column-is-layout-flow\" style=\"flex-basis:50%\">\n<figure class=\"wp-block-image size-full\"><img fetchpriority=\"high\" decoding=\"async\" width=\"1500\" height=\"1500\" src=\"https:\/\/jinhuaceramic.com\/wp-content\/uploads\/2024\/04\/custom-ceramic-dinner-set-wholesale-tableware-2.webp\" alt=\"Tigelas de macarr\u00e3o chin\u00eas por atacado, tigelas de ramen dur\u00e1veis a granel\" class=\"wp-image-3588\" srcset=\"https:\/\/jinhuaceramic.com\/wp-content\/uploads\/2024\/04\/custom-ceramic-dinner-set-wholesale-tableware-2.webp 1500w, https:\/\/jinhuaceramic.com\/wp-content\/uploads\/2024\/04\/custom-ceramic-dinner-set-wholesale-tableware-2-300x300.webp 300w, https:\/\/jinhuaceramic.com\/wp-content\/uploads\/2024\/04\/custom-ceramic-dinner-set-wholesale-tableware-2-150x150.webp 150w, https:\/\/jinhuaceramic.com\/wp-content\/uploads\/2024\/04\/custom-ceramic-dinner-set-wholesale-tableware-2-768x768.webp 768w, https:\/\/jinhuaceramic.com\/wp-content\/uploads\/2024\/04\/custom-ceramic-dinner-set-wholesale-tableware-2-285x285.webp 285w, https:\/\/jinhuaceramic.com\/wp-content\/uploads\/2024\/04\/custom-ceramic-dinner-set-wholesale-tableware-2-270x270.webp 270w, https:\/\/jinhuaceramic.com\/wp-content\/uploads\/2024\/04\/custom-ceramic-dinner-set-wholesale-tableware-2-540x540.webp 540w, https:\/\/jinhuaceramic.com\/wp-content\/uploads\/2024\/04\/custom-ceramic-dinner-set-wholesale-tableware-2-660x660.webp 660w\" sizes=\"(max-width: 1500px) 100vw, 1500px\" \/><\/figure>\n<\/div>\n<\/div>","protected":false},"excerpt":{"rendered":"<p>Bem-vindo \u00e0 compra de tigelas de macarr\u00e3o a granel. As nossas tigelas de macarr\u00e3o de cer\u00e2mica por atacado com design simples t\u00eam grande capacidade e durabilidade, adequadas para compras em grande escala por casas e restaurantes. Quer sejam usadas para macarr\u00e3o, sopas ou outras iguarias, estas tigelas proporcionam uma combina\u00e7\u00e3o perfeita de praticidade e beleza.<\/p>","protected":false},"featured_media":3589,"comment_status":"closed","ping_status":"closed","template":"","meta":{"_acf_changed":false},"product_brand":[],"product_cat":[54,85],"product_tag":[78],"class_list":{"0":"post-3587","1":"product","2":"type-product","3":"status-publish","4":"has-post-thumbnail","6":"product_cat-tableware-wholesale","7":"product_cat-wholesale-ceramic-bowls","8":"product_tag-bulk-ceramic-bowls","10":"first","11":"instock","12":"shipping-taxable","13":"product-type-simple"},"acf":[],"_links":{"self":[{"href":"https:\/\/jinhuaceramic.com\/pt\/wp-json\/wp\/v2\/product\/3587","targetHints":{"allow":["GET"]}}],"collection":[{"href":"https:\/\/jinhuaceramic.com\/pt\/wp-json\/wp\/v2\/product"}],"about":[{"href":"https:\/\/jinhuaceramic.com\/pt\/wp-json\/wp\/v2\/types\/product"}],"replies":[{"embeddable":true,"href":"https:\/\/jinhuaceramic.com\/pt\/wp-json\/wp\/v2\/comments?post=3587"}],"version-history":[{"count":0,"href":"https:\/\/jinhuaceramic.com\/pt\/wp-json\/wp\/v2\/product\/3587\/revisions"}],"wp:featuredmedia":[{"embeddable":true,"href":"https:\/\/jinhuaceramic.com\/pt\/wp-json\/wp\/v2\/media\/3589"}],"wp:attachment":[{"href":"https:\/\/jinhuaceramic.com\/pt\/wp-json\/wp\/v2\/media?parent=3587"}],"wp:term":[{"taxonomy":"product_brand","embeddable":true,"href":"https:\/\/jinhuaceramic.com\/pt\/wp-json\/wp\/v2\/product_brand?post=3587"},{"taxonomy":"product_cat","embeddable":true,"href":"https:\/\/jinhuaceramic.com\/pt\/wp-json\/wp\/v2\/product_cat?post=3587"},{"taxonomy":"product_tag","embeddable":true,"href":"https:\/\/jinhuaceramic.com\/pt\/wp-json\/wp\/v2\/product_tag?post=3587"}],"curies":[{"name":"wp","href":"https:\/\/api.w.org\/{rel}","templated":true}]}}