{"id":3597,"date":"2024-04-12T01:41:24","date_gmt":"2024-04-12T01:41:24","guid":{"rendered":"https:\/\/jinhuaceramic.com\/?post_type=product&#038;p=3597"},"modified":"2025-04-21T03:12:53","modified_gmt":"2025-04-21T03:12:53","slug":"premium-dinner-plates-bulk","status":"publish","type":"product","link":"https:\/\/jinhuaceramic.com\/pt\/product\/premium-dinner-plates-bulk\/","title":{"rendered":"Pratos de jantar premium a granel, travessas de servir saladas por atacado"},"content":{"rendered":"<div class=\"wp-block-columns is-layout-flex wp-container-core-columns-is-layout-9d6595d7 wp-block-columns-is-layout-flex\">\n<div class=\"wp-block-column is-layout-flow wp-block-column-is-layout-flow\" style=\"flex-basis:50%\">\n<h3 class=\"wp-block-heading\">Pratos de jantar premium a granel Caracter\u00edsticas:<\/h3>\n\n\n\n<ul class=\"wp-block-list\">\n<li><strong>Design sofisticado: <\/strong>Os nossos pratos de jantar por grosso adotam um estilo de design elegante e simples, com uma apar\u00eancia sofisticada, adequado para restaurantes de luxo, hot\u00e9is ou reuni\u00f5es familiares, para real\u00e7ar a beleza da mesa de jantar como um todo.<\/li>\n\n\n\n<li><strong>Utiliza\u00e7\u00e3o multifuncional: <\/strong>Estas travessas para servir por grosso n\u00e3o s\u00e3o apenas aplic\u00e1veis para pratos principais, mas tamb\u00e9m podem ser utilizadas para servir saladas, sobremesas ou snacks, de modo a satisfazer diversas necessidades na restaura\u00e7\u00e3o.<\/li>\n\n\n\n<li><strong>Materiais de alta qualidade: <\/strong>Os nossos pratos de jantar por grosso s\u00e3o de qualidade superior em cer\u00e2mica, resistentes ao calor, s\u00f3lidos e, portanto, n\u00e3o se riscam facilmente; por isso, s\u00e3o adequados para uso frequente e podem ser armazenados por um longo per\u00edodo.<\/li>\n\n\n\n<li><strong>F\u00e1cil de limpar: <\/strong>As travessas para servir por grosso t\u00eam uma superf\u00edcie lisa, anti-manchas e anti-\u00f3leo, s\u00e3o f\u00e1ceis de limpar e adequadas para uso di\u00e1rio. Al\u00e9m disso, podem ser lavadas na m\u00e1quina de lavar lou\u00e7a, poupando tempo e energia.<\/li>\n<\/ul>\n<\/div>\n\n\n\n<div class=\"wp-block-column is-layout-flow wp-block-column-is-layout-flow\" style=\"flex-basis:50%\">\n<figure class=\"wp-block-image size-full\"><img fetchpriority=\"high\" decoding=\"async\" width=\"1125\" height=\"1500\" src=\"https:\/\/jinhuaceramic.com\/wp-content\/uploads\/2024\/04\/custom-ceramic-dishes-wholesale-diner-set-8.webp\" alt=\"pratos de jantar de qualidade superior - a granel - para servir massas e saladas\" class=\"wp-image-3603\" srcset=\"https:\/\/jinhuaceramic.com\/wp-content\/uploads\/2024\/04\/custom-ceramic-dishes-wholesale-diner-set-8.webp 1125w, https:\/\/jinhuaceramic.com\/wp-content\/uploads\/2024\/04\/custom-ceramic-dishes-wholesale-diner-set-8-225x300.webp 225w, https:\/\/jinhuaceramic.com\/wp-content\/uploads\/2024\/04\/custom-ceramic-dishes-wholesale-diner-set-8-768x1024.webp 768w, https:\/\/jinhuaceramic.com\/wp-content\/uploads\/2024\/04\/custom-ceramic-dishes-wholesale-diner-set-8-285x380.webp 285w, https:\/\/jinhuaceramic.com\/wp-content\/uploads\/2024\/04\/custom-ceramic-dishes-wholesale-diner-set-8-495x660.webp 495w, https:\/\/jinhuaceramic.com\/wp-content\/uploads\/2024\/04\/custom-ceramic-dishes-wholesale-diner-set-8-113x150.webp 113w\" sizes=\"(max-width: 1125px) 100vw, 1125px\" \/><\/figure>\n<\/div>\n<\/div>\n\n\n\n<p><\/p>","protected":false},"excerpt":{"rendered":"<p>Bem-vindo \u00e0 compra de travessas para servir por grosso. Os nossos pratos de jantar por grosso n\u00e3o s\u00f3 t\u00eam uma apar\u00eancia elegante e uma textura resistente, como tamb\u00e9m s\u00e3o vers\u00e1teis para pratos principais, saladas ou sobremesas. F\u00e1ceis de limpar, s\u00e3o adequados para compras em grande escala em casa e na ind\u00fastria de catering, ajudando a criar uma experi\u00eancia gastron\u00f3mica requintada.<\/p>","protected":false},"featured_media":3602,"comment_status":"closed","ping_status":"closed","template":"","meta":{"_acf_changed":false},"product_brand":[],"product_cat":[54,84],"product_tag":[76],"class_list":{"0":"post-3597","1":"product","2":"type-product","3":"status-publish","4":"has-post-thumbnail","6":"product_cat-tableware-wholesale","7":"product_cat-wholesale-ceramic-plates","8":"product_tag-dinner-plates-bulk","10":"first","11":"instock","12":"shipping-taxable","13":"product-type-simple"},"acf":[],"_links":{"self":[{"href":"https:\/\/jinhuaceramic.com\/pt\/wp-json\/wp\/v2\/product\/3597","targetHints":{"allow":["GET"]}}],"collection":[{"href":"https:\/\/jinhuaceramic.com\/pt\/wp-json\/wp\/v2\/product"}],"about":[{"href":"https:\/\/jinhuaceramic.com\/pt\/wp-json\/wp\/v2\/types\/product"}],"replies":[{"embeddable":true,"href":"https:\/\/jinhuaceramic.com\/pt\/wp-json\/wp\/v2\/comments?post=3597"}],"version-history":[{"count":0,"href":"https:\/\/jinhuaceramic.com\/pt\/wp-json\/wp\/v2\/product\/3597\/revisions"}],"wp:featuredmedia":[{"embeddable":true,"href":"https:\/\/jinhuaceramic.com\/pt\/wp-json\/wp\/v2\/media\/3602"}],"wp:attachment":[{"href":"https:\/\/jinhuaceramic.com\/pt\/wp-json\/wp\/v2\/media?parent=3597"}],"wp:term":[{"taxonomy":"product_brand","embeddable":true,"href":"https:\/\/jinhuaceramic.com\/pt\/wp-json\/wp\/v2\/product_brand?post=3597"},{"taxonomy":"product_cat","embeddable":true,"href":"https:\/\/jinhuaceramic.com\/pt\/wp-json\/wp\/v2\/product_cat?post=3597"},{"taxonomy":"product_tag","embeddable":true,"href":"https:\/\/jinhuaceramic.com\/pt\/wp-json\/wp\/v2\/product_tag?post=3597"}],"curies":[{"name":"wp","href":"https:\/\/api.w.org\/{rel}","templated":true}]}}