{"id":3608,"date":"2024-04-12T01:59:14","date_gmt":"2024-04-12T01:59:14","guid":{"rendered":"https:\/\/jinhuaceramic.com\/?post_type=product&#038;p=3608"},"modified":"2025-04-21T03:13:36","modified_gmt":"2025-04-21T03:13:36","slug":"wholesale-ceramic-rice-bowls","status":"publish","type":"product","link":"https:\/\/jinhuaceramic.com\/pt\/product\/wholesale-ceramic-rice-bowls\/","title":{"rendered":"Tigelas de arroz de cer\u00e2mica por atacado, tigelas de sopa a granel com padr\u00f5es requintados"},"content":{"rendered":"<div class=\"wp-block-columns is-layout-flex wp-container-core-columns-is-layout-9d6595d7 wp-block-columns-is-layout-flex\">\n<div class=\"wp-block-column is-layout-flow wp-block-column-is-layout-flow\" style=\"flex-basis:50%\">\n<h3 class=\"wp-block-heading\">Tigelas de arroz de cer\u00e2mica por atacado Premium Carater\u00edsticas:<\/h3>\n\n\n\n<ul class=\"wp-block-list\">\n<li><strong>Desenho de padr\u00e3o requintado: <\/strong>A superf\u00edcie das nossas tigelas de arroz de cer\u00e2mica por atacado \u00e9 decorada com padr\u00f5es requintados, que s\u00e3o simples mas elegantes, acrescentando um sentido art\u00edstico \u00e0 experi\u00eancia de jantar, e s\u00e3o muito adequados para ocasi\u00f5es formais e di\u00e1rias.<\/li>\n\n\n\n<li><strong>Cer\u00e2mica branca de alta qualidade: <\/strong>Estas tigelas de sopa a granel s\u00e3o feitas de cer\u00e2mica de alta qualidade cozida a alta temperatura, suave e delicada, de cor branca pura, com boa durabilidade e resist\u00eancia a riscos, adequada para utiliza\u00e7\u00e3o a longo prazo.<\/li>\n\n\n\n<li><strong>Versatilidade: <\/strong>As nossas tigelas de arroz de cer\u00e2mica por atacado n\u00e3o s\u00e3o apenas adequadas para guardar arroz, mas tamb\u00e9m para sopas, saladas, sobremesas e outras iguarias para satisfazer diferentes necessidades de restaura\u00e7\u00e3o.<\/li>\n\n\n\n<li><strong>F\u00e1cil de limpar e duradouro: <\/strong>Estas tigelas de cer\u00e2mica para sopa a granel s\u00e3o resistentes a altas temperaturas, manchas e \u00f3leos, e a superf\u00edcie da tigela \u00e9 lisa e f\u00e1cil de limpar, adequada para uso di\u00e1rio e n\u00e3o se danifica facilmente.<\/li>\n<\/ul>\n<\/div>\n\n\n\n<div class=\"wp-block-column is-layout-flow wp-block-column-is-layout-flow\" style=\"flex-basis:50%\">\n<figure class=\"wp-block-image size-full\"><img fetchpriority=\"high\" decoding=\"async\" width=\"1500\" height=\"1308\" src=\"https:\/\/jinhuaceramic.com\/wp-content\/uploads\/2024\/04\/small-ceramic-bowls-wholesale-7.webp\" alt=\"ta\u00e7as para ratos de cer\u00e2mica pequenas-venda por grosso-7\" class=\"wp-image-3615\" srcset=\"https:\/\/jinhuaceramic.com\/wp-content\/uploads\/2024\/04\/small-ceramic-bowls-wholesale-7.webp 1500w, https:\/\/jinhuaceramic.com\/wp-content\/uploads\/2024\/04\/small-ceramic-bowls-wholesale-7-300x262.webp 300w, https:\/\/jinhuaceramic.com\/wp-content\/uploads\/2024\/04\/small-ceramic-bowls-wholesale-7-768x670.webp 768w, https:\/\/jinhuaceramic.com\/wp-content\/uploads\/2024\/04\/small-ceramic-bowls-wholesale-7-285x249.webp 285w, https:\/\/jinhuaceramic.com\/wp-content\/uploads\/2024\/04\/small-ceramic-bowls-wholesale-7-660x576.webp 660w, https:\/\/jinhuaceramic.com\/wp-content\/uploads\/2024\/04\/small-ceramic-bowls-wholesale-7-150x131.webp 150w\" sizes=\"(max-width: 1500px) 100vw, 1500px\" \/><\/figure>\n<\/div>\n<\/div>","protected":false},"excerpt":{"rendered":"<p>Bem-vindo \u00e0 compra de tigelas de sopa a granel ou tigelas de cer\u00e2mica personalizadas. As nossas tigelas de arroz de cer\u00e2mica por atacado v\u00eam com padr\u00f5es requintados, que s\u00e3o decorativos e pr\u00e1ticos. O material cer\u00e2mico de alta qualidade \u00e9 resistente e dur\u00e1vel, adequado para guardar arroz, sopas, saladas e outros alimentos, f\u00e1cil de limpar, adequado para uso em grande escala em resid\u00eancias e restaurantes.<\/p>","protected":false},"featured_media":3610,"comment_status":"closed","ping_status":"closed","template":"","meta":{"_acf_changed":false},"product_brand":[],"product_cat":[54,85],"product_tag":[78],"class_list":{"0":"post-3608","1":"product","2":"type-product","3":"status-publish","4":"has-post-thumbnail","6":"product_cat-tableware-wholesale","7":"product_cat-wholesale-ceramic-bowls","8":"product_tag-bulk-ceramic-bowls","10":"first","11":"instock","12":"shipping-taxable","13":"product-type-simple"},"acf":[],"_links":{"self":[{"href":"https:\/\/jinhuaceramic.com\/pt\/wp-json\/wp\/v2\/product\/3608","targetHints":{"allow":["GET"]}}],"collection":[{"href":"https:\/\/jinhuaceramic.com\/pt\/wp-json\/wp\/v2\/product"}],"about":[{"href":"https:\/\/jinhuaceramic.com\/pt\/wp-json\/wp\/v2\/types\/product"}],"replies":[{"embeddable":true,"href":"https:\/\/jinhuaceramic.com\/pt\/wp-json\/wp\/v2\/comments?post=3608"}],"version-history":[{"count":0,"href":"https:\/\/jinhuaceramic.com\/pt\/wp-json\/wp\/v2\/product\/3608\/revisions"}],"wp:featuredmedia":[{"embeddable":true,"href":"https:\/\/jinhuaceramic.com\/pt\/wp-json\/wp\/v2\/media\/3610"}],"wp:attachment":[{"href":"https:\/\/jinhuaceramic.com\/pt\/wp-json\/wp\/v2\/media?parent=3608"}],"wp:term":[{"taxonomy":"product_brand","embeddable":true,"href":"https:\/\/jinhuaceramic.com\/pt\/wp-json\/wp\/v2\/product_brand?post=3608"},{"taxonomy":"product_cat","embeddable":true,"href":"https:\/\/jinhuaceramic.com\/pt\/wp-json\/wp\/v2\/product_cat?post=3608"},{"taxonomy":"product_tag","embeddable":true,"href":"https:\/\/jinhuaceramic.com\/pt\/wp-json\/wp\/v2\/product_tag?post=3608"}],"curies":[{"name":"wp","href":"https:\/\/api.w.org\/{rel}","templated":true}]}}