{"id":3618,"date":"2024-04-12T02:12:59","date_gmt":"2024-04-12T02:12:59","guid":{"rendered":"https:\/\/jinhuaceramic.com\/?post_type=product&#038;p=3618"},"modified":"2025-04-21T03:15:14","modified_gmt":"2025-04-21T03:15:14","slug":"wholesale-ceramic-heart-shaped-bowls","status":"publish","type":"product","link":"https:\/\/jinhuaceramic.com\/pt\/product\/wholesale-ceramic-heart-shaped-bowls\/","title":{"rendered":"Ta\u00e7as de cer\u00e2mica em forma de cora\u00e7\u00e3o a granel para fruta e cereais"},"content":{"rendered":"<div class=\"wp-block-columns is-layout-flex wp-container-core-columns-is-layout-9d6595d7 wp-block-columns-is-layout-flex\">\n<div class=\"wp-block-column is-layout-flow wp-block-column-is-layout-flow\" style=\"flex-basis:50%\">\n<h3 class=\"wp-block-heading\">Caracter\u00edsticas das ta\u00e7as em forma de cora\u00e7\u00e3o premium a granel:<\/h3>\n\n\n\n<ul class=\"wp-block-list\">\n<li><strong>Design exclusivo em forma de cora\u00e7\u00e3o: <\/strong>Estas ta\u00e7as em forma de cora\u00e7\u00e3o t\u00eam um design exclusivo, conferindo um ambiente rom\u00e2ntico e acolhedor, e s\u00e3o muito adequadas para uso como ta\u00e7as de frutas ou cereais, adaptando-se a ocasi\u00f5es dom\u00e9sticas ou comerciais.<\/li>\n\n\n\n<li><strong>Resistente e dur\u00e1vel: <\/strong>As nossas ta\u00e7as de cer\u00e2mica por grosso s\u00e3o feitas de cer\u00e2mica de alta qualidade, resistente e dur\u00e1vel, com uma superf\u00edcie lisa e f\u00e1cil de limpar, adequada para uso di\u00e1rio e capaz de manter o seu brilho por muito tempo.<\/li>\n\n\n\n<li><strong>Saud\u00e1vel e ecol\u00f3gico: <\/strong>Estas ta\u00e7as em forma de cora\u00e7\u00e3o s\u00e3o resistentes a altas temperaturas, n\u00e3o t\u00f3xicas e inofensivas, podendo ser utilizadas com seguran\u00e7a para conter uma variedade de alimentos, garantindo uma experi\u00eancia gastron\u00f3mica saud\u00e1vel.<\/li>\n\n\n\n<li><strong>Utiliza\u00e7\u00e3o vers\u00e1til: <\/strong>As nossas ta\u00e7as de cer\u00e2mica por grosso n\u00e3o s\u00e3o apenas adequadas para conter frutas e cereais, mas tamb\u00e9m podem ser utilizadas como ta\u00e7as de salada, ta\u00e7as de sobremesa ou ta\u00e7as decorativas, adequadas para reuni\u00f5es familiares ou restaurantes.<\/li>\n<\/ul>\n<\/div>\n\n\n\n<div class=\"wp-block-column is-layout-flow wp-block-column-is-layout-flow\" style=\"flex-basis:50%\">\n<figure class=\"wp-block-image size-full\"><img fetchpriority=\"high\" decoding=\"async\" width=\"1234\" height=\"1210\" src=\"https:\/\/jinhuaceramic.com\/wp-content\/uploads\/2024\/04\/heart-shaped-bowl-wholesale-ceramic-bowls-bulk-buy-3.webp\" alt=\"tigela em forma de cora\u00e7\u00e3o - venda por grosso de tigelas de cer\u00e2mica - compra a granel - 3\" class=\"wp-image-3622\" srcset=\"https:\/\/jinhuaceramic.com\/wp-content\/uploads\/2024\/04\/heart-shaped-bowl-wholesale-ceramic-bowls-bulk-buy-3.webp 1234w, https:\/\/jinhuaceramic.com\/wp-content\/uploads\/2024\/04\/heart-shaped-bowl-wholesale-ceramic-bowls-bulk-buy-3-300x294.webp 300w, https:\/\/jinhuaceramic.com\/wp-content\/uploads\/2024\/04\/heart-shaped-bowl-wholesale-ceramic-bowls-bulk-buy-3-768x753.webp 768w, https:\/\/jinhuaceramic.com\/wp-content\/uploads\/2024\/04\/heart-shaped-bowl-wholesale-ceramic-bowls-bulk-buy-3-285x279.webp 285w, https:\/\/jinhuaceramic.com\/wp-content\/uploads\/2024\/04\/heart-shaped-bowl-wholesale-ceramic-bowls-bulk-buy-3-660x647.webp 660w, https:\/\/jinhuaceramic.com\/wp-content\/uploads\/2024\/04\/heart-shaped-bowl-wholesale-ceramic-bowls-bulk-buy-3-150x147.webp 150w\" sizes=\"(max-width: 1234px) 100vw, 1234px\" \/><\/figure>\n<\/div>\n<\/div>","protected":false},"excerpt":{"rendered":"<p>Bem-vindo \u00e0 compra de ta\u00e7as de cer\u00e2mica a granel. As nossas ta\u00e7as de cer\u00e2mica em forma de cora\u00e7\u00e3o a granel adotam um design exclusivo e materiais de alta qualidade, que s\u00e3o bonitos e pr\u00e1ticos, adequados para conter uma variedade de alimentos, como frutas, cereais, saladas, etc. S\u00e3o saud\u00e1veis e ecol\u00f3gicas, f\u00e1ceis de limpar e ideais para casas e restaurantes, adicionando um ambiente acolhedor \u00e0 refei\u00e7\u00e3o.<\/p>","protected":false},"featured_media":3619,"comment_status":"closed","ping_status":"closed","template":"","meta":{"_acf_changed":false},"product_brand":[],"product_cat":[54,85],"product_tag":[78],"class_list":{"0":"post-3618","1":"product","2":"type-product","3":"status-publish","4":"has-post-thumbnail","6":"product_cat-tableware-wholesale","7":"product_cat-wholesale-ceramic-bowls","8":"product_tag-bulk-ceramic-bowls","10":"first","11":"instock","12":"shipping-taxable","13":"product-type-simple"},"acf":[],"_links":{"self":[{"href":"https:\/\/jinhuaceramic.com\/pt\/wp-json\/wp\/v2\/product\/3618","targetHints":{"allow":["GET"]}}],"collection":[{"href":"https:\/\/jinhuaceramic.com\/pt\/wp-json\/wp\/v2\/product"}],"about":[{"href":"https:\/\/jinhuaceramic.com\/pt\/wp-json\/wp\/v2\/types\/product"}],"replies":[{"embeddable":true,"href":"https:\/\/jinhuaceramic.com\/pt\/wp-json\/wp\/v2\/comments?post=3618"}],"version-history":[{"count":0,"href":"https:\/\/jinhuaceramic.com\/pt\/wp-json\/wp\/v2\/product\/3618\/revisions"}],"wp:featuredmedia":[{"embeddable":true,"href":"https:\/\/jinhuaceramic.com\/pt\/wp-json\/wp\/v2\/media\/3619"}],"wp:attachment":[{"href":"https:\/\/jinhuaceramic.com\/pt\/wp-json\/wp\/v2\/media?parent=3618"}],"wp:term":[{"taxonomy":"product_brand","embeddable":true,"href":"https:\/\/jinhuaceramic.com\/pt\/wp-json\/wp\/v2\/product_brand?post=3618"},{"taxonomy":"product_cat","embeddable":true,"href":"https:\/\/jinhuaceramic.com\/pt\/wp-json\/wp\/v2\/product_cat?post=3618"},{"taxonomy":"product_tag","embeddable":true,"href":"https:\/\/jinhuaceramic.com\/pt\/wp-json\/wp\/v2\/product_tag?post=3618"}],"curies":[{"name":"wp","href":"https:\/\/api.w.org\/{rel}","templated":true}]}}