{"id":3628,"date":"2024-04-12T02:24:19","date_gmt":"2024-04-12T02:24:19","guid":{"rendered":"https:\/\/jinhuaceramic.com\/?post_type=product&#038;p=3628"},"modified":"2025-04-21T03:16:23","modified_gmt":"2025-04-21T03:16:23","slug":"premium-bulk-ceramic-plates","status":"publish","type":"product","link":"https:\/\/jinhuaceramic.com\/pt\/product\/premium-bulk-ceramic-plates\/","title":{"rendered":"Pratos de cer\u00e2mica requintados a granel, pratos de jantar por atacado com padr\u00e3o de relevo"},"content":{"rendered":"<div class=\"wp-block-columns is-layout-flex wp-container-core-columns-is-layout-9d6595d7 wp-block-columns-is-layout-flex\">\n<div class=\"wp-block-column is-layout-flow wp-block-column-is-layout-flow\" style=\"flex-basis:50%\">\n<h3 class=\"wp-block-heading\">Placas de cer\u00e2mica premium a granel Carater\u00edsticas:<\/h3>\n\n\n\n<ul class=\"wp-block-list\">\n<li><strong>Apresenta\u00e7\u00e3o visual: <\/strong>Os padr\u00f5es em relevo s\u00e3o impressos nos nossos pratos de cer\u00e2mica a granel. Est\u00e1 repleto de sentimento art\u00edstico e a sensa\u00e7\u00e3o estereosc\u00f3pica da textura da loi\u00e7a \u00e9 especial, n\u00e3o s\u00f3 pode aumentar o prazer das refei\u00e7\u00f5es, mas tamb\u00e9m adicionar cores \u00e0 configura\u00e7\u00e3o da mesa e, portanto, adequado para uma variedade de situa\u00e7\u00f5es formais e informais.<\/li>\n\n\n\n<li><strong>Uma variedade de padr\u00f5es em relevo \u00e0 escolha: <\/strong>Quer se trate de padr\u00f5es cl\u00e1ssicos ou de desenhos geom\u00e9tricos modernos, oferecemos-lhe uma variedade de padr\u00f5es para estes pratos de jantar por grosso. Pode personaliz\u00e1-los de acordo com a sua prefer\u00eancia e estilo de mesa, de modo a satisfazer diferentes requisitos est\u00e9ticos.<\/li>\n\n\n\n<li><strong>Dur\u00e1vel e f\u00e1cil de limpar: <\/strong>As nossas placas de cer\u00e2mica a granel s\u00e3o feitas de cer\u00e2mica de alta qualidade, resistindo a altas temperaturas, riscos e desgaste, e permanecem brilhantes e intactas ap\u00f3s a utiliza\u00e7\u00e3o di\u00e1ria. A superf\u00edcie do prato \u00e9 lisa e resistente a manchas. A limpeza \u00e9 f\u00e1cil e segura na m\u00e1quina de lavar loi\u00e7a.<\/li>\n\n\n\n<li><strong>Adequado para diferentes equipamentos de cozinha: <\/strong>Estes pratos de jantar por atacado s\u00e3o fabricados a partir de mat\u00e9ria-prima cer\u00e2mica ecol\u00f3gica, n\u00e3o t\u00f3xica e saud\u00e1vel. Al\u00e9m disso, podem ser utilizados num forno de micro-ondas, forno, frigor\u00edfico e outros. Podem servir os objectivos pr\u00e1ticos de satisfazer as suas necessidades culin\u00e1rias de muitas maneiras, criando assim ambientes mais convenientes para a sua fam\u00edlia ou ambientes comerciais.<\/li>\n<\/ul>\n<\/div>\n\n\n\n<div class=\"wp-block-column is-layout-flow wp-block-column-is-layout-flow\" style=\"flex-basis:50%\">\n<figure class=\"wp-block-image size-full\"><img fetchpriority=\"high\" decoding=\"async\" width=\"1500\" height=\"1144\" src=\"https:\/\/jinhuaceramic.com\/wp-content\/uploads\/2024\/04\/bulk-ceramic-plates-with-pattens-wholesale-tableware-6.webp\" alt=\"placas de cer\u00e2mica de qualidade superior com padr\u00e3o de relevo requintado\" class=\"wp-image-3632\" srcset=\"https:\/\/jinhuaceramic.com\/wp-content\/uploads\/2024\/04\/bulk-ceramic-plates-with-pattens-wholesale-tableware-6.webp 1500w, https:\/\/jinhuaceramic.com\/wp-content\/uploads\/2024\/04\/bulk-ceramic-plates-with-pattens-wholesale-tableware-6-300x229.webp 300w, https:\/\/jinhuaceramic.com\/wp-content\/uploads\/2024\/04\/bulk-ceramic-plates-with-pattens-wholesale-tableware-6-768x586.webp 768w, https:\/\/jinhuaceramic.com\/wp-content\/uploads\/2024\/04\/bulk-ceramic-plates-with-pattens-wholesale-tableware-6-285x217.webp 285w, https:\/\/jinhuaceramic.com\/wp-content\/uploads\/2024\/04\/bulk-ceramic-plates-with-pattens-wholesale-tableware-6-660x503.webp 660w, https:\/\/jinhuaceramic.com\/wp-content\/uploads\/2024\/04\/bulk-ceramic-plates-with-pattens-wholesale-tableware-6-150x114.webp 150w\" sizes=\"(max-width: 1500px) 100vw, 1500px\" \/><\/figure>\n<\/div>\n<\/div>","protected":false},"excerpt":{"rendered":"<p>Bem-vindo \u00e0 compra de pratos de jantar por atacado. Com padr\u00f5es em relevo de excelente gosto, os nossos pratos de cer\u00e2mica a granel utilizam material cer\u00e2mico sem chumbo de primeira qualidade e, portanto, \u00e9 um produto de mesa absolutamente pragm\u00e1tico, destacando o gosto da moda. Estes pratos t\u00eam uma vida \u00fatil longa e podem ser lavados com seguran\u00e7a no micro-ondas ou na m\u00e1quina de lavar loi\u00e7a.<\/p>","protected":false},"featured_media":3629,"comment_status":"closed","ping_status":"closed","template":"","meta":{"_acf_changed":false},"product_brand":[],"product_cat":[54,84],"product_tag":[76],"class_list":{"0":"post-3628","1":"product","2":"type-product","3":"status-publish","4":"has-post-thumbnail","6":"product_cat-tableware-wholesale","7":"product_cat-wholesale-ceramic-plates","8":"product_tag-dinner-plates-bulk","10":"first","11":"instock","12":"shipping-taxable","13":"product-type-simple"},"acf":[],"_links":{"self":[{"href":"https:\/\/jinhuaceramic.com\/pt\/wp-json\/wp\/v2\/product\/3628","targetHints":{"allow":["GET"]}}],"collection":[{"href":"https:\/\/jinhuaceramic.com\/pt\/wp-json\/wp\/v2\/product"}],"about":[{"href":"https:\/\/jinhuaceramic.com\/pt\/wp-json\/wp\/v2\/types\/product"}],"replies":[{"embeddable":true,"href":"https:\/\/jinhuaceramic.com\/pt\/wp-json\/wp\/v2\/comments?post=3628"}],"version-history":[{"count":0,"href":"https:\/\/jinhuaceramic.com\/pt\/wp-json\/wp\/v2\/product\/3628\/revisions"}],"wp:featuredmedia":[{"embeddable":true,"href":"https:\/\/jinhuaceramic.com\/pt\/wp-json\/wp\/v2\/media\/3629"}],"wp:attachment":[{"href":"https:\/\/jinhuaceramic.com\/pt\/wp-json\/wp\/v2\/media?parent=3628"}],"wp:term":[{"taxonomy":"product_brand","embeddable":true,"href":"https:\/\/jinhuaceramic.com\/pt\/wp-json\/wp\/v2\/product_brand?post=3628"},{"taxonomy":"product_cat","embeddable":true,"href":"https:\/\/jinhuaceramic.com\/pt\/wp-json\/wp\/v2\/product_cat?post=3628"},{"taxonomy":"product_tag","embeddable":true,"href":"https:\/\/jinhuaceramic.com\/pt\/wp-json\/wp\/v2\/product_tag?post=3628"}],"curies":[{"name":"wp","href":"https:\/\/api.w.org\/{rel}","templated":true}]}}