{"id":3637,"date":"2024-04-12T02:35:46","date_gmt":"2024-04-12T02:35:46","guid":{"rendered":"https:\/\/jinhuaceramic.com\/?post_type=product&#038;p=3637"},"modified":"2025-04-21T03:17:31","modified_gmt":"2025-04-21T03:17:31","slug":"wholesale-fancy-ceramic-plates","status":"publish","type":"product","link":"https:\/\/jinhuaceramic.com\/pt\/product\/wholesale-fancy-ceramic-plates\/","title":{"rendered":"Pratos de cer\u00e2mica por atacado de qualidade superior, pratos de jantar de fantasia a granel"},"content":{"rendered":"<div class=\"wp-block-columns is-layout-flex wp-container-core-columns-is-layout-9d6595d7 wp-block-columns-is-layout-flex\">\n<div class=\"wp-block-column is-layout-flow wp-block-column-is-layout-flow\" style=\"flex-basis:50%\">\n<h3 class=\"wp-block-heading\">Placas de cer\u00e2mica Premium Wholesale Carater\u00edsticas:<\/h3>\n\n\n\n<ul class=\"wp-block-list\">\n<li><strong>Noval French Design:<\/strong> Elegantes e sofisticados, os nossos pratos de cer\u00e2mica por atacado com um design franc\u00eas d\u00e3o classe a qualquer ocasi\u00e3o de jantar. Desde as linhas simples e diretas e a ligeira subtileza da curva at\u00e9 ao apelo geral intemporal, este prato eleva as refei\u00e7\u00f5es ao pr\u00f3ximo n\u00edvel de apresenta\u00e7\u00e3o, perfeito para restaurantes de luxo, bistr\u00f4s e estabelecimentos de refei\u00e7\u00f5es requintadas.<\/li>\n\n\n\n<li><strong>Funcionalidade vers\u00e1til:<\/strong> Apesar do seu aspeto elegante, estes pratos de jantar a granel foram concebidos de forma pr\u00e1tica para uma utiliza\u00e7\u00e3o vers\u00e1til. Servem para qualquer prato - aperitivos ou saladas, pratos principais e sobremesas.<\/li>\n\n\n\n<li><strong>Constru\u00e7\u00e3o de qualidade: <\/strong>Fabricadas a partir dos melhores materiais cer\u00e2micos, as nossas placas de cer\u00e2mica para venda por grosso foram concebidas para resistir \u00e0s elevadas exig\u00eancias impostas pela utiliza\u00e7\u00e3o comercial. A constru\u00e7\u00e3o dur\u00e1vel resiste a lascas e riscos e n\u00e3o se desvanece com o tempo devido \u00e0 utiliza\u00e7\u00e3o intensiva em ambientes de servi\u00e7o alimentar ativo.<\/li>\n\n\n\n<li><strong>Pre\u00e7os por grosso a granel:<\/strong> Como fabricante grossista de lou\u00e7a de jantar, oferecemos pre\u00e7os altamente competitivos nos nossos pratos de jantar a granel quando comprados em grandes quantidades.<\/li>\n<\/ul>\n<\/div>\n\n\n\n<div class=\"wp-block-column is-layout-flow wp-block-column-is-layout-flow\" style=\"flex-basis:50%\">\n<figure class=\"wp-block-image size-full\"><img fetchpriority=\"high\" decoding=\"async\" width=\"1000\" height=\"1500\" src=\"https:\/\/jinhuaceramic.com\/wp-content\/uploads\/2024\/04\/custom-ceramic-dishes-ceramic-plate-wholesale-tableware-2.webp\" alt=\"Pratos de cer\u00e2mica de fantasia por atacado, pratos de jantar a granel com design simples franc\u00eas-1\" class=\"wp-image-3640\" srcset=\"https:\/\/jinhuaceramic.com\/wp-content\/uploads\/2024\/04\/custom-ceramic-dishes-ceramic-plate-wholesale-tableware-2.webp 1000w, https:\/\/jinhuaceramic.com\/wp-content\/uploads\/2024\/04\/custom-ceramic-dishes-ceramic-plate-wholesale-tableware-2-200x300.webp 200w, https:\/\/jinhuaceramic.com\/wp-content\/uploads\/2024\/04\/custom-ceramic-dishes-ceramic-plate-wholesale-tableware-2-768x1152.webp 768w, https:\/\/jinhuaceramic.com\/wp-content\/uploads\/2024\/04\/custom-ceramic-dishes-ceramic-plate-wholesale-tableware-2-285x428.webp 285w, https:\/\/jinhuaceramic.com\/wp-content\/uploads\/2024\/04\/custom-ceramic-dishes-ceramic-plate-wholesale-tableware-2-440x660.webp 440w, https:\/\/jinhuaceramic.com\/wp-content\/uploads\/2024\/04\/custom-ceramic-dishes-ceramic-plate-wholesale-tableware-2-100x150.webp 100w\" sizes=\"(max-width: 1000px) 100vw, 1000px\" \/><\/figure>\n<\/div>\n<\/div>","protected":false},"excerpt":{"rendered":"<p>Bem-vindo \u00e0 compra de pratos de jantar a granel. Os nossos pratos de cer\u00e2mica franceses minimalistas por atacado s\u00e3o elegantes e modernos para a maioria das cenas de mesa de jantar. Material cer\u00e2mico de alta qualidade, resistente e dur\u00e1vel, textura fina com v\u00e1rios tipos. Design saud\u00e1vel e sem chumbo para forno de micro-ondas ou m\u00e1quina de lavar lou\u00e7a, \u00e9 uma escolha de lou\u00e7a de alta qualidade que serve tanto beleza quanto praticidade.<\/p>","protected":false},"featured_media":3639,"comment_status":"closed","ping_status":"closed","template":"","meta":{"_acf_changed":false},"product_brand":[],"product_cat":[54,84],"product_tag":[76],"class_list":{"0":"post-3637","1":"product","2":"type-product","3":"status-publish","4":"has-post-thumbnail","6":"product_cat-tableware-wholesale","7":"product_cat-wholesale-ceramic-plates","8":"product_tag-dinner-plates-bulk","10":"first","11":"instock","12":"shipping-taxable","13":"product-type-simple"},"acf":[],"_links":{"self":[{"href":"https:\/\/jinhuaceramic.com\/pt\/wp-json\/wp\/v2\/product\/3637","targetHints":{"allow":["GET"]}}],"collection":[{"href":"https:\/\/jinhuaceramic.com\/pt\/wp-json\/wp\/v2\/product"}],"about":[{"href":"https:\/\/jinhuaceramic.com\/pt\/wp-json\/wp\/v2\/types\/product"}],"replies":[{"embeddable":true,"href":"https:\/\/jinhuaceramic.com\/pt\/wp-json\/wp\/v2\/comments?post=3637"}],"version-history":[{"count":0,"href":"https:\/\/jinhuaceramic.com\/pt\/wp-json\/wp\/v2\/product\/3637\/revisions"}],"wp:featuredmedia":[{"embeddable":true,"href":"https:\/\/jinhuaceramic.com\/pt\/wp-json\/wp\/v2\/media\/3639"}],"wp:attachment":[{"href":"https:\/\/jinhuaceramic.com\/pt\/wp-json\/wp\/v2\/media?parent=3637"}],"wp:term":[{"taxonomy":"product_brand","embeddable":true,"href":"https:\/\/jinhuaceramic.com\/pt\/wp-json\/wp\/v2\/product_brand?post=3637"},{"taxonomy":"product_cat","embeddable":true,"href":"https:\/\/jinhuaceramic.com\/pt\/wp-json\/wp\/v2\/product_cat?post=3637"},{"taxonomy":"product_tag","embeddable":true,"href":"https:\/\/jinhuaceramic.com\/pt\/wp-json\/wp\/v2\/product_tag?post=3637"}],"curies":[{"name":"wp","href":"https:\/\/api.w.org\/{rel}","templated":true}]}}