{"id":4585,"date":"2024-04-30T08:06:21","date_gmt":"2024-04-30T08:06:21","guid":{"rendered":"https:\/\/jinhuaceramic.com\/?post_type=product&#038;p=4585"},"modified":"2026-02-05T03:22:38","modified_gmt":"2026-02-05T03:22:38","slug":"ceramic-custom-bathroom-sets-in-bulk","status":"publish","type":"product","link":"https:\/\/jinhuaceramic.com\/pt\/product\/ceramic-custom-bathroom-sets-in-bulk\/","title":{"rendered":"Conjuntos de casa de banho personalizados a granel, Acess\u00f3rios de casa de banho para hot\u00e9is"},"content":{"rendered":"<div class=\"wp-block-columns is-layout-flex wp-container-core-columns-is-layout-9d6595d7 wp-block-columns-is-layout-flex\">\n<div class=\"wp-block-column is-layout-flow wp-block-column-is-layout-flow\">\n<h3 class=\"wp-block-heading\">Conjuntos de casa de banho personalizados Premium a granel Carater\u00edsticas:<\/h3>\n\n\n\n<ul class=\"wp-block-list\">\n<li><strong>Design de riscas verdes frescas, elegante e bonito: <\/strong>Estes conjuntos de casa de banho personalizados a granel adoptam um design de riscas verdes frescas, que \u00e9 simultaneamente moderno e vibrante, acrescentando um toque de cor natural ao espa\u00e7o da casa de banho, adequado \u00e0s necessidades de decora\u00e7\u00e3o da moda de casas e hot\u00e9is.<\/li>\n\n\n\n<li><strong>Design personalizado, real\u00e7ando a personalidade da marca:<\/strong> Estes acess\u00f3rios de banho por atacado est\u00e3o dispon\u00edveis para servi\u00e7os de personaliza\u00e7\u00e3o, pode selecionar cores, padr\u00f5es de riscas e o LOGOTIPO da sua marca, etc., para aplicar solu\u00e7\u00f5es de personaliza\u00e7\u00e3o exclusivas para hot\u00e9is ou resid\u00eancias de luxo, para melhorar a imagem da sua marca e a experi\u00eancia do utilizador.<\/li>\n\n\n\n<li><strong>Um conjunto completo de acess\u00f3rios pr\u00e1ticos com fun\u00e7\u00f5es completas:<\/strong> Estes conjuntos de casa de banho personalizados a granel incluem dispensadores de sab\u00e3o, copos para escovas de dentes, saboneteiras, etc., que satisfazem perfeitamente as necessidades di\u00e1rias da casa de banho. S\u00e3o simultaneamente pr\u00e1ticos e decorativos, mantendo a casa de banho limpa e arrumada.<\/li>\n\n\n\n<li><strong>Cer\u00e2mica de alta qualidade, resistente e f\u00e1cil de limpar:<\/strong> Os nossos acess\u00f3rios de banho por atacado s\u00e3o feitos de material cer\u00e2mico de alta qualidade, s\u00e3o fortes em for\u00e7a e resistentes a manchas. Al\u00e9m disso, este design de tira n\u00e3o \u00e9 apenas bonito, mas tamb\u00e9m proporciona um toque confort\u00e1vel todos os dias e \u00e9 f\u00e1cil de limpar, garantindo uma beleza duradoura.<\/li>\n\n\n\n<li><strong>Capacidade de fornecimento est\u00e1vel a granel: <\/strong>Fornecimento direto da f\u00e1brica por grosso com um prazo de produ\u00e7\u00e3o est\u00e1vel, apoiando a aquisi\u00e7\u00e3o de grandes volumes para projectos de engenharia e cadeias de neg\u00f3cios.<\/li>\n<\/ul>\n<\/div>\n\n\n\n<div class=\"wp-block-column is-layout-flow wp-block-column-is-layout-flow\">\n<figure class=\"wp-block-image size-full\"><img fetchpriority=\"high\" decoding=\"async\" width=\"666\" height=\"674\" src=\"https:\/\/jinhuaceramic.com\/wp-content\/uploads\/2024\/04\/ceramic-bathroom-set.webp\" alt=\"Conjuntos de casa de banho personalizados a granel, os melhores acess\u00f3rios de casa de banho por grosso para hot\u00e9is e resid\u00eancias-1\" class=\"wp-image-4592\" srcset=\"https:\/\/jinhuaceramic.com\/wp-content\/uploads\/2024\/04\/ceramic-bathroom-set.webp 666w, https:\/\/jinhuaceramic.com\/wp-content\/uploads\/2024\/04\/ceramic-bathroom-set-296x300.webp 296w, https:\/\/jinhuaceramic.com\/wp-content\/uploads\/2024\/04\/ceramic-bathroom-set-285x288.webp 285w, https:\/\/jinhuaceramic.com\/wp-content\/uploads\/2024\/04\/ceramic-bathroom-set-652x660.webp 652w, https:\/\/jinhuaceramic.com\/wp-content\/uploads\/2024\/04\/ceramic-bathroom-set-148x150.webp 148w\" sizes=\"(max-width: 666px) 100vw, 666px\" \/><\/figure>\n<\/div>\n<\/div>","protected":false},"excerpt":{"rendered":"<p>Bem-vindo \u00e0 compra de acess\u00f3rios de banho por grosso. Este conjunto de casa de banho personalizado com riscas verdes a granel combina design moderno e fun\u00e7\u00f5es pr\u00e1ticas, adequado para uso em hot\u00e9is e em casa. Ele suporta servi\u00e7os personalizados e fornece uma combina\u00e7\u00e3o de materiais cer\u00e2micos de alta qualidade e acess\u00f3rios multifuncionais que s\u00e3o bonitos e dur\u00e1veis.<\/p>\n<p>&nbsp;<\/p>\n<p>&nbsp;<\/p>","protected":false},"featured_media":4592,"comment_status":"closed","ping_status":"closed","template":"","meta":{"_acf_changed":false},"product_brand":[],"product_cat":[51],"product_tag":[74],"class_list":{"0":"post-4585","1":"product","2":"type-product","3":"status-publish","4":"has-post-thumbnail","6":"product_cat-bathroom-accessories-wholesale","7":"product_tag-ceramic-bath-accessories-wholesale","9":"first","10":"instock","11":"shipping-taxable","12":"product-type-simple"},"acf":[],"_links":{"self":[{"href":"https:\/\/jinhuaceramic.com\/pt\/wp-json\/wp\/v2\/product\/4585","targetHints":{"allow":["GET"]}}],"collection":[{"href":"https:\/\/jinhuaceramic.com\/pt\/wp-json\/wp\/v2\/product"}],"about":[{"href":"https:\/\/jinhuaceramic.com\/pt\/wp-json\/wp\/v2\/types\/product"}],"replies":[{"embeddable":true,"href":"https:\/\/jinhuaceramic.com\/pt\/wp-json\/wp\/v2\/comments?post=4585"}],"version-history":[{"count":0,"href":"https:\/\/jinhuaceramic.com\/pt\/wp-json\/wp\/v2\/product\/4585\/revisions"}],"wp:featuredmedia":[{"embeddable":true,"href":"https:\/\/jinhuaceramic.com\/pt\/wp-json\/wp\/v2\/media\/4592"}],"wp:attachment":[{"href":"https:\/\/jinhuaceramic.com\/pt\/wp-json\/wp\/v2\/media?parent=4585"}],"wp:term":[{"taxonomy":"product_brand","embeddable":true,"href":"https:\/\/jinhuaceramic.com\/pt\/wp-json\/wp\/v2\/product_brand?post=4585"},{"taxonomy":"product_cat","embeddable":true,"href":"https:\/\/jinhuaceramic.com\/pt\/wp-json\/wp\/v2\/product_cat?post=4585"},{"taxonomy":"product_tag","embeddable":true,"href":"https:\/\/jinhuaceramic.com\/pt\/wp-json\/wp\/v2\/product_tag?post=4585"}],"curies":[{"name":"wp","href":"https:\/\/api.w.org\/{rel}","templated":true}]}}