{"id":4645,"date":"2024-05-09T01:06:23","date_gmt":"2024-05-09T01:06:23","guid":{"rendered":"https:\/\/jinhuaceramic.com\/?post_type=product&#038;p=4645"},"modified":"2025-04-21T03:19:50","modified_gmt":"2025-04-21T03:19:50","slug":"custom-ceramic-candle-jars-with-lids","status":"publish","type":"product","link":"https:\/\/jinhuaceramic.com\/pt\/product\/custom-ceramic-candle-jars-with-lids\/","title":{"rendered":"Frascos de vela de cer\u00e2mica personalizados com tampa, recipientes de vela a granel para fabrico de velas"},"content":{"rendered":"<div class=\"wp-block-columns is-layout-flex wp-container-core-columns-is-layout-9d6595d7 wp-block-columns-is-layout-flex\">\n<div class=\"wp-block-column is-layout-flow wp-block-column-is-layout-flow\">\n<h3 class=\"wp-block-heading\">Frascos de vela de cer\u00e2mica personalizados premium com tampa Carater\u00edsticas:<\/h3>\n\n\n\n<ul class=\"wp-block-list\">\n<li><strong>Design requintado: <\/strong>Estes frascos para velas em cer\u00e2mica personalizados com tampa s\u00e3o o recipiente perfeito para fazer velas. A tampa de cer\u00e2mica e o design \u00fanico, o aspeto suave, simples e moderno, podem ser utilizados como decora\u00e7\u00e3o elegante da casa.<\/li>\n\n\n\n<li><strong>Material de alta qualidade: <\/strong>Estes recipientes para velas a granel s\u00e3o feitos de barro de porcelana de alta qualidade, garantindo durabilidade e textura. O frasco de cer\u00e2mica sem chumbo e n\u00e3o t\u00f3xico \u00e9 mais seguro e saud\u00e1vel do que o metal e pode ser utilizado v\u00e1rias vezes.<\/li>\n\n\n\n<li><strong>Utiliza\u00e7\u00e3o multifuncional:<\/strong> Os nossos frascos para velas em cer\u00e2mica personalizados com tampa s\u00e3o muito utilizados para fazer velas ou para guardar a\u00e7\u00facar, especiarias, gr\u00e3os de caf\u00e9, frutos secos, ch\u00e1s, etc.<\/li>\n\n\n\n<li><strong>Personaliza\u00e7\u00e3o personalizada: <\/strong>Fornecer servi\u00e7os personalizados de frascos de velas para recipientes de velas a granel e pode personalizar diferentes cores, formas, embalagens, log\u00f3tipos e padr\u00f5es de frascos de cer\u00e2mica de acordo com as necessidades do cliente.<\/li>\n<\/ul>\n<\/div>\n\n\n\n<div class=\"wp-block-column is-layout-flow wp-block-column-is-layout-flow\">\n<figure class=\"wp-block-image size-full\"><img fetchpriority=\"high\" decoding=\"async\" width=\"750\" height=\"750\" src=\"https:\/\/jinhuaceramic.com\/wp-content\/uploads\/2024\/05\/ceramic-jar.webp\" alt=\"Frascos de vela de cer\u00e2mica personalizados com tampas, recipientes de vela a granel para fabrico de velas-1\" class=\"wp-image-4644\" srcset=\"https:\/\/jinhuaceramic.com\/wp-content\/uploads\/2024\/05\/ceramic-jar.webp 750w, https:\/\/jinhuaceramic.com\/wp-content\/uploads\/2024\/05\/ceramic-jar-300x300.webp 300w, https:\/\/jinhuaceramic.com\/wp-content\/uploads\/2024\/05\/ceramic-jar-150x150.webp 150w, https:\/\/jinhuaceramic.com\/wp-content\/uploads\/2024\/05\/ceramic-jar-285x285.webp 285w, https:\/\/jinhuaceramic.com\/wp-content\/uploads\/2024\/05\/ceramic-jar-270x270.webp 270w, https:\/\/jinhuaceramic.com\/wp-content\/uploads\/2024\/05\/ceramic-jar-540x540.webp 540w, https:\/\/jinhuaceramic.com\/wp-content\/uploads\/2024\/05\/ceramic-jar-660x660.webp 660w\" sizes=\"(max-width: 750px) 100vw, 750px\" \/><\/figure>\n<\/div>\n<\/div>\n\n\n\n<p><\/p>","protected":false},"excerpt":{"rendered":"<p>Bem-vindo \u00e0 compra de recipientes para velas a granel. Os nossos frascos para velas de cer\u00e2mica personalizados com tampa s\u00e3o feitos de barro de porcelana de alta qualidade. O seu design \u00e9 \u00fanico e \u00e9 uma \u00f3ptima decora\u00e7\u00e3o para a casa. N\u00f3s tamb\u00e9m fornecemos servi\u00e7o personalizado de potes de vela com pre\u00e7os competitivos de f\u00e1brica. Pode personalizar a cor, o log\u00f3tipo, a embalagem, etc., de acordo com os diferentes requisitos dos clientes.\u00a0<\/p>","protected":false},"featured_media":4641,"comment_status":"closed","ping_status":"closed","template":"","meta":{"_acf_changed":false},"product_brand":[],"product_cat":[52],"product_tag":[67,66],"class_list":{"0":"post-4645","1":"product","2":"type-product","3":"status-publish","4":"has-post-thumbnail","6":"product_cat-wholesale-candle-containers","7":"product_tag-bulk-candle-jars-with-lids","8":"product_tag-candle-jars-wholesale","10":"first","11":"instock","12":"shipping-taxable","13":"product-type-simple"},"acf":[],"_links":{"self":[{"href":"https:\/\/jinhuaceramic.com\/pt\/wp-json\/wp\/v2\/product\/4645","targetHints":{"allow":["GET"]}}],"collection":[{"href":"https:\/\/jinhuaceramic.com\/pt\/wp-json\/wp\/v2\/product"}],"about":[{"href":"https:\/\/jinhuaceramic.com\/pt\/wp-json\/wp\/v2\/types\/product"}],"replies":[{"embeddable":true,"href":"https:\/\/jinhuaceramic.com\/pt\/wp-json\/wp\/v2\/comments?post=4645"}],"version-history":[{"count":0,"href":"https:\/\/jinhuaceramic.com\/pt\/wp-json\/wp\/v2\/product\/4645\/revisions"}],"wp:featuredmedia":[{"embeddable":true,"href":"https:\/\/jinhuaceramic.com\/pt\/wp-json\/wp\/v2\/media\/4641"}],"wp:attachment":[{"href":"https:\/\/jinhuaceramic.com\/pt\/wp-json\/wp\/v2\/media?parent=4645"}],"wp:term":[{"taxonomy":"product_brand","embeddable":true,"href":"https:\/\/jinhuaceramic.com\/pt\/wp-json\/wp\/v2\/product_brand?post=4645"},{"taxonomy":"product_cat","embeddable":true,"href":"https:\/\/jinhuaceramic.com\/pt\/wp-json\/wp\/v2\/product_cat?post=4645"},{"taxonomy":"product_tag","embeddable":true,"href":"https:\/\/jinhuaceramic.com\/pt\/wp-json\/wp\/v2\/product_tag?post=4645"}],"curies":[{"name":"wp","href":"https:\/\/api.w.org\/{rel}","templated":true}]}}