{"id":4707,"date":"2024-05-17T08:53:13","date_gmt":"2024-05-17T08:53:13","guid":{"rendered":"https:\/\/jinhuaceramic.com\/?post_type=product&#038;p=4707"},"modified":"2025-04-21T03:20:25","modified_gmt":"2025-04-21T03:20:25","slug":"custom-marble-ceramic-jars-for-candles","status":"publish","type":"product","link":"https:\/\/jinhuaceramic.com\/pt\/product\/custom-marble-ceramic-jars-for-candles\/","title":{"rendered":"Frascos de cer\u00e2mica de m\u00e1rmore texturizado personalizados, vaso de vela por atacado"},"content":{"rendered":"<div class=\"wp-block-columns is-layout-flex wp-container-core-columns-is-layout-9d6595d7 wp-block-columns-is-layout-flex\">\n<div class=\"wp-block-column is-layout-flow wp-block-column-is-layout-flow\">\n<h3 class=\"wp-block-heading\">Frascos de cer\u00e2mica de m\u00e1rmore personalizados Premium Carater\u00edsticas:<\/h3>\n\n\n\n<ul class=\"wp-block-list\">\n<li><strong>Desenho em m\u00e1rmore:<\/strong> Estes frascos de cer\u00e2mica de m\u00e1rmore personalizados para velas t\u00eam padr\u00f5es de m\u00e1rmore azul claro e branco, o que lhes confere um aspeto suave e elegante. O interior do frasco para velas \u00e9 de um azul claro s\u00f3lido, que combina com o esquema de cores exterior.<\/li>\n\n\n\n<li><strong>Tecnologia de esmalte de cor: <\/strong>Este vaso para velas em cer\u00e2mica utiliza a tecnologia de esmalte colorido. O processo de vidragem melhora a durabilidade dos frascos de velas, tornando-os mais resistentes a riscos e ao desgaste di\u00e1rio.<\/li>\n\n\n\n<li><strong>Utiliza\u00e7\u00e3o multifuncional:<\/strong> Para al\u00e9m de velas, estes frascos de cer\u00e2mica em m\u00e1rmore personalizados tamb\u00e9m podem ser vasos para plantas, porta-canetas, porta-pinc\u00e9is de maquilhagem, porta-utens\u00edlios, etc.<\/li>\n\n\n\n<li><strong>Servi\u00e7o satisfeito: <\/strong>N\u00f3s fornecemos aos consumidores servi\u00e7os satisfat\u00f3rios e por atacado de vasos de vela de cer\u00e2mica de alta qualidade. Se o frasco de vela de m\u00e1rmore recebido estiver danificado, por favor contacte-nos primeiro! Iremos fornecer-lhe solu\u00e7\u00f5es satisfat\u00f3rias dentro de 24 horas.<\/li>\n<\/ul>\n<\/div>\n\n\n\n<div class=\"wp-block-column is-layout-flow wp-block-column-is-layout-flow\">\n<figure class=\"wp-block-image size-full\"><img fetchpriority=\"high\" decoding=\"async\" width=\"800\" height=\"800\" src=\"https:\/\/jinhuaceramic.com\/wp-content\/uploads\/2024\/05\/candle-jar-ceramic.webp\" alt=\"Frascos de cer\u00e2mica de m\u00e1rmore texturizado personalizados, vaso para velas Atacado-1\" class=\"wp-image-4692\" srcset=\"https:\/\/jinhuaceramic.com\/wp-content\/uploads\/2024\/05\/candle-jar-ceramic.webp 800w, https:\/\/jinhuaceramic.com\/wp-content\/uploads\/2024\/05\/candle-jar-ceramic-300x300.webp 300w, https:\/\/jinhuaceramic.com\/wp-content\/uploads\/2024\/05\/candle-jar-ceramic-150x150.webp 150w, https:\/\/jinhuaceramic.com\/wp-content\/uploads\/2024\/05\/candle-jar-ceramic-768x768.webp 768w, https:\/\/jinhuaceramic.com\/wp-content\/uploads\/2024\/05\/candle-jar-ceramic-285x285.webp 285w, https:\/\/jinhuaceramic.com\/wp-content\/uploads\/2024\/05\/candle-jar-ceramic-270x270.webp 270w, https:\/\/jinhuaceramic.com\/wp-content\/uploads\/2024\/05\/candle-jar-ceramic-540x540.webp 540w, https:\/\/jinhuaceramic.com\/wp-content\/uploads\/2024\/05\/candle-jar-ceramic-660x660.webp 660w\" sizes=\"(max-width: 800px) 100vw, 800px\" \/><\/figure>\n<\/div>\n<\/div>","protected":false},"excerpt":{"rendered":"<p>Bem-vindo \u00e0 compra de vasos para velas por atacado. Estes potes de cer\u00e2mica de m\u00e1rmore personalizados para velas s\u00e3o um dos nossos potes de cer\u00e2mica para velas mais vendidos, que s\u00e3o muito adequados para fazer velas. Estes potes de vela de cer\u00e2mica de m\u00e1rmore s\u00e3o projetados com v\u00e1rias cores de design de m\u00e1rmore incr\u00edvel, adicionando um estilo elegante a qualquer espa\u00e7o. Eles s\u00e3o feitos de tecnologia de esmalte colorido de alta qualidade, que \u00e9 dur\u00e1vel e elegante.<\/p>","protected":false},"featured_media":4693,"comment_status":"closed","ping_status":"closed","template":"","meta":{"_acf_changed":false},"product_brand":[],"product_cat":[52],"product_tag":[66],"class_list":{"0":"post-4707","1":"product","2":"type-product","3":"status-publish","4":"has-post-thumbnail","6":"product_cat-wholesale-candle-containers","7":"product_tag-candle-jars-wholesale","9":"first","10":"instock","11":"shipping-taxable","12":"product-type-simple"},"acf":[],"_links":{"self":[{"href":"https:\/\/jinhuaceramic.com\/pt\/wp-json\/wp\/v2\/product\/4707","targetHints":{"allow":["GET"]}}],"collection":[{"href":"https:\/\/jinhuaceramic.com\/pt\/wp-json\/wp\/v2\/product"}],"about":[{"href":"https:\/\/jinhuaceramic.com\/pt\/wp-json\/wp\/v2\/types\/product"}],"replies":[{"embeddable":true,"href":"https:\/\/jinhuaceramic.com\/pt\/wp-json\/wp\/v2\/comments?post=4707"}],"version-history":[{"count":0,"href":"https:\/\/jinhuaceramic.com\/pt\/wp-json\/wp\/v2\/product\/4707\/revisions"}],"wp:featuredmedia":[{"embeddable":true,"href":"https:\/\/jinhuaceramic.com\/pt\/wp-json\/wp\/v2\/media\/4693"}],"wp:attachment":[{"href":"https:\/\/jinhuaceramic.com\/pt\/wp-json\/wp\/v2\/media?parent=4707"}],"wp:term":[{"taxonomy":"product_brand","embeddable":true,"href":"https:\/\/jinhuaceramic.com\/pt\/wp-json\/wp\/v2\/product_brand?post=4707"},{"taxonomy":"product_cat","embeddable":true,"href":"https:\/\/jinhuaceramic.com\/pt\/wp-json\/wp\/v2\/product_cat?post=4707"},{"taxonomy":"product_tag","embeddable":true,"href":"https:\/\/jinhuaceramic.com\/pt\/wp-json\/wp\/v2\/product_tag?post=4707"}],"curies":[{"name":"wp","href":"https:\/\/api.w.org\/{rel}","templated":true}]}}