{"id":4732,"date":"2024-05-22T10:30:30","date_gmt":"2024-05-22T10:30:30","guid":{"rendered":"https:\/\/jinhuaceramic.com\/?post_type=product&#038;p=4732"},"modified":"2025-03-11T08:31:49","modified_gmt":"2025-03-11T08:31:49","slug":"wholesale-ceramic-ramekin-cups","status":"publish","type":"product","link":"https:\/\/jinhuaceramic.com\/pt\/product\/wholesale-ceramic-ramekin-cups\/","title":{"rendered":"Copos de cer\u00e2mica por atacado, copos de sufl\u00ea a granel para sobremesa"},"content":{"rendered":"<div class=\"wp-block-columns is-layout-flex wp-container-core-columns-is-layout-9d6595d7 wp-block-columns-is-layout-flex\">\n<div class=\"wp-block-column is-layout-flow wp-block-column-is-layout-flow\">\n<h3 class=\"wp-block-heading\">Copo de cer\u00e2mica para ramequim Premium Wholesale Carater\u00edsticas:<\/h3>\n\n\n\n<ul class=\"wp-block-list\">\n<li><strong>Design \u00fanico:<\/strong> As nossas ch\u00e1venas de cer\u00e2mica para ramequim por atacado apresentam um corpo branco simples com um design delicado de rebordo castanho, que \u00e9 cl\u00e1ssico e \u00fanico, acrescentando uma atmosfera moderna e elegante \u00e0 mesa, e \u00e9 muito adequado para apresenta\u00e7\u00f5es de sobremesas em v\u00e1rias ocasi\u00f5es.<\/li>\n\n\n\n<li><strong>Aplic\u00e1vel a uma variedade de fins de cozedura de sobremesas:<\/strong> Estas ch\u00e1venas para souffl\u00e9 a granel foram concebidas para cozer v\u00e1rias sobremesas, como souffl\u00e9, pudim de caramelo, bolo de lava de chocolate, etc.; o tamanho m\u00e9dio pode satisfazer perfeitamente as necessidades de produ\u00e7\u00e3o de v\u00e1rias sobremesas pequenas e tornar-se uma ferramenta ideal para cozer em casa ou num restaurante.<\/li>\n\n\n\n<li><strong>Material cer\u00e2mico resistente ao calor, excelente efeito de cozedura:<\/strong> Cada uma das nossas ch\u00e1venas de cer\u00e2mica para ramequins \u00e9 feita de cer\u00e2mica resistente ao calor de qualidade superior que pode suportar altas temperaturas em fornos e micro-ondas, fazendo com que a sobremesa seja aquecida uniformemente para ajudar a criar uma textura leve e produtos de pastelaria fr\u00e1geis perfeitamente expandidos.<\/li>\n\n\n\n<li><strong>F\u00e1cil de limpar e lav\u00e1vel na m\u00e1quina de lavar lou\u00e7a: <\/strong>Para al\u00e9m de pr\u00e1ticos e bonitos, estes copos para souffl\u00e9 a granel podem ser limpos com facilidade. Podem ser lavados na m\u00e1quina de lavar lou\u00e7a, poupando tempo e aumentando a conveni\u00eancia da sua utiliza\u00e7\u00e3o. S\u00e3o uma \u00f3ptima escolha para uso di\u00e1rio em cozinhas dom\u00e9sticas e de restaurantes.<\/li>\n<\/ul>\n<\/div>\n\n\n\n<div class=\"wp-block-column is-layout-flow wp-block-column-is-layout-flow\">\n<figure class=\"wp-block-image size-full\"><img fetchpriority=\"high\" decoding=\"async\" width=\"1434\" height=\"1500\" src=\"https:\/\/jinhuaceramic.com\/wp-content\/uploads\/2024\/05\/ramekin.webp\" alt=\"Copos de cer\u00e2mica por atacado, copos de sufl\u00ea a granel para sobremesa-1\" class=\"wp-image-4730\" srcset=\"https:\/\/jinhuaceramic.com\/wp-content\/uploads\/2024\/05\/ramekin.webp 1434w, https:\/\/jinhuaceramic.com\/wp-content\/uploads\/2024\/05\/ramekin-287x300.webp 287w, https:\/\/jinhuaceramic.com\/wp-content\/uploads\/2024\/05\/ramekin-768x803.webp 768w, https:\/\/jinhuaceramic.com\/wp-content\/uploads\/2024\/05\/ramekin-285x298.webp 285w, https:\/\/jinhuaceramic.com\/wp-content\/uploads\/2024\/05\/ramekin-631x660.webp 631w, https:\/\/jinhuaceramic.com\/wp-content\/uploads\/2024\/05\/ramekin-143x150.webp 143w\" sizes=\"(max-width: 1434px) 100vw, 1434px\" \/><\/figure>\n<\/div>\n<\/div>","protected":false},"excerpt":{"rendered":"<p>Bem-vindo \u00e0 compra de ch\u00e1venas de souffl\u00e9 a granel. As nossas ch\u00e1venas de cer\u00e2mica para sufl\u00ea s\u00e3o cl\u00e1ssicas e elegantes para todos os tipos de sobremesas. A cer\u00e2mica resistente ao calor de alta qualidade garante um aquecimento uniforme dos alimentos no seu interior, pode ser utilizada no micro-ondas e no forno, \u00e9 f\u00e1cil de limpar e pode ser lavada na m\u00e1quina de lavar loi\u00e7a, o que a torna um utens\u00edlio de pastelaria ideal para uso dom\u00e9stico e em restaurantes.<\/p>","protected":false},"featured_media":4731,"comment_status":"closed","ping_status":"closed","template":"","meta":{"_acf_changed":false},"product_brand":[],"product_cat":[53],"product_tag":[69],"class_list":{"0":"post-4732","1":"product","2":"type-product","3":"status-publish","4":"has-post-thumbnail","6":"product_cat-bakeware-in-bulk","7":"product_tag-bulk-ramekins","9":"first","10":"instock","11":"shipping-taxable","12":"product-type-simple"},"acf":[],"_links":{"self":[{"href":"https:\/\/jinhuaceramic.com\/pt\/wp-json\/wp\/v2\/product\/4732","targetHints":{"allow":["GET"]}}],"collection":[{"href":"https:\/\/jinhuaceramic.com\/pt\/wp-json\/wp\/v2\/product"}],"about":[{"href":"https:\/\/jinhuaceramic.com\/pt\/wp-json\/wp\/v2\/types\/product"}],"replies":[{"embeddable":true,"href":"https:\/\/jinhuaceramic.com\/pt\/wp-json\/wp\/v2\/comments?post=4732"}],"version-history":[{"count":0,"href":"https:\/\/jinhuaceramic.com\/pt\/wp-json\/wp\/v2\/product\/4732\/revisions"}],"wp:featuredmedia":[{"embeddable":true,"href":"https:\/\/jinhuaceramic.com\/pt\/wp-json\/wp\/v2\/media\/4731"}],"wp:attachment":[{"href":"https:\/\/jinhuaceramic.com\/pt\/wp-json\/wp\/v2\/media?parent=4732"}],"wp:term":[{"taxonomy":"product_brand","embeddable":true,"href":"https:\/\/jinhuaceramic.com\/pt\/wp-json\/wp\/v2\/product_brand?post=4732"},{"taxonomy":"product_cat","embeddable":true,"href":"https:\/\/jinhuaceramic.com\/pt\/wp-json\/wp\/v2\/product_cat?post=4732"},{"taxonomy":"product_tag","embeddable":true,"href":"https:\/\/jinhuaceramic.com\/pt\/wp-json\/wp\/v2\/product_tag?post=4732"}],"curies":[{"name":"wp","href":"https:\/\/api.w.org\/{rel}","templated":true}]}}