{"id":4769,"date":"2024-05-27T01:25:28","date_gmt":"2024-05-27T01:25:28","guid":{"rendered":"https:\/\/jinhuaceramic.com\/?post_type=product&#038;p=4769"},"modified":"2025-03-10T09:06:22","modified_gmt":"2025-03-10T09:06:22","slug":"oven-safe-custom-bakeware-in-bulk","status":"publish","type":"product","link":"https:\/\/jinhuaceramic.com\/pt\/product\/oven-safe-custom-bakeware-in-bulk\/","title":{"rendered":"Assadeiras personalizadas a granel, pratos para assar com al\u00e7a por atacado"},"content":{"rendered":"<div class=\"wp-block-columns is-layout-flex wp-container-core-columns-is-layout-9d6595d7 wp-block-columns-is-layout-flex\">\n<div class=\"wp-block-column is-layout-flow wp-block-column-is-layout-flow\">\n<h3 class=\"wp-block-heading\">Bakeware personalizado Premium a granel Carater\u00edsticas:<\/h3>\n\n\n\n<ul class=\"wp-block-list\">\n<li><strong>Resist\u00eancia a altas temperaturas: <\/strong>Este tabuleiro para bolos personalizado a granel \u00e9 feito de cer\u00e2mica resistente ao calor de alta qualidade que pode ser utilizada at\u00e9 250\u00b0C. \u00c9 adequado para v\u00e1rios fornos e micro-ondas; proporciona um aquecimento uniforme e excelentes resultados de cozedura.<\/li>\n\n\n\n<li><strong>Design pr\u00e1tico da pega:<\/strong> Com uma pega est\u00e1vel, esta assadeira para venda por grosso pode ser retirada do forno de forma f\u00e1cil e segura, mesmo a altas temperaturas, melhorando a seguran\u00e7a e a comodidade na cozedura.<\/li>\n\n\n\n<li><strong>Servi\u00e7o personalizado: <\/strong>Personaliz\u00e1vel em tamanho, forma, estilo de pega e variedade de cores, a Jinhua garante-lhe que cada pe\u00e7a de pastelaria ser\u00e1 definitivamente adequada \u00e0s suas necessidades espec\u00edficas.<\/li>\n\n\n\n<li><strong>Desconto para compras em massa:<\/strong> Como fabricante profissional de utens\u00edlios de cer\u00e2mica para pastelaria, oferecemos pre\u00e7os muito competitivos para pratos de pastelaria por atacado adequados para padarias, restaurantes e grandes pastelarias comerciais.<\/li>\n<\/ul>\n<\/div>\n\n\n\n<div class=\"wp-block-column is-layout-flow wp-block-column-is-layout-flow\">\n<figure class=\"wp-block-image size-full\"><img fetchpriority=\"high\" decoding=\"async\" width=\"1251\" height=\"1251\" src=\"https:\/\/jinhuaceramic.com\/wp-content\/uploads\/2024\/05\/bakeware.webp\" alt=\"assadeiras personalizadas seguras para o forno a granel com pegas\" class=\"wp-image-4762\" srcset=\"https:\/\/jinhuaceramic.com\/wp-content\/uploads\/2024\/05\/bakeware.webp 1251w, https:\/\/jinhuaceramic.com\/wp-content\/uploads\/2024\/05\/bakeware-300x300.webp 300w, https:\/\/jinhuaceramic.com\/wp-content\/uploads\/2024\/05\/bakeware-150x150.webp 150w, https:\/\/jinhuaceramic.com\/wp-content\/uploads\/2024\/05\/bakeware-768x768.webp 768w, https:\/\/jinhuaceramic.com\/wp-content\/uploads\/2024\/05\/bakeware-285x285.webp 285w, https:\/\/jinhuaceramic.com\/wp-content\/uploads\/2024\/05\/bakeware-270x270.webp 270w, https:\/\/jinhuaceramic.com\/wp-content\/uploads\/2024\/05\/bakeware-540x540.webp 540w, https:\/\/jinhuaceramic.com\/wp-content\/uploads\/2024\/05\/bakeware-660x660.webp 660w\" sizes=\"(max-width: 1251px) 100vw, 1251px\" \/><\/figure>\n<\/div>\n<\/div>","protected":false},"excerpt":{"rendered":"<p>Bem-vindo \u00e0 compra de pratos de pastelaria por grosso. Com um design pr\u00e1tico da pega, esta assadeira personalizada a granel garante comodidade nas opera\u00e7\u00f5es de cozedura. As mat\u00e9rias-primas cer\u00e2micas de alta qualidade e resistentes a altas temperaturas garantem v\u00e1rios tipos de op\u00e7\u00f5es de personaliza\u00e7\u00e3o dispon\u00edveis para satisfazer as necessidades de cozedura em diferentes cen\u00e1rios e, por conseguinte, podem funcionar como uma escolha ideal para a cozedura dom\u00e9stica e comercial.<\/p>","protected":false},"featured_media":4764,"comment_status":"closed","ping_status":"closed","template":"","meta":{"_acf_changed":false},"product_brand":[],"product_cat":[53],"product_tag":[71],"class_list":{"0":"post-4769","1":"product","2":"type-product","3":"status-publish","4":"has-post-thumbnail","6":"product_cat-bakeware-in-bulk","7":"product_tag-wholesale-baking-pans","9":"first","10":"instock","11":"shipping-taxable","12":"product-type-simple"},"acf":[],"_links":{"self":[{"href":"https:\/\/jinhuaceramic.com\/pt\/wp-json\/wp\/v2\/product\/4769","targetHints":{"allow":["GET"]}}],"collection":[{"href":"https:\/\/jinhuaceramic.com\/pt\/wp-json\/wp\/v2\/product"}],"about":[{"href":"https:\/\/jinhuaceramic.com\/pt\/wp-json\/wp\/v2\/types\/product"}],"replies":[{"embeddable":true,"href":"https:\/\/jinhuaceramic.com\/pt\/wp-json\/wp\/v2\/comments?post=4769"}],"version-history":[{"count":0,"href":"https:\/\/jinhuaceramic.com\/pt\/wp-json\/wp\/v2\/product\/4769\/revisions"}],"wp:featuredmedia":[{"embeddable":true,"href":"https:\/\/jinhuaceramic.com\/pt\/wp-json\/wp\/v2\/media\/4764"}],"wp:attachment":[{"href":"https:\/\/jinhuaceramic.com\/pt\/wp-json\/wp\/v2\/media?parent=4769"}],"wp:term":[{"taxonomy":"product_brand","embeddable":true,"href":"https:\/\/jinhuaceramic.com\/pt\/wp-json\/wp\/v2\/product_brand?post=4769"},{"taxonomy":"product_cat","embeddable":true,"href":"https:\/\/jinhuaceramic.com\/pt\/wp-json\/wp\/v2\/product_cat?post=4769"},{"taxonomy":"product_tag","embeddable":true,"href":"https:\/\/jinhuaceramic.com\/pt\/wp-json\/wp\/v2\/product_tag?post=4769"}],"curies":[{"name":"wp","href":"https:\/\/api.w.org\/{rel}","templated":true}]}}