{"id":4786,"date":"2024-05-27T08:50:05","date_gmt":"2024-05-27T08:50:05","guid":{"rendered":"https:\/\/jinhuaceramic.com\/?post_type=product&#038;p=4786"},"modified":"2025-03-08T01:39:12","modified_gmt":"2025-03-08T01:39:12","slug":"rainbow-wholesale-soap-dish","status":"publish","type":"product","link":"https:\/\/jinhuaceramic.com\/pt\/product\/rainbow-wholesale-soap-dish\/","title":{"rendered":"Saboneteira em forma de arco-\u00edris por atacado Cer\u00e2mica Material de casa de banho"},"content":{"rendered":"<div class=\"wp-block-columns is-layout-flex wp-container-core-columns-is-layout-9d6595d7 wp-block-columns-is-layout-flex\">\n<div class=\"wp-block-column is-layout-flow wp-block-column-is-layout-flow\">\n<h3 class=\"wp-block-heading\">Saboneteira Premium Wholesale Carater\u00edsticas:<\/h3>\n\n\n\n<ul class=\"wp-block-list\">\n<li><strong>Design em forma de arco-\u00edris:<\/strong> Esta saboneteira por atacado tem um design especial em forma de arco-\u00edris que trar\u00e1 cores vivas ao espa\u00e7o mon\u00f3tono da casa de banho, activar\u00e1 a divers\u00e3o da vida e ser\u00e1 adequada para todas as idades dos membros da fam\u00edlia.<\/li>\n\n\n\n<li><strong>Cer\u00e2mica de alta qualidade: <\/strong>\u00c9 fabricada a partir de boas mat\u00e9rias-primas cer\u00e2micas e \u00e9 cozida a uma temperatura elevada para garantir a estabilidade da estrutura da saboneteira a granel. A superf\u00edcie \u00e9 lisa e fr\u00e1gil, pelo que se mant\u00e9m limpa durante mais tempo e \u00e9 duradoura.<\/li>\n\n\n\n<li><strong>Design antiderrapante na parte inferior:<\/strong> O fundo da nossa saboneteira para venda por grosso foi cuidadosamente revestido com uma subst\u00e2ncia antiderrapante para garantir que fica bem assente em qualquer bancada de cozinha, de modo a que n\u00e3o escorregue quando \u00e9 utilizada por raz\u00f5es de seguran\u00e7a.<\/li>\n\n\n\n<li><strong>Desconto por grosso:<\/strong> Como fabricantes profissionais de acess\u00f3rios de casa de banho em cer\u00e2mica, fornecemos os melhores pre\u00e7os para saboneteiras em cer\u00e2mica a granel. Podemos oferecer descontos extra para encomendas a granel que s\u00e3o adequadas para o com\u00e9rcio, hot\u00e9is e institui\u00e7\u00f5es.<\/li>\n<\/ul>\n<\/div>\n\n\n\n<div class=\"wp-block-column is-layout-flow wp-block-column-is-layout-flow\">\n<figure class=\"wp-block-image size-full\"><img fetchpriority=\"high\" decoding=\"async\" width=\"745\" height=\"957\" src=\"https:\/\/jinhuaceramic.com\/wp-content\/uploads\/2024\/05\/ceramic-soap-dish-2.webp\" alt=\"Venda por grosso de lou\u00e7a de cer\u00e2mica para casa de banho\" class=\"wp-image-4778\" srcset=\"https:\/\/jinhuaceramic.com\/wp-content\/uploads\/2024\/05\/ceramic-soap-dish-2.webp 745w, https:\/\/jinhuaceramic.com\/wp-content\/uploads\/2024\/05\/ceramic-soap-dish-2-234x300.webp 234w, https:\/\/jinhuaceramic.com\/wp-content\/uploads\/2024\/05\/ceramic-soap-dish-2-285x366.webp 285w, https:\/\/jinhuaceramic.com\/wp-content\/uploads\/2024\/05\/ceramic-soap-dish-2-514x660.webp 514w, https:\/\/jinhuaceramic.com\/wp-content\/uploads\/2024\/05\/ceramic-soap-dish-2-117x150.webp 117w\" sizes=\"(max-width: 745px) 100vw, 745px\" \/><\/figure>\n<\/div>\n<\/div>","protected":false},"excerpt":{"rendered":"<p>Bem-vindo ao comprar saboneteiras de cer\u00e2mica. Esta saboneteira por atacado \u00e9 bem concebida e tem uma forma de arco-\u00edris. Como parte da decora\u00e7\u00e3o da casa de banho, vai tornar o espa\u00e7o mais vivo e divertido. O material cer\u00e2mico de alta qualidade de que \u00e9 feita garante uma boa durabilidade do produto. O seu fundo antiderrapante torna a saboneteira mais est\u00e1vel quando est\u00e1 a ser utilizada.<\/p>","protected":false},"featured_media":4780,"comment_status":"closed","ping_status":"closed","template":"","meta":{"_acf_changed":false},"product_brand":[],"product_cat":[51],"product_tag":[72],"class_list":{"0":"post-4786","1":"product","2":"type-product","3":"status-publish","4":"has-post-thumbnail","6":"product_cat-bathroom-accessories-wholesale","7":"product_tag-wholesale-soap-dishes","9":"first","10":"instock","11":"shipping-taxable","12":"product-type-simple"},"acf":[],"_links":{"self":[{"href":"https:\/\/jinhuaceramic.com\/pt\/wp-json\/wp\/v2\/product\/4786","targetHints":{"allow":["GET"]}}],"collection":[{"href":"https:\/\/jinhuaceramic.com\/pt\/wp-json\/wp\/v2\/product"}],"about":[{"href":"https:\/\/jinhuaceramic.com\/pt\/wp-json\/wp\/v2\/types\/product"}],"replies":[{"embeddable":true,"href":"https:\/\/jinhuaceramic.com\/pt\/wp-json\/wp\/v2\/comments?post=4786"}],"version-history":[{"count":0,"href":"https:\/\/jinhuaceramic.com\/pt\/wp-json\/wp\/v2\/product\/4786\/revisions"}],"wp:featuredmedia":[{"embeddable":true,"href":"https:\/\/jinhuaceramic.com\/pt\/wp-json\/wp\/v2\/media\/4780"}],"wp:attachment":[{"href":"https:\/\/jinhuaceramic.com\/pt\/wp-json\/wp\/v2\/media?parent=4786"}],"wp:term":[{"taxonomy":"product_brand","embeddable":true,"href":"https:\/\/jinhuaceramic.com\/pt\/wp-json\/wp\/v2\/product_brand?post=4786"},{"taxonomy":"product_cat","embeddable":true,"href":"https:\/\/jinhuaceramic.com\/pt\/wp-json\/wp\/v2\/product_cat?post=4786"},{"taxonomy":"product_tag","embeddable":true,"href":"https:\/\/jinhuaceramic.com\/pt\/wp-json\/wp\/v2\/product_tag?post=4786"}],"curies":[{"name":"wp","href":"https:\/\/api.w.org\/{rel}","templated":true}]}}