{"id":4864,"date":"2024-06-03T02:51:41","date_gmt":"2024-06-03T02:51:41","guid":{"rendered":"https:\/\/jinhuaceramic.com\/?post_type=product&#038;p=4864"},"modified":"2025-03-10T08:40:33","modified_gmt":"2025-03-10T08:40:33","slug":"ceramic-candle-jars-wholesale-2","status":"publish","type":"product","link":"https:\/\/jinhuaceramic.com\/pt\/product\/ceramic-candle-jars-wholesale-2\/","title":{"rendered":"Frascos de vela de cer\u00e2mica por atacado com pre\u00e7o direto da f\u00e1brica"},"content":{"rendered":"<div class=\"wp-block-columns is-layout-flex wp-container-core-columns-is-layout-9d6595d7 wp-block-columns-is-layout-flex\">\n<div class=\"wp-block-column is-layout-flow wp-block-column-is-layout-flow\">\n<h3 class=\"wp-block-heading\">Frascos de vela de cer\u00e2mica premium Carater\u00edsticas por atacado:<\/h3>\n\n\n\n<ul class=\"wp-block-list\">\n<li><strong>Design elegante:<\/strong> Estes frascos de cer\u00e2mica para velas por atacado apresentam um design de forma minimalista. A forma suave e circular, com um topo suavemente curvado, n\u00e3o s\u00f3 exala uma beleza moderna e elegante, como tamb\u00e9m aumenta a estabilidade da vela.<\/li>\n\n\n\n<li><strong>Cores vibrantes:<\/strong> Estes frascos para velas em cer\u00e2mica personalizados est\u00e3o dispon\u00edveis em v\u00e1rias cores mate para se adequarem a diferentes decora\u00e7\u00f5es, tais como branco, preto, cinzento, azul e amarelo. Outras cores tamb\u00e9m podem ser personalizadas de acordo com as necessidades do cliente.<\/li>\n\n\n\n<li><strong>Material de alta qualidade:<\/strong> Estes frascos de cer\u00e2mica para velas por atacado s\u00e3o feitos de cer\u00e2mica de alta qualidade e requerem um processo de cozedura a alta temperatura, pelo que t\u00eam a carater\u00edstica de resist\u00eancia a altas temperaturas e s\u00e3o perfeitos para fazer velas.<\/li>\n\n\n\n<li><strong>Personaliza\u00e7\u00e3o personalizada: <\/strong>Estes frascos para velas podem ser personalizados. Oferecemos servi\u00e7os OEM e ODM. Pode personalizar a cor, o tamanho, o log\u00f3tipo, o padr\u00e3o e a embalagem do seu frasco de vela de marca pr\u00f3pria.<\/li>\n<\/ul>\n<\/div>\n\n\n\n<div class=\"wp-block-column is-layout-flow wp-block-column-is-layout-flow\">\n<figure class=\"wp-block-image size-full\"><img fetchpriority=\"high\" decoding=\"async\" width=\"800\" height=\"800\" src=\"https:\/\/jinhuaceramic.com\/wp-content\/uploads\/2024\/05\/candle-jar-3.webp\" alt=\"Frascos de velas de cer\u00e2mica de fantasia - Venda por grosso\" class=\"wp-image-4869\" srcset=\"https:\/\/jinhuaceramic.com\/wp-content\/uploads\/2024\/05\/candle-jar-3.webp 800w, https:\/\/jinhuaceramic.com\/wp-content\/uploads\/2024\/05\/candle-jar-3-300x300.webp 300w, https:\/\/jinhuaceramic.com\/wp-content\/uploads\/2024\/05\/candle-jar-3-150x150.webp 150w, https:\/\/jinhuaceramic.com\/wp-content\/uploads\/2024\/05\/candle-jar-3-768x768.webp 768w, https:\/\/jinhuaceramic.com\/wp-content\/uploads\/2024\/05\/candle-jar-3-285x285.webp 285w, https:\/\/jinhuaceramic.com\/wp-content\/uploads\/2024\/05\/candle-jar-3-270x270.webp 270w, https:\/\/jinhuaceramic.com\/wp-content\/uploads\/2024\/05\/candle-jar-3-540x540.webp 540w, https:\/\/jinhuaceramic.com\/wp-content\/uploads\/2024\/05\/candle-jar-3-660x660.webp 660w\" sizes=\"(max-width: 800px) 100vw, 800px\" \/><\/figure>\n<\/div>\n<\/div>","protected":false},"excerpt":{"rendered":"<p>Estes frascos de cer\u00e2mica para velas por atacado, com formas minimalistas e v\u00e1rias cores mate, s\u00e3o uma \u00f3ptima decora\u00e7\u00e3o para a casa. Feitos de cer\u00e2mica de alta qualidade, estes frascos para velas s\u00e3o resistentes a altas temperaturas e ideais para fazer velas. Como fabricante, oferecemos um servi\u00e7o personalizado de recipientes para velas de cer\u00e2mica, permitindo-lhe personalizar a cor e o design do frasco de vela para se adequar ao seu estilo \u00fanico.<\/p>","protected":false},"featured_media":4866,"comment_status":"closed","ping_status":"closed","template":"","meta":{"_acf_changed":false},"product_brand":[],"product_cat":[52],"product_tag":[66],"class_list":{"0":"post-4864","1":"product","2":"type-product","3":"status-publish","4":"has-post-thumbnail","6":"product_cat-wholesale-candle-containers","7":"product_tag-candle-jars-wholesale","9":"first","10":"instock","11":"shipping-taxable","12":"product-type-simple"},"acf":[],"_links":{"self":[{"href":"https:\/\/jinhuaceramic.com\/pt\/wp-json\/wp\/v2\/product\/4864","targetHints":{"allow":["GET"]}}],"collection":[{"href":"https:\/\/jinhuaceramic.com\/pt\/wp-json\/wp\/v2\/product"}],"about":[{"href":"https:\/\/jinhuaceramic.com\/pt\/wp-json\/wp\/v2\/types\/product"}],"replies":[{"embeddable":true,"href":"https:\/\/jinhuaceramic.com\/pt\/wp-json\/wp\/v2\/comments?post=4864"}],"version-history":[{"count":0,"href":"https:\/\/jinhuaceramic.com\/pt\/wp-json\/wp\/v2\/product\/4864\/revisions"}],"wp:featuredmedia":[{"embeddable":true,"href":"https:\/\/jinhuaceramic.com\/pt\/wp-json\/wp\/v2\/media\/4866"}],"wp:attachment":[{"href":"https:\/\/jinhuaceramic.com\/pt\/wp-json\/wp\/v2\/media?parent=4864"}],"wp:term":[{"taxonomy":"product_brand","embeddable":true,"href":"https:\/\/jinhuaceramic.com\/pt\/wp-json\/wp\/v2\/product_brand?post=4864"},{"taxonomy":"product_cat","embeddable":true,"href":"https:\/\/jinhuaceramic.com\/pt\/wp-json\/wp\/v2\/product_cat?post=4864"},{"taxonomy":"product_tag","embeddable":true,"href":"https:\/\/jinhuaceramic.com\/pt\/wp-json\/wp\/v2\/product_tag?post=4864"}],"curies":[{"name":"wp","href":"https:\/\/api.w.org\/{rel}","templated":true}]}}