{"id":4887,"date":"2024-06-08T07:58:01","date_gmt":"2024-06-08T07:58:01","guid":{"rendered":"https:\/\/jinhuaceramic.com\/?post_type=product&#038;p=4887"},"modified":"2026-02-05T03:47:03","modified_gmt":"2026-02-05T03:47:03","slug":"wholesale-5-piece-bathroom-accessories-set","status":"publish","type":"product","link":"https:\/\/jinhuaceramic.com\/pt\/product\/wholesale-5-piece-bathroom-accessories-set\/","title":{"rendered":"Conjunto de acess\u00f3rios de casa de banho de 5 pe\u00e7as, design exclusivo"},"content":{"rendered":"<div class=\"wp-block-columns is-layout-flex wp-container-core-columns-is-layout-9d6595d7 wp-block-columns-is-layout-flex\">\n<div class=\"wp-block-column is-layout-flow wp-block-column-is-layout-flow\">\n<h3 class=\"wp-block-heading\">Conjunto de acess\u00f3rios de casa de banho de 5 pe\u00e7as Premium Wholesale Carater\u00edsticas:<\/h3>\n\n\n\n<ul class=\"wp-block-list\">\n<li><strong>Design moderno quadrado, simples e elegante:<\/strong> Concebido com uma forma quadrada moderna em branco fresco, este conjunto de acess\u00f3rios de casa de banho de 5 pe\u00e7as revela simplicidade e beleza elegante. As suas linhas simples combinadas com a textura c\u00f4ncava conferem um efeito especial de camadas \u00e0 casa de banho.<\/li>\n\n\n\n<li><strong>Cinco pe\u00e7as s\u00e3o duras em termos pr\u00e1ticos:<\/strong> Este conjunto de acess\u00f3rios de banho por atacado inclui um dispensador de sab\u00e3o, uma saboneteira, 2 copos para escovas de dentes e um frasco de arruma\u00e7\u00e3o - tudo para satisfazer as necessidades b\u00e1sicas da casa de banho e mant\u00ea-la arrumada, organizada e conveniente para utiliza\u00e7\u00e3o di\u00e1ria.<\/li>\n\n\n\n<li><strong>Fabricado com materiais de alta qualidade:<\/strong> O nosso conjunto de acess\u00f3rios de casa de banho de 5 pe\u00e7as por atacado \u00e9 dur\u00e1vel e robusto, com boa resist\u00eancia a manchas. O design com textura c\u00f4ncava confere-lhe um \u00f3timo aspeto, para al\u00e9m da sua maravilhosa funcionalidade: antiderrapante e, por conseguinte, mais seguro e pr\u00e1tico para o utilizador, tornando-o muito f\u00e1cil de limpar.<\/li>\n\n\n\n<li><strong>Adapta-se \u00e0 maioria dos estilos de casa de banho:<\/strong> De forma simples, este conjunto de acess\u00f3rios de banho por atacado adapta-se facilmente \u00e0 maioria dos estilos de decora\u00e7\u00e3o, quer seja moderna, simples ou uma casa de banho de estilo tradicional, de modo a ajudar os utilizadores a melhorar o ambiente e a beleza do espa\u00e7o.<\/li>\n<\/ul>\n<\/div>\n\n\n\n<div class=\"wp-block-column is-layout-flow wp-block-column-is-layout-flow\">\n<figure class=\"wp-block-image size-full\"><img fetchpriority=\"high\" decoding=\"async\" width=\"1500\" height=\"1500\" src=\"https:\/\/jinhuaceramic.com\/wp-content\/uploads\/2024\/06\/bathroom-accessories-set.webp\" alt=\"Conjunto de acess\u00f3rios de casa de banho de 5 pe\u00e7as com design moderno\" class=\"wp-image-4888\" srcset=\"https:\/\/jinhuaceramic.com\/wp-content\/uploads\/2024\/06\/bathroom-accessories-set.webp 1500w, https:\/\/jinhuaceramic.com\/wp-content\/uploads\/2024\/06\/bathroom-accessories-set-300x300.webp 300w, https:\/\/jinhuaceramic.com\/wp-content\/uploads\/2024\/06\/bathroom-accessories-set-150x150.webp 150w, https:\/\/jinhuaceramic.com\/wp-content\/uploads\/2024\/06\/bathroom-accessories-set-768x768.webp 768w, https:\/\/jinhuaceramic.com\/wp-content\/uploads\/2024\/06\/bathroom-accessories-set-285x285.webp 285w, https:\/\/jinhuaceramic.com\/wp-content\/uploads\/2024\/06\/bathroom-accessories-set-270x270.webp 270w, https:\/\/jinhuaceramic.com\/wp-content\/uploads\/2024\/06\/bathroom-accessories-set-540x540.webp 540w, https:\/\/jinhuaceramic.com\/wp-content\/uploads\/2024\/06\/bathroom-accessories-set-660x660.webp 660w\" sizes=\"(max-width: 1500px) 100vw, 1500px\" \/><\/figure>\n<\/div>\n<\/div>","protected":false},"excerpt":{"rendered":"<p>Bem-vindo \u00e0 compra de acess\u00f3rios de banho por grosso. Este moderno conjunto de acess\u00f3rios de casa de banho de 5 pe\u00e7as por atacado tem uma forma quadrada branca com uma textura c\u00f4ncava \u00fanica, mostrando uma atmosfera elegante e simples. Feito de materiais cer\u00e2micos de alta qualidade, este produto ser\u00e1 certamente forte, dur\u00e1vel e f\u00e1cil de limpar, satisfazendo assim as necessidades b\u00e1sicas da casa de banho.<\/p>","protected":false},"featured_media":4890,"comment_status":"closed","ping_status":"closed","template":"","meta":{"_acf_changed":false},"product_brand":[],"product_cat":[51],"product_tag":[74],"class_list":{"0":"post-4887","1":"product","2":"type-product","3":"status-publish","4":"has-post-thumbnail","6":"product_cat-bathroom-accessories-wholesale","7":"product_tag-ceramic-bath-accessories-wholesale","9":"first","10":"instock","11":"shipping-taxable","12":"product-type-simple"},"acf":[],"_links":{"self":[{"href":"https:\/\/jinhuaceramic.com\/pt\/wp-json\/wp\/v2\/product\/4887","targetHints":{"allow":["GET"]}}],"collection":[{"href":"https:\/\/jinhuaceramic.com\/pt\/wp-json\/wp\/v2\/product"}],"about":[{"href":"https:\/\/jinhuaceramic.com\/pt\/wp-json\/wp\/v2\/types\/product"}],"replies":[{"embeddable":true,"href":"https:\/\/jinhuaceramic.com\/pt\/wp-json\/wp\/v2\/comments?post=4887"}],"version-history":[{"count":0,"href":"https:\/\/jinhuaceramic.com\/pt\/wp-json\/wp\/v2\/product\/4887\/revisions"}],"wp:featuredmedia":[{"embeddable":true,"href":"https:\/\/jinhuaceramic.com\/pt\/wp-json\/wp\/v2\/media\/4890"}],"wp:attachment":[{"href":"https:\/\/jinhuaceramic.com\/pt\/wp-json\/wp\/v2\/media?parent=4887"}],"wp:term":[{"taxonomy":"product_brand","embeddable":true,"href":"https:\/\/jinhuaceramic.com\/pt\/wp-json\/wp\/v2\/product_brand?post=4887"},{"taxonomy":"product_cat","embeddable":true,"href":"https:\/\/jinhuaceramic.com\/pt\/wp-json\/wp\/v2\/product_cat?post=4887"},{"taxonomy":"product_tag","embeddable":true,"href":"https:\/\/jinhuaceramic.com\/pt\/wp-json\/wp\/v2\/product_tag?post=4887"}],"curies":[{"name":"wp","href":"https:\/\/api.w.org\/{rel}","templated":true}]}}