{"id":4904,"date":"2024-06-08T08:02:41","date_gmt":"2024-06-08T08:02:41","guid":{"rendered":"https:\/\/jinhuaceramic.com\/?post_type=product&#038;p=4904"},"modified":"2025-01-16T06:25:10","modified_gmt":"2025-01-16T06:25:10","slug":"wholesale-ceramic-pumpkin-soup-bowl","status":"publish","type":"product","link":"https:\/\/jinhuaceramic.com\/pt\/product\/wholesale-ceramic-pumpkin-soup-bowl\/","title":{"rendered":"Tigela de sopa de ab\u00f3bora em cer\u00e2mica com tampa e pega"},"content":{"rendered":"<div class=\"wp-block-columns is-layout-flex wp-container-core-columns-is-layout-9d6595d7 wp-block-columns-is-layout-flex\">\n<div class=\"wp-block-column is-layout-flow wp-block-column-is-layout-flow\">\n<h3 class=\"wp-block-heading\">Caracter\u00edsticas da tigela de sopa de ab\u00f3bora em cer\u00e2mica premium para revenda:<\/h3>\n\n\n\n<ul class=\"wp-block-list\">\n<li><strong>Design \u00fanico: <\/strong>Estas tigelas de sopa de cer\u00e2mica por grosso foram concebidas para se assemelharem a uma ab\u00f3bora, apresentando uma cor laranja viva e uma pega em forma de caule na parte superior.<\/li>\n\n\n\n<li><strong>Material duradouro: <\/strong>Estas ta\u00e7as para sopa de ab\u00f3bora a granel s\u00e3o feitas de argila cer\u00e2mica de alta qualidade, dur\u00e1veis e resistentes ao calor, e podem ser utilizadas com seguran\u00e7a em micro-ondas, fornos, m\u00e1quinas de lavar lou\u00e7a e frigor\u00edficos.<\/li>\n\n\n\n<li><strong>Utiliza\u00e7\u00e3o vers\u00e1til:<\/strong> Estas tigelas de cer\u00e2mica para sopa de ab\u00f3bora com tampa, vendidas por grosso, est\u00e3o dispon\u00edveis em v\u00e1rios tamanhos e s\u00e3o perfeitas para servir sopa, assar alimentos, guardar snacks e muito mais.<\/li>\n\n\n\n<li><strong>Personaliza\u00e7\u00e3o personalizada:<\/strong> Estas tigelas de sopa de cer\u00e2mica por atacado podem ser personalizadas com logotipos, cores, tamanhos, embalagens e padr\u00f5es. Como fabricante, oferecemos servi\u00e7os OEM e ODM. Entre em contato conosco!<\/li>\n<\/ul>\n<\/div>\n\n\n\n<div class=\"wp-block-column is-layout-flow wp-block-column-is-layout-flow\">\n<figure class=\"wp-block-image size-full\"><img fetchpriority=\"high\" decoding=\"async\" width=\"1500\" height=\"1500\" src=\"https:\/\/jinhuaceramic.com\/wp-content\/uploads\/2024\/06\/pumpkin-soup-pot-with-lid.webp\" alt=\"Tigela de sopa de ab\u00f3bora em cer\u00e2mica com tampa e pega\" class=\"wp-image-4909\" srcset=\"https:\/\/jinhuaceramic.com\/wp-content\/uploads\/2024\/06\/pumpkin-soup-pot-with-lid.webp 1500w, https:\/\/jinhuaceramic.com\/wp-content\/uploads\/2024\/06\/pumpkin-soup-pot-with-lid-300x300.webp 300w, https:\/\/jinhuaceramic.com\/wp-content\/uploads\/2024\/06\/pumpkin-soup-pot-with-lid-150x150.webp 150w, https:\/\/jinhuaceramic.com\/wp-content\/uploads\/2024\/06\/pumpkin-soup-pot-with-lid-768x768.webp 768w, https:\/\/jinhuaceramic.com\/wp-content\/uploads\/2024\/06\/pumpkin-soup-pot-with-lid-285x285.webp 285w, https:\/\/jinhuaceramic.com\/wp-content\/uploads\/2024\/06\/pumpkin-soup-pot-with-lid-270x270.webp 270w, https:\/\/jinhuaceramic.com\/wp-content\/uploads\/2024\/06\/pumpkin-soup-pot-with-lid-540x540.webp 540w, https:\/\/jinhuaceramic.com\/wp-content\/uploads\/2024\/06\/pumpkin-soup-pot-with-lid-660x660.webp 660w\" sizes=\"(max-width: 1500px) 100vw, 1500px\" \/><\/figure>\n<\/div>\n<\/div>","protected":false},"excerpt":{"rendered":"<p>Estas tigelas de sopa de ab\u00f3bora em cer\u00e2mica, com al\u00e7as convenientes, s\u00e3o populares devido ao seu design exclusivo em forma de ab\u00f3bora, material cer\u00e2mico de alta qualidade e uma variedade de tamanhos adequados para diferentes usos. Al\u00e9m disso, estas tigelas de sopa de ab\u00f3bora com tampas podem ser usadas em micro-ondas, fornos, frigor\u00edficos e m\u00e1quinas de lavar lou\u00e7a, sendo muito convenientes para o uso di\u00e1rio.<\/p>","protected":false},"featured_media":4908,"comment_status":"closed","ping_status":"closed","template":"","meta":{"_acf_changed":false},"product_brand":[],"product_cat":[54,85],"product_tag":[78],"class_list":{"0":"post-4904","1":"product","2":"type-product","3":"status-publish","4":"has-post-thumbnail","6":"product_cat-tableware-wholesale","7":"product_cat-wholesale-ceramic-bowls","8":"product_tag-bulk-ceramic-bowls","10":"first","11":"instock","12":"shipping-taxable","13":"product-type-simple"},"acf":[],"_links":{"self":[{"href":"https:\/\/jinhuaceramic.com\/pt\/wp-json\/wp\/v2\/product\/4904","targetHints":{"allow":["GET"]}}],"collection":[{"href":"https:\/\/jinhuaceramic.com\/pt\/wp-json\/wp\/v2\/product"}],"about":[{"href":"https:\/\/jinhuaceramic.com\/pt\/wp-json\/wp\/v2\/types\/product"}],"replies":[{"embeddable":true,"href":"https:\/\/jinhuaceramic.com\/pt\/wp-json\/wp\/v2\/comments?post=4904"}],"version-history":[{"count":0,"href":"https:\/\/jinhuaceramic.com\/pt\/wp-json\/wp\/v2\/product\/4904\/revisions"}],"wp:featuredmedia":[{"embeddable":true,"href":"https:\/\/jinhuaceramic.com\/pt\/wp-json\/wp\/v2\/media\/4908"}],"wp:attachment":[{"href":"https:\/\/jinhuaceramic.com\/pt\/wp-json\/wp\/v2\/media?parent=4904"}],"wp:term":[{"taxonomy":"product_brand","embeddable":true,"href":"https:\/\/jinhuaceramic.com\/pt\/wp-json\/wp\/v2\/product_brand?post=4904"},{"taxonomy":"product_cat","embeddable":true,"href":"https:\/\/jinhuaceramic.com\/pt\/wp-json\/wp\/v2\/product_cat?post=4904"},{"taxonomy":"product_tag","embeddable":true,"href":"https:\/\/jinhuaceramic.com\/pt\/wp-json\/wp\/v2\/product_tag?post=4904"}],"curies":[{"name":"wp","href":"https:\/\/api.w.org\/{rel}","templated":true}]}}