{"id":4922,"date":"2024-06-17T01:06:46","date_gmt":"2024-06-17T01:06:46","guid":{"rendered":"https:\/\/jinhuaceramic.com\/?post_type=product&#038;p=4922"},"modified":"2024-11-08T02:13:23","modified_gmt":"2024-11-08T02:13:23","slug":"elegant-ceramic-candle-jars-bulk","status":"publish","type":"product","link":"https:\/\/jinhuaceramic.com\/pt\/product\/elegant-ceramic-candle-jars-bulk\/","title":{"rendered":"Frascos de vela de cer\u00e2mica elegantes a granel, recipiente de vela por atacado com design de trio-anel"},"content":{"rendered":"<div class=\"wp-block-columns is-layout-flex wp-container-core-columns-is-layout-9d6595d7 wp-block-columns-is-layout-flex\">\n<div class=\"wp-block-column is-layout-flow wp-block-column-is-layout-flow\">\n<h3 class=\"wp-block-heading\">Frascos para velas em cer\u00e2mica de qualidade superior Carater\u00edsticas a granel:<\/h3>\n\n\n\n<ul class=\"wp-block-list\">\n<li><strong>Design elegante com tr\u00eas an\u00e9is, sentido art\u00edstico \u00fanico:<\/strong> Estes frascos de velas em cer\u00e2mica adoptam um design \u00fanico de tr\u00eas an\u00e9is com linhas simples e suaves, mostrando eleg\u00e2ncia e sentido art\u00edstico moderno, adequado para mobili\u00e1rio dom\u00e9stico topo de gama, embalagens para presentes e decora\u00e7\u00e3o de espa\u00e7os personalizados, real\u00e7ando o estilo geral.<\/li>\n\n\n\n<li><strong>V\u00e1rios tamanhos e cores, combina\u00e7\u00e3o flex\u00edvel: <\/strong>N\u00f3s fornecemos recipientes para velas por atacado com uma variedade de tamanhos e cores para atender a diferentes estilos de decora\u00e7\u00e3o e necessidades de uso. N\u00e3o importa os tons neutros cl\u00e1ssicos ou as cores modernas da moda, o recipiente pode combinar perfeitamente com v\u00e1rios espa\u00e7os e cenas.<\/li>\n\n\n\n<li><strong>Dur\u00e1vel e amigo do ambiente: <\/strong>A cer\u00e2mica de alta qualidade cozida a uma temperatura elevada \u00e9 utilizada para garantir que os nossos frascos para velas em cer\u00e2mica s\u00e3o s\u00f3lidos, fortes e excelentes em termos de resist\u00eancia ao calor e \u00e0 humidade. Os materiais cer\u00e2micos s\u00e3o naturais, n\u00e3o t\u00f3xicos e amigos do ambiente. Devido \u00e0 sua suavidade, pode ser facilmente limpo na superf\u00edcie. Continua a ser bonito ap\u00f3s um longo per\u00edodo de tempo.<\/li>\n\n\n\n<li><strong>Fornecimento a granel e servi\u00e7os personalizados:<\/strong> Oferecemos o fornecimento por atacado de recipientes para velas para garantir um fornecimento est\u00e1vel para os nossos clientes com uma procura em grande escala. Tamb\u00e9m suporta servi\u00e7os personalizados. A sele\u00e7\u00e3o de cores exclusivas e a impress\u00e3o do log\u00f3tipo podem ser oferecidas de acordo com as necessidades do cliente para criar imagens de marca \u00fanicas ou requisitos de projectos especiais.<\/li>\n<\/ul>\n<\/div>\n\n\n\n<div class=\"wp-block-column is-layout-flow wp-block-column-is-layout-flow\">\n<figure class=\"wp-block-image size-full\"><img fetchpriority=\"high\" decoding=\"async\" width=\"703\" height=\"703\" src=\"https:\/\/jinhuaceramic.com\/wp-content\/uploads\/2024\/06\/candle-container.webp\" alt=\"Frascos de vela de cer\u00e2mica elegantes a granel, recipiente de vela por atacado com design de trio-anel-1\" class=\"wp-image-4923\" srcset=\"https:\/\/jinhuaceramic.com\/wp-content\/uploads\/2024\/06\/candle-container.webp 703w, https:\/\/jinhuaceramic.com\/wp-content\/uploads\/2024\/06\/candle-container-300x300.webp 300w, https:\/\/jinhuaceramic.com\/wp-content\/uploads\/2024\/06\/candle-container-150x150.webp 150w, https:\/\/jinhuaceramic.com\/wp-content\/uploads\/2024\/06\/candle-container-285x285.webp 285w, https:\/\/jinhuaceramic.com\/wp-content\/uploads\/2024\/06\/candle-container-270x270.webp 270w, https:\/\/jinhuaceramic.com\/wp-content\/uploads\/2024\/06\/candle-container-540x540.webp 540w, https:\/\/jinhuaceramic.com\/wp-content\/uploads\/2024\/06\/candle-container-660x660.webp 660w\" sizes=\"(max-width: 703px) 100vw, 703px\" \/><\/figure>\n<\/div>\n<\/div>","protected":false},"excerpt":{"rendered":"<p>Bem-vindo ao comprar recipientes para velas por grosso. Estes elegantes frascos de velas de cer\u00e2mica a granel apresentam um design exclusivo de tr\u00eas an\u00e9is, combinando perfeitamente arte e funcionalidade. Ele vem em v\u00e1rias cores e tamanhos, e a compra a granel ou a personaliza\u00e7\u00e3o personalizada \u00e9 suportada. Seu material cer\u00e2mico de alta qualidade garante durabilidade e respeito ao meio ambiente, tornando-os uma escolha ideal para decora\u00e7\u00e3o de casa e uso comercial.<\/p>","protected":false},"featured_media":4927,"comment_status":"closed","ping_status":"closed","template":"","meta":{"_acf_changed":false},"product_brand":[],"product_cat":[52],"product_tag":[66],"class_list":{"0":"post-4922","1":"product","2":"type-product","3":"status-publish","4":"has-post-thumbnail","6":"product_cat-wholesale-candle-containers","7":"product_tag-candle-jars-wholesale","9":"first","10":"instock","11":"shipping-taxable","12":"product-type-simple"},"acf":[],"_links":{"self":[{"href":"https:\/\/jinhuaceramic.com\/pt\/wp-json\/wp\/v2\/product\/4922","targetHints":{"allow":["GET"]}}],"collection":[{"href":"https:\/\/jinhuaceramic.com\/pt\/wp-json\/wp\/v2\/product"}],"about":[{"href":"https:\/\/jinhuaceramic.com\/pt\/wp-json\/wp\/v2\/types\/product"}],"replies":[{"embeddable":true,"href":"https:\/\/jinhuaceramic.com\/pt\/wp-json\/wp\/v2\/comments?post=4922"}],"version-history":[{"count":0,"href":"https:\/\/jinhuaceramic.com\/pt\/wp-json\/wp\/v2\/product\/4922\/revisions"}],"wp:featuredmedia":[{"embeddable":true,"href":"https:\/\/jinhuaceramic.com\/pt\/wp-json\/wp\/v2\/media\/4927"}],"wp:attachment":[{"href":"https:\/\/jinhuaceramic.com\/pt\/wp-json\/wp\/v2\/media?parent=4922"}],"wp:term":[{"taxonomy":"product_brand","embeddable":true,"href":"https:\/\/jinhuaceramic.com\/pt\/wp-json\/wp\/v2\/product_brand?post=4922"},{"taxonomy":"product_cat","embeddable":true,"href":"https:\/\/jinhuaceramic.com\/pt\/wp-json\/wp\/v2\/product_cat?post=4922"},{"taxonomy":"product_tag","embeddable":true,"href":"https:\/\/jinhuaceramic.com\/pt\/wp-json\/wp\/v2\/product_tag?post=4922"}],"curies":[{"name":"wp","href":"https:\/\/api.w.org\/{rel}","templated":true}]}}