{"id":4989,"date":"2024-06-26T09:29:58","date_gmt":"2024-06-26T09:29:58","guid":{"rendered":"https:\/\/jinhuaceramic.com\/?post_type=product&#038;p=4989"},"modified":"2025-03-11T08:26:40","modified_gmt":"2025-03-11T08:26:40","slug":"non-stick-wholesale-ceramic-bakeware","status":"publish","type":"product","link":"https:\/\/jinhuaceramic.com\/pt\/product\/non-stick-wholesale-ceramic-bakeware\/","title":{"rendered":"Formas para bolos de cer\u00e2mica, antiaderentes e personalizadas, com design de arestas onduladas"},"content":{"rendered":"<div class=\"wp-block-columns is-layout-flex wp-container-core-columns-is-layout-9d6595d7 wp-block-columns-is-layout-flex\">\n<div class=\"wp-block-column is-layout-flow wp-block-column-is-layout-flow\">\n<h3 class=\"wp-block-heading\">Bakeware de cer\u00e2mica Premium Wholesale Carater\u00edsticas:<\/h3>\n\n\n\n<ul class=\"wp-block-list\">\n<li><strong>Design de borda ondulada:<\/strong> Este assador de cer\u00e2mica para venda por atacado apresenta um design de borda ondulada, acrescentando beleza \u00e0 assadeira; assim, tornando o seu trabalho assado apelativo em termos de sabor e com um efeito visual adequado para exposi\u00e7\u00e3o em casa ou mesmo em restaurantes.<\/li>\n\n\n\n<li><strong>Superf\u00edcie cer\u00e2mica n\u00e3o est\u00e1tica: <\/strong>As nossas formas personalizadas utilizam material cer\u00e2mico de alta qualidade, que consegue obter um efeito antiaderente, reduzindo os problemas de limpeza ap\u00f3s a cozedura e facilitando a cozedura. Quer seja para cozer sobremesas ou pratos, podem ser facilmente desmoldados.<\/li>\n\n\n\n<li><strong>Excelente efeito de cozedura: <\/strong>Com uma boa condutividade t\u00e9rmica, os nossos utens\u00edlios de cer\u00e2mica por atacado distribuem eficazmente o calor de forma uniforme, asseguram um aquecimento uniforme dos produtos de pastelaria e cozem-nos com o melhor efeito, estaladi\u00e7os por fora e tenros por dentro. Podem satisfazer uma variedade de necessidades de cozedura, desde p\u00e3o a sobremesas.<\/li>\n\n\n\n<li><strong>Adequado para utiliza\u00e7\u00e3o frequente:<\/strong> Estes tabuleiros personalizados n\u00e3o s\u00f3 s\u00e3o resistentes a altas temperaturas, adequados para fornos e micro-ondas, como tamb\u00e9m s\u00e3o dur\u00e1veis para uma utiliza\u00e7\u00e3o prolongada e frequente. A superf\u00edcie de esmalte \u00e9 lisa, f\u00e1cil de limpar \u00e0 m\u00e3o ou na m\u00e1quina de lavar lou\u00e7a, e de f\u00e1cil manuten\u00e7\u00e3o.<\/li>\n<\/ul>\n<\/div>\n\n\n\n<div class=\"wp-block-column is-layout-flow wp-block-column-is-layout-flow\">\n<figure class=\"wp-block-image size-full\"><img fetchpriority=\"high\" decoding=\"async\" width=\"1100\" height=\"1500\" src=\"https:\/\/jinhuaceramic.com\/wp-content\/uploads\/2024\/06\/bakeware.webp\" alt=\"frigideiras de cer\u00e2mica antiaderentes para venda a retalho\" class=\"wp-image-4991\" srcset=\"https:\/\/jinhuaceramic.com\/wp-content\/uploads\/2024\/06\/bakeware.webp 1100w, https:\/\/jinhuaceramic.com\/wp-content\/uploads\/2024\/06\/bakeware-220x300.webp 220w, https:\/\/jinhuaceramic.com\/wp-content\/uploads\/2024\/06\/bakeware-768x1047.webp 768w, https:\/\/jinhuaceramic.com\/wp-content\/uploads\/2024\/06\/bakeware-285x389.webp 285w, https:\/\/jinhuaceramic.com\/wp-content\/uploads\/2024\/06\/bakeware-484x660.webp 484w, https:\/\/jinhuaceramic.com\/wp-content\/uploads\/2024\/06\/bakeware-110x150.webp 110w\" sizes=\"(max-width: 1100px) 100vw, 1100px\" \/><\/figure>\n<\/div>\n<\/div>","protected":false},"excerpt":{"rendered":"<p>Bem-vindo \u00e0s formas personalizadas e \u00e0 compra de formas para tartes. Esta forma de cer\u00e2mica com rebordo ondulado \u00e9 antiaderente, o que significa que os alimentos ser\u00e3o facilmente desmoldados para poderem ser utilizados em v\u00e1rias cozeduras. Feitos de material cer\u00e2mico, estes t\u00eam um bom desempenho na distribui\u00e7\u00e3o uniforme do calor, proporcionando resultados de cozedura perfeitos, s\u00e3o f\u00e1ceis de limpar e tamb\u00e9m dur\u00e1veis e duradouros.<\/p>","protected":false},"featured_media":4994,"comment_status":"closed","ping_status":"closed","template":"","meta":{"_acf_changed":false},"product_brand":[],"product_cat":[53],"product_tag":[70],"class_list":{"0":"post-4989","1":"product","2":"type-product","3":"status-publish","4":"has-post-thumbnail","6":"product_cat-bakeware-in-bulk","7":"product_tag-custom-pie-pans","9":"first","10":"instock","11":"shipping-taxable","12":"product-type-simple"},"acf":[],"_links":{"self":[{"href":"https:\/\/jinhuaceramic.com\/pt\/wp-json\/wp\/v2\/product\/4989","targetHints":{"allow":["GET"]}}],"collection":[{"href":"https:\/\/jinhuaceramic.com\/pt\/wp-json\/wp\/v2\/product"}],"about":[{"href":"https:\/\/jinhuaceramic.com\/pt\/wp-json\/wp\/v2\/types\/product"}],"replies":[{"embeddable":true,"href":"https:\/\/jinhuaceramic.com\/pt\/wp-json\/wp\/v2\/comments?post=4989"}],"version-history":[{"count":0,"href":"https:\/\/jinhuaceramic.com\/pt\/wp-json\/wp\/v2\/product\/4989\/revisions"}],"wp:featuredmedia":[{"embeddable":true,"href":"https:\/\/jinhuaceramic.com\/pt\/wp-json\/wp\/v2\/media\/4994"}],"wp:attachment":[{"href":"https:\/\/jinhuaceramic.com\/pt\/wp-json\/wp\/v2\/media?parent=4989"}],"wp:term":[{"taxonomy":"product_brand","embeddable":true,"href":"https:\/\/jinhuaceramic.com\/pt\/wp-json\/wp\/v2\/product_brand?post=4989"},{"taxonomy":"product_cat","embeddable":true,"href":"https:\/\/jinhuaceramic.com\/pt\/wp-json\/wp\/v2\/product_cat?post=4989"},{"taxonomy":"product_tag","embeddable":true,"href":"https:\/\/jinhuaceramic.com\/pt\/wp-json\/wp\/v2\/product_tag?post=4989"}],"curies":[{"name":"wp","href":"https:\/\/api.w.org\/{rel}","templated":true}]}}