{"id":5002,"date":"2024-06-27T10:13:32","date_gmt":"2024-06-27T10:13:32","guid":{"rendered":"https:\/\/jinhuaceramic.com\/?post_type=product&#038;p=5002"},"modified":"2026-02-05T03:54:18","modified_gmt":"2026-02-05T03:54:18","slug":"ceramic-bathroom-set-wholesale","status":"publish","type":"product","link":"https:\/\/jinhuaceramic.com\/pt\/product\/ceramic-bathroom-set-wholesale\/","title":{"rendered":"Conjunto de casa de banho em cer\u00e2mica com textura de m\u00e1rmore dourado"},"content":{"rendered":"<div class=\"wp-block-columns is-layout-flex wp-container-core-columns-is-layout-9d6595d7 wp-block-columns-is-layout-flex\">\n<div class=\"wp-block-column is-layout-flow wp-block-column-is-layout-flow\">\n<h3 class=\"wp-block-heading\">Conjunto de casa de banho em cer\u00e2mica Premium Carater\u00edsticas por atacado:<\/h3>\n\n\n\n<ul class=\"wp-block-list\">\n<li><strong>Design de alto n\u00edvel e atmosf\u00e9rico: <\/strong>Este conjunto de casa de banho de cer\u00e2mica por atacado tem um design de textura de m\u00e1rmore dourado s\u00e9nior, que acrescenta ao espa\u00e7o de banho um temperamento nobre \u00fanico e uma atmosfera elegante, adequado para hot\u00e9is de luxo e resid\u00eancias boutique.<\/li>\n\n\n\n<li><strong>Cer\u00e2mica de alta qualidade: <\/strong>Os nossos acess\u00f3rios de casa de banho a granel s\u00e3o fabricados em cer\u00e2mica de alta qualidade, que apresenta resist\u00eancia, durabilidade, uma superf\u00edcie lisa e n\u00e3o sucumbe facilmente a manchas de \u00e1gua. Isto significa que ser\u00e3o f\u00e1ceis de limpar e manter\u00e3o o seu aspeto brilhante durante muito tempo, garantindo aos consumidores experi\u00eancias de utiliza\u00e7\u00e3o duradouras.<\/li>\n\n\n\n<li><strong>Imperme\u00e1vel e duradouro, adequado para o ambiente da casa de banho: <\/strong>Este conjunto de casa de banho em cer\u00e2mica por atacado tem uma boa capacidade de impermeabiliza\u00e7\u00e3o, n\u00e3o \u00e9 facilmente humedecido e n\u00e3o \u00e9 propenso a deteriora\u00e7\u00e3o, pelo que se adequaria bem a uma casa de banho, que \u00e9 normalmente h\u00famida.<\/li>\n\n\n\n<li><strong>Rica combina\u00e7\u00e3o de acess\u00f3rios: <\/strong>Este conjunto de acess\u00f3rios de casa de banho a granel inclui uma variedade de acess\u00f3rios de casa de banho, incluindo copos para escovas de dentes, saboneteiras, dispensadores de sabonete l\u00edquido, etc., que podem perfeitamente satisfazer todos os tipos de necessidades di\u00e1rias num s\u00f3 e oferecer a solu\u00e7\u00e3o geral mais pr\u00e1tica para a casa de banho<\/li>\n\n\n\n<li><strong>Personaliza\u00e7\u00e3o OEM e ODM:<\/strong> Suporte para impress\u00e3o de log\u00f3tipos, personaliza\u00e7\u00e3o de padr\u00f5es, envidra\u00e7amento de cores, design de embalagens e marcas pr\u00f3prias para retalhistas, hot\u00e9is e importadores.<\/li>\n<\/ul>\n<\/div>\n\n\n\n<div class=\"wp-block-column is-layout-flow wp-block-column-is-layout-flow\">\n<figure class=\"wp-block-image size-full\"><img fetchpriority=\"high\" decoding=\"async\" width=\"700\" height=\"700\" src=\"https:\/\/jinhuaceramic.com\/wp-content\/uploads\/2024\/06\/soap-bottle.webp\" alt=\"Conjunto de casa de banho de luxo em cer\u00e2mica preta e dourada - Venda por grosso\" class=\"wp-image-5005\" srcset=\"https:\/\/jinhuaceramic.com\/wp-content\/uploads\/2024\/06\/soap-bottle.webp 700w, https:\/\/jinhuaceramic.com\/wp-content\/uploads\/2024\/06\/soap-bottle-300x300.webp 300w, https:\/\/jinhuaceramic.com\/wp-content\/uploads\/2024\/06\/soap-bottle-150x150.webp 150w, https:\/\/jinhuaceramic.com\/wp-content\/uploads\/2024\/06\/soap-bottle-285x285.webp 285w, https:\/\/jinhuaceramic.com\/wp-content\/uploads\/2024\/06\/soap-bottle-270x270.webp 270w, https:\/\/jinhuaceramic.com\/wp-content\/uploads\/2024\/06\/soap-bottle-540x540.webp 540w, https:\/\/jinhuaceramic.com\/wp-content\/uploads\/2024\/06\/soap-bottle-660x660.webp 660w\" sizes=\"(max-width: 700px) 100vw, 700px\" \/><\/figure>\n<\/div>\n<\/div>","protected":false},"excerpt":{"rendered":"<p>Bem-vindo aos acess\u00f3rios de casa de banho comprados a granel. Este luxuoso conjunto de casa de banho em cer\u00e2mica por atacado \u00e9 feito de cer\u00e2mica de alta qualidade com um design de textura de m\u00e1rmore dourado, exalando opul\u00eancia e classe. Resistente \u00e0 \u00e1gua e forte, \u00e9 adequado para ambientes de casa de banho. A rica combina\u00e7\u00e3o de acess\u00f3rios ser\u00e1 capaz de satisfazer todos os tipos de necessidades di\u00e1rias e embelezar ainda mais o espa\u00e7o do seu banho.<\/p>","protected":false},"featured_media":5003,"comment_status":"closed","ping_status":"closed","template":"","meta":{"_acf_changed":false},"product_brand":[],"product_cat":[51],"product_tag":[74],"class_list":{"0":"post-5002","1":"product","2":"type-product","3":"status-publish","4":"has-post-thumbnail","6":"product_cat-bathroom-accessories-wholesale","7":"product_tag-ceramic-bath-accessories-wholesale","9":"first","10":"instock","11":"shipping-taxable","12":"product-type-simple"},"acf":[],"_links":{"self":[{"href":"https:\/\/jinhuaceramic.com\/pt\/wp-json\/wp\/v2\/product\/5002","targetHints":{"allow":["GET"]}}],"collection":[{"href":"https:\/\/jinhuaceramic.com\/pt\/wp-json\/wp\/v2\/product"}],"about":[{"href":"https:\/\/jinhuaceramic.com\/pt\/wp-json\/wp\/v2\/types\/product"}],"replies":[{"embeddable":true,"href":"https:\/\/jinhuaceramic.com\/pt\/wp-json\/wp\/v2\/comments?post=5002"}],"version-history":[{"count":0,"href":"https:\/\/jinhuaceramic.com\/pt\/wp-json\/wp\/v2\/product\/5002\/revisions"}],"wp:featuredmedia":[{"embeddable":true,"href":"https:\/\/jinhuaceramic.com\/pt\/wp-json\/wp\/v2\/media\/5003"}],"wp:attachment":[{"href":"https:\/\/jinhuaceramic.com\/pt\/wp-json\/wp\/v2\/media?parent=5002"}],"wp:term":[{"taxonomy":"product_brand","embeddable":true,"href":"https:\/\/jinhuaceramic.com\/pt\/wp-json\/wp\/v2\/product_brand?post=5002"},{"taxonomy":"product_cat","embeddable":true,"href":"https:\/\/jinhuaceramic.com\/pt\/wp-json\/wp\/v2\/product_cat?post=5002"},{"taxonomy":"product_tag","embeddable":true,"href":"https:\/\/jinhuaceramic.com\/pt\/wp-json\/wp\/v2\/product_tag?post=5002"}],"curies":[{"name":"wp","href":"https:\/\/api.w.org\/{rel}","templated":true}]}}