{"id":5033,"date":"2024-07-02T09:31:20","date_gmt":"2024-07-02T09:31:20","guid":{"rendered":"https:\/\/jinhuaceramic.com\/?post_type=product&#038;p=5033"},"modified":"2024-09-21T03:38:10","modified_gmt":"2024-09-21T03:38:10","slug":"empty-candle-jars-wholesale","status":"publish","type":"product","link":"https:\/\/jinhuaceramic.com\/pt\/product\/empty-candle-jars-wholesale\/","title":{"rendered":"Frascos de vela vazios feitos de cer\u00e2mica por atacado com pedestais"},"content":{"rendered":"<div class=\"wp-block-columns is-layout-flex wp-container-core-columns-is-layout-9d6595d7 wp-block-columns-is-layout-flex\">\n<div class=\"wp-block-column is-layout-flow wp-block-column-is-layout-flow\">\n<h3 class=\"wp-block-heading\">Frascos de vela vazios Premium Carater\u00edsticas por atacado:<\/h3>\n\n\n\n<ul class=\"wp-block-list\">\n<li><strong>Design \u00fanico: <\/strong>Estes frascos de velas vazios em bege e creme para venda por grosso apresentam um design moderno e minimalista com uma base em pedestal, o que os torna excelentes decora\u00e7\u00f5es para a casa.<\/li>\n\n\n\n<li><strong>Material duradouro: <\/strong>Estes frascos de velas vazios s\u00e3o feitos de cer\u00e2mica de alta qualidade, resistentes ao calor, \u00e0 prova de estilha\u00e7os, \u00e0 prova de explos\u00e3o, sem chumbo e n\u00e3o t\u00f3xicos.<\/li>\n\n\n\n<li><strong>Reutiliz\u00e1vel: <\/strong>Estes frascos de cer\u00e2mica para velas com uma superf\u00edcie lisa s\u00e3o f\u00e1ceis de limpar. Quando a cera de enchimento se esgota, o frasco de cer\u00e2mica pode ser transformado num vaso de flores, num frasco de arruma\u00e7\u00e3o, num porta-escovas, etc.<\/li>\n\n\n\n<li><strong>Personaliza\u00e7\u00e3o personalizada:<\/strong> Estes frascos vazios para velas de cer\u00e2mica podem ser personalizados. Oferecemos servi\u00e7os OEM e ODM. Pode personalizar a cor, o tamanho, o log\u00f3tipo, o padr\u00e3o ou a embalagem do seu pr\u00f3prio frasco de vela de marca.<\/li>\n<\/ul>\n<\/div>\n\n\n\n<div class=\"wp-block-column is-layout-flow wp-block-column-is-layout-flow\">\n<figure class=\"wp-block-image size-full\"><img fetchpriority=\"high\" decoding=\"async\" width=\"750\" height=\"750\" src=\"https:\/\/jinhuaceramic.com\/wp-content\/uploads\/2024\/07\/candle-container.jpg\" alt=\"Frascos de velas vazios feitos em cer\u00e2mica - venda por grosso - com pedestal\" class=\"wp-image-5034\" srcset=\"https:\/\/jinhuaceramic.com\/wp-content\/uploads\/2024\/07\/candle-container.jpg 750w, https:\/\/jinhuaceramic.com\/wp-content\/uploads\/2024\/07\/candle-container-300x300.jpg 300w, https:\/\/jinhuaceramic.com\/wp-content\/uploads\/2024\/07\/candle-container-150x150.jpg 150w, https:\/\/jinhuaceramic.com\/wp-content\/uploads\/2024\/07\/candle-container-285x285.jpg 285w, https:\/\/jinhuaceramic.com\/wp-content\/uploads\/2024\/07\/candle-container-270x270.jpg 270w, https:\/\/jinhuaceramic.com\/wp-content\/uploads\/2024\/07\/candle-container-540x540.jpg 540w, https:\/\/jinhuaceramic.com\/wp-content\/uploads\/2024\/07\/candle-container-660x660.jpg 660w\" sizes=\"(max-width: 750px) 100vw, 750px\" \/><\/figure>\n<\/div>\n<\/div>","protected":false},"excerpt":{"rendered":"<p>Estes frascos para velas vazios feitos de cer\u00e2mica com pedestais s\u00e3o os mais vendidos devido ao seu design \u00fanico e ao material cer\u00e2mico dur\u00e1vel de alta qualidade. Com uma superf\u00edcie lisa e uma estrutura cer\u00e2mica robusta, esses potes de vela com pedestal s\u00e3o f\u00e1ceis de limpar e reutiliz\u00e1veis. Al\u00e9m disso, como fabricante, oferecemos um servi\u00e7o personalizado para este frasco de vela.<\/p>","protected":false},"featured_media":5036,"comment_status":"closed","ping_status":"closed","template":"","meta":{"_acf_changed":false},"product_brand":[],"product_cat":[52],"product_tag":[66],"class_list":{"0":"post-5033","1":"product","2":"type-product","3":"status-publish","4":"has-post-thumbnail","6":"product_cat-wholesale-candle-containers","7":"product_tag-candle-jars-wholesale","9":"first","10":"instock","11":"shipping-taxable","12":"product-type-simple"},"acf":[],"_links":{"self":[{"href":"https:\/\/jinhuaceramic.com\/pt\/wp-json\/wp\/v2\/product\/5033","targetHints":{"allow":["GET"]}}],"collection":[{"href":"https:\/\/jinhuaceramic.com\/pt\/wp-json\/wp\/v2\/product"}],"about":[{"href":"https:\/\/jinhuaceramic.com\/pt\/wp-json\/wp\/v2\/types\/product"}],"replies":[{"embeddable":true,"href":"https:\/\/jinhuaceramic.com\/pt\/wp-json\/wp\/v2\/comments?post=5033"}],"version-history":[{"count":0,"href":"https:\/\/jinhuaceramic.com\/pt\/wp-json\/wp\/v2\/product\/5033\/revisions"}],"wp:featuredmedia":[{"embeddable":true,"href":"https:\/\/jinhuaceramic.com\/pt\/wp-json\/wp\/v2\/media\/5036"}],"wp:attachment":[{"href":"https:\/\/jinhuaceramic.com\/pt\/wp-json\/wp\/v2\/media?parent=5033"}],"wp:term":[{"taxonomy":"product_brand","embeddable":true,"href":"https:\/\/jinhuaceramic.com\/pt\/wp-json\/wp\/v2\/product_brand?post=5033"},{"taxonomy":"product_cat","embeddable":true,"href":"https:\/\/jinhuaceramic.com\/pt\/wp-json\/wp\/v2\/product_cat?post=5033"},{"taxonomy":"product_tag","embeddable":true,"href":"https:\/\/jinhuaceramic.com\/pt\/wp-json\/wp\/v2\/product_tag?post=5033"}],"curies":[{"name":"wp","href":"https:\/\/api.w.org\/{rel}","templated":true}]}}