{"id":5049,"date":"2024-07-02T09:42:51","date_gmt":"2024-07-02T09:42:51","guid":{"rendered":"https:\/\/jinhuaceramic.com\/?post_type=product&#038;p=5049"},"modified":"2025-03-10T09:10:06","modified_gmt":"2025-03-10T09:10:06","slug":"custom-casserole-dish-in-bulk","status":"publish","type":"product","link":"https:\/\/jinhuaceramic.com\/pt\/product\/custom-casserole-dish-in-bulk\/","title":{"rendered":"Pratos de ca\u00e7arola personalizados, pratos de ca\u00e7arola por atacado com tampa e padr\u00e3o elegante"},"content":{"rendered":"<div class=\"wp-block-columns is-layout-flex wp-container-core-columns-is-layout-9d6595d7 wp-block-columns-is-layout-flex\">\n<div class=\"wp-block-column is-layout-flow wp-block-column-is-layout-flow\">\n<h3 class=\"wp-block-heading\">Pratos de ca\u00e7arola personalizados Premium Carater\u00edsticas:<\/h3>\n\n\n\n<ul class=\"wp-block-list\">\n<li><strong>Desenho requintado de padr\u00e3o floral em relevo azul: <\/strong>Estes pratos de ca\u00e7arola personalizados s\u00e3o em tom de base azul e com elegantes flores em relevo, o que trar\u00e1 uma atmosfera art\u00edstica luxuosa \u00e0 cozinha e \u00e0 mesa de jantar. Estes pratos de ca\u00e7arola por atacado podem acrescentar uma beleza visual \u00fanica ao jantar.<\/li>\n\n\n\n<li><strong>Tampa de cer\u00e2mica a condizer: <\/strong>A nossa ca\u00e7arola por atacado est\u00e1 equipada com uma tampa de cer\u00e2mica combinada, que se adapta bem ao corpo da panela e pode manter a temperatura e a humidade dos alimentos para os manter frescos e quentes durante muito tempo ap\u00f3s a cozedura, mostrando o melhor sabor.<\/li>\n\n\n\n<li><strong>Adequado para uma variedade de equipamentos de cozinha: <\/strong>Estas ca\u00e7arolas personalizadas s\u00e3o adequadas para fornos micro-ondas, fornos e frigor\u00edficos, e podem facilmente satisfazer as suas necessidades, desde cozinhar a armazenar. Aumentam consideravelmente a efici\u00eancia e a comodidade das opera\u00e7\u00f5es na cozinha, tornando-se assim uma escolha ideal para cozinhar em casa.<\/li>\n\n\n\n<li><strong>Satisfazer necessidades diversificadas: <\/strong>A fim de atender \u00e0s v\u00e1rias necessidades de diferentes clientes, a nossa ca\u00e7arola por atacado pode fornecer servi\u00e7os personalizados, o que pode permitir que os consumidores escolham diferentes tamanhos e padr\u00f5es ou detalhes de design. Esta op\u00e7\u00e3o de personaliza\u00e7\u00e3o flex\u00edvel torna-a n\u00e3o s\u00f3 adequada para uso dom\u00e9stico, mas tamb\u00e9m muito adequada para a ind\u00fastria da restaura\u00e7\u00e3o e promo\u00e7\u00e3o da marca.<\/li>\n<\/ul>\n<\/div>\n\n\n\n<div class=\"wp-block-column is-layout-flow wp-block-column-is-layout-flow\">\n<figure class=\"wp-block-image size-full\"><img fetchpriority=\"high\" decoding=\"async\" width=\"1500\" height=\"1439\" src=\"https:\/\/jinhuaceramic.com\/wp-content\/uploads\/2024\/07\/casserole-dishes.webp\" alt=\"ca\u00e7arola-em-bulk-com-tampa-e-elegante-panten\" class=\"wp-image-5054\" srcset=\"https:\/\/jinhuaceramic.com\/wp-content\/uploads\/2024\/07\/casserole-dishes.webp 1500w, https:\/\/jinhuaceramic.com\/wp-content\/uploads\/2024\/07\/casserole-dishes-300x288.webp 300w, https:\/\/jinhuaceramic.com\/wp-content\/uploads\/2024\/07\/casserole-dishes-768x737.webp 768w, https:\/\/jinhuaceramic.com\/wp-content\/uploads\/2024\/07\/casserole-dishes-285x273.webp 285w, https:\/\/jinhuaceramic.com\/wp-content\/uploads\/2024\/07\/casserole-dishes-660x633.webp 660w, https:\/\/jinhuaceramic.com\/wp-content\/uploads\/2024\/07\/casserole-dishes-150x144.webp 150w\" sizes=\"(max-width: 1500px) 100vw, 1500px\" \/><\/figure>\n<\/div>\n<\/div>","protected":false},"excerpt":{"rendered":"<p>Bem-vindo \u00e0 compra de pratos de ca\u00e7arola por atacado. Os nossos pratos de ca\u00e7arola azuis personalizados apresentam um belo padr\u00e3o em relevo e uma tampa de encaixe, mantendo os alimentos frescos e quentes. Pode ser utilizado em micro-ondas, fornos, frigor\u00edficos para servir muitas necessidades culin\u00e1rias com flexibilidade. Por conseguinte, ser\u00e1 um utens\u00edlio de cozinha perfeito com utiliza\u00e7\u00e3o pr\u00e1tica e beleza.<\/p>","protected":false},"featured_media":5053,"comment_status":"closed","ping_status":"closed","template":"","meta":{"_acf_changed":false},"product_brand":[],"product_cat":[53],"product_tag":[69],"class_list":{"0":"post-5049","1":"product","2":"type-product","3":"status-publish","4":"has-post-thumbnail","6":"product_cat-bakeware-in-bulk","7":"product_tag-bulk-ramekins","9":"first","10":"instock","11":"shipping-taxable","12":"product-type-simple"},"acf":[],"_links":{"self":[{"href":"https:\/\/jinhuaceramic.com\/pt\/wp-json\/wp\/v2\/product\/5049","targetHints":{"allow":["GET"]}}],"collection":[{"href":"https:\/\/jinhuaceramic.com\/pt\/wp-json\/wp\/v2\/product"}],"about":[{"href":"https:\/\/jinhuaceramic.com\/pt\/wp-json\/wp\/v2\/types\/product"}],"replies":[{"embeddable":true,"href":"https:\/\/jinhuaceramic.com\/pt\/wp-json\/wp\/v2\/comments?post=5049"}],"version-history":[{"count":0,"href":"https:\/\/jinhuaceramic.com\/pt\/wp-json\/wp\/v2\/product\/5049\/revisions"}],"wp:featuredmedia":[{"embeddable":true,"href":"https:\/\/jinhuaceramic.com\/pt\/wp-json\/wp\/v2\/media\/5053"}],"wp:attachment":[{"href":"https:\/\/jinhuaceramic.com\/pt\/wp-json\/wp\/v2\/media?parent=5049"}],"wp:term":[{"taxonomy":"product_brand","embeddable":true,"href":"https:\/\/jinhuaceramic.com\/pt\/wp-json\/wp\/v2\/product_brand?post=5049"},{"taxonomy":"product_cat","embeddable":true,"href":"https:\/\/jinhuaceramic.com\/pt\/wp-json\/wp\/v2\/product_cat?post=5049"},{"taxonomy":"product_tag","embeddable":true,"href":"https:\/\/jinhuaceramic.com\/pt\/wp-json\/wp\/v2\/product_tag?post=5049"}],"curies":[{"name":"wp","href":"https:\/\/api.w.org\/{rel}","templated":true}]}}