{"id":5059,"date":"2024-07-02T09:57:05","date_gmt":"2024-07-02T09:57:05","guid":{"rendered":"https:\/\/jinhuaceramic.com\/?post_type=product&#038;p=5059"},"modified":"2026-02-05T04:00:57","modified_gmt":"2026-02-05T04:00:57","slug":"ribbed-custom-bathroom-sets","status":"publish","type":"product","link":"https:\/\/jinhuaceramic.com\/pt\/product\/ribbed-custom-bathroom-sets\/","title":{"rendered":"Conjuntos de casa de banho personalizados de luxo, acess\u00f3rios de banho em cer\u00e2mica a granel"},"content":{"rendered":"<div class=\"wp-block-columns is-layout-flex wp-container-core-columns-is-layout-9d6595d7 wp-block-columns-is-layout-flex\">\n<div class=\"wp-block-column is-layout-flow wp-block-column-is-layout-flow\">\n<h3 class=\"wp-block-heading\">Conjuntos de casa de banho personalizados Premium Carater\u00edsticas por atacado:<\/h3>\n\n\n\n<ul class=\"wp-block-list\">\n<li><strong>Design requintado, combina\u00e7\u00e3o de cinzento e madeira:<\/strong> Estes conjuntos de casa de banho personalizados adoptam o cinzento da moda e a tampa de madeira quente, perfeitamente combinados, trazendo sentimentos modernos pr\u00f3ximos da natureza. Este design \u00fanico real\u00e7a n\u00e3o s\u00f3 a beleza de toda a casa de banho, mas tamb\u00e9m lhe confere algum calor.<\/li>\n\n\n\n<li><strong>Satisfazer necessidades diversificadas:<\/strong> Esta s\u00e9rie de acess\u00f3rios de casa de banho por atacado abrange todos os tipos diferentes, incluindo dispensadores de sab\u00e3o, saboneteiras, copos para escovas de dentes e caixas de armazenamento de cosm\u00e9ticos, com os quais seria suficiente para satisfazer as necessidades no uso di\u00e1rio. Estes acess\u00f3rios de casa de banho foram concebidos com muito cuidado, tornando-os pr\u00e1ticos e enriquecendo o requinte da casa de banho.<\/li>\n\n\n\n<li><strong>Materiais amigos do ambiente, seguros e inofensivos: <\/strong>Os nossos conjuntos de casa de banho personalizados s\u00e3o fabricados com cer\u00e2mica de qualidade misturada com madeira amiga do ambiente para garantir a prote\u00e7\u00e3o ambiental e a seguran\u00e7a. Quer sejam utilizados em casa ou em hot\u00e9is de alta categoria, os utilizadores podem utiliz\u00e1-los com confian\u00e7a.<\/li>\n\n\n\n<li><strong>Personaliza\u00e7\u00e3o personalizada, real\u00e7ando o estilo \u00fanico: <\/strong>Fornecemos servi\u00e7os personalizados para acess\u00f3rios de casa de banho por atacado. Os clientes podem escolher cores, LOGO e outros detalhes de acordo com as suas prefer\u00eancias pessoais, reflectindo perfeitamente o design personalizado e satisfazendo as necessidades de diferentes marcas ou locais.<\/li>\n<\/ul>\n<\/div>\n\n\n\n<div class=\"wp-block-column is-layout-flow wp-block-column-is-layout-flow\">\n<figure class=\"wp-block-image size-full\"><img fetchpriority=\"high\" decoding=\"async\" width=\"1000\" height=\"1000\" src=\"https:\/\/jinhuaceramic.com\/wp-content\/uploads\/2024\/07\/soap-bottle.webp\" alt=\"Conjuntos de casa de banho personalizados de luxo, acess\u00f3rios de casa de banho por atacado com detalhes em bambu-1\" class=\"wp-image-5065\" srcset=\"https:\/\/jinhuaceramic.com\/wp-content\/uploads\/2024\/07\/soap-bottle.webp 1000w, https:\/\/jinhuaceramic.com\/wp-content\/uploads\/2024\/07\/soap-bottle-300x300.webp 300w, https:\/\/jinhuaceramic.com\/wp-content\/uploads\/2024\/07\/soap-bottle-150x150.webp 150w, https:\/\/jinhuaceramic.com\/wp-content\/uploads\/2024\/07\/soap-bottle-768x768.webp 768w, https:\/\/jinhuaceramic.com\/wp-content\/uploads\/2024\/07\/soap-bottle-285x285.webp 285w, https:\/\/jinhuaceramic.com\/wp-content\/uploads\/2024\/07\/soap-bottle-270x270.webp 270w, https:\/\/jinhuaceramic.com\/wp-content\/uploads\/2024\/07\/soap-bottle-540x540.webp 540w, https:\/\/jinhuaceramic.com\/wp-content\/uploads\/2024\/07\/soap-bottle-660x660.webp 660w\" sizes=\"(max-width: 1000px) 100vw, 1000px\" \/><\/figure>\n<\/div>\n<\/div>","protected":false},"excerpt":{"rendered":"<p>Bem-vindo aos conjuntos de casa de banho personalizados. Este luxuoso conjunto de acess\u00f3rios de casa de banho por atacado em cor cinzenta com tampas de madeira apresenta perfeitamente a harmonia entre o moderno e o natural. Equipado com acess\u00f3rios multifuncionais e materiais ecol\u00f3gicos, seguros e inofensivos, \u00e9 uma s\u00e9rie que se adequa a casas e hot\u00e9is de alta qualidade.<\/p>","protected":false},"featured_media":5063,"comment_status":"closed","ping_status":"closed","template":"","meta":{"_acf_changed":false},"product_brand":[],"product_cat":[51],"product_tag":[74],"class_list":{"0":"post-5059","1":"product","2":"type-product","3":"status-publish","4":"has-post-thumbnail","6":"product_cat-bathroom-accessories-wholesale","7":"product_tag-ceramic-bath-accessories-wholesale","9":"first","10":"instock","11":"shipping-taxable","12":"product-type-simple"},"acf":[],"_links":{"self":[{"href":"https:\/\/jinhuaceramic.com\/pt\/wp-json\/wp\/v2\/product\/5059","targetHints":{"allow":["GET"]}}],"collection":[{"href":"https:\/\/jinhuaceramic.com\/pt\/wp-json\/wp\/v2\/product"}],"about":[{"href":"https:\/\/jinhuaceramic.com\/pt\/wp-json\/wp\/v2\/types\/product"}],"replies":[{"embeddable":true,"href":"https:\/\/jinhuaceramic.com\/pt\/wp-json\/wp\/v2\/comments?post=5059"}],"version-history":[{"count":0,"href":"https:\/\/jinhuaceramic.com\/pt\/wp-json\/wp\/v2\/product\/5059\/revisions"}],"wp:featuredmedia":[{"embeddable":true,"href":"https:\/\/jinhuaceramic.com\/pt\/wp-json\/wp\/v2\/media\/5063"}],"wp:attachment":[{"href":"https:\/\/jinhuaceramic.com\/pt\/wp-json\/wp\/v2\/media?parent=5059"}],"wp:term":[{"taxonomy":"product_brand","embeddable":true,"href":"https:\/\/jinhuaceramic.com\/pt\/wp-json\/wp\/v2\/product_brand?post=5059"},{"taxonomy":"product_cat","embeddable":true,"href":"https:\/\/jinhuaceramic.com\/pt\/wp-json\/wp\/v2\/product_cat?post=5059"},{"taxonomy":"product_tag","embeddable":true,"href":"https:\/\/jinhuaceramic.com\/pt\/wp-json\/wp\/v2\/product_tag?post=5059"}],"curies":[{"name":"wp","href":"https:\/\/api.w.org\/{rel}","templated":true}]}}