{"id":5071,"date":"2024-07-02T09:51:20","date_gmt":"2024-07-02T09:51:20","guid":{"rendered":"https:\/\/jinhuaceramic.com\/?post_type=product&#038;p=5071"},"modified":"2025-03-10T09:07:43","modified_gmt":"2025-03-10T09:07:43","slug":"custom-baking-dish-in-bulk","status":"publish","type":"product","link":"https:\/\/jinhuaceramic.com\/pt\/product\/custom-baking-dish-in-bulk\/","title":{"rendered":"Assadeira personalizada a granel, assadeira retangular por atacado"},"content":{"rendered":"<div class=\"wp-block-columns is-layout-flex wp-container-core-columns-is-layout-9d6595d7 wp-block-columns-is-layout-flex\">\n<div class=\"wp-block-column is-layout-flow wp-block-column-is-layout-flow\">\n<h3 class=\"wp-block-heading\">Prato de cozimento personalizado Premium Carater\u00edsticas:<\/h3>\n\n\n\n<ul class=\"wp-block-list\">\n<li><strong>Design cl\u00e1ssico retangular: <\/strong>Esta assadeira vermelha personalizada a granel adopta um design retangular cl\u00e1ssico, que \u00e9 muito adequado para uma variedade de necessidades de cozedura, tais como p\u00e3o, pratos de cozedura, sobremesas, etc. \u00c9 adequada para a cozedura dom\u00e9stica e pode tamb\u00e9m satisfazer as necessidades em grande escala de restaurantes ou banquetes.<\/li>\n\n\n\n<li><strong>Esmalte vermelho vivo: <\/strong>Estes artigos de cer\u00e2mica para pastelaria por atacado adoptam um esmalte vermelho vivo, que n\u00e3o s\u00f3 d\u00e1 um toque de cor brilhante \u00e0 cozinha, como tamb\u00e9m torna os produtos de pastelaria mais apelativos na mesa, combinando praticidade e decoratividade.<\/li>\n\n\n\n<li><strong>Cozinhar a alta temperatura \u00e9 seguro: <\/strong>Esta assadeira personalizada a granel pode suportar temperaturas elevadas e \u00e9 adequada para diferentes m\u00e9todos de aquecimento, como fornos e micro-ondas, garantindo que os produtos cozinhados s\u00e3o aquecidos uniformemente, ajudando-o a confecionar facilmente pratos deliciosos.<\/li>\n\n\n\n<li><strong>Servi\u00e7o personalizado para responder \u00e0s necessidades de cada um: <\/strong>Estes bakeware de cer\u00e2mica por atacado suportam a personaliza\u00e7\u00e3o a granel. Voc\u00ea pode escolher diferentes tamanhos ou designs personalizados de acordo com suas necessidades. \u00c9 adequado para retalhistas de marca e empresas de catering para fazer personaliza\u00e7\u00f5es \u00fanicas e melhorar a sua imagem de marca.<\/li>\n<\/ul>\n<\/div>\n\n\n\n<div class=\"wp-block-column is-layout-flow wp-block-column-is-layout-flow\">\n<figure class=\"wp-block-image size-full\"><img fetchpriority=\"high\" decoding=\"async\" width=\"1000\" height=\"1000\" src=\"https:\/\/jinhuaceramic.com\/wp-content\/uploads\/2024\/07\/ceramic-baking-dish.jpg\" alt=\"Conjunto de assadeiras de cer\u00e2mica personalizadas - assadeiras rectangulares - a granel\" class=\"wp-image-5076\" srcset=\"https:\/\/jinhuaceramic.com\/wp-content\/uploads\/2024\/07\/ceramic-baking-dish.jpg 1000w, https:\/\/jinhuaceramic.com\/wp-content\/uploads\/2024\/07\/ceramic-baking-dish-300x300.jpg 300w, https:\/\/jinhuaceramic.com\/wp-content\/uploads\/2024\/07\/ceramic-baking-dish-150x150.jpg 150w, https:\/\/jinhuaceramic.com\/wp-content\/uploads\/2024\/07\/ceramic-baking-dish-768x768.jpg 768w, https:\/\/jinhuaceramic.com\/wp-content\/uploads\/2024\/07\/ceramic-baking-dish-285x285.jpg 285w, https:\/\/jinhuaceramic.com\/wp-content\/uploads\/2024\/07\/ceramic-baking-dish-270x270.jpg 270w, https:\/\/jinhuaceramic.com\/wp-content\/uploads\/2024\/07\/ceramic-baking-dish-540x540.jpg 540w, https:\/\/jinhuaceramic.com\/wp-content\/uploads\/2024\/07\/ceramic-baking-dish-660x660.jpg 660w\" sizes=\"(max-width: 1000px) 100vw, 1000px\" \/><\/figure>\n<\/div>\n<\/div>\n\n\n\n<p><\/p>","protected":false},"excerpt":{"rendered":"<p>Bem-vindo \u00e0 compra de assadeiras de cer\u00e2mica por atacado. Esta assadeira vermelha personalizada a granel \u00e9 adequada para uma variedade de fins de cozedura. O design cl\u00e1ssico com esmalte vermelho vivo \u00e9 pr\u00e1tico e bonito. A sua resist\u00eancia a altas temperaturas garante uma utiliza\u00e7\u00e3o segura em fornos e micro-ondas, tornando-a ideal para a cozedura dom\u00e9stica e comercial.<\/p>","protected":false},"featured_media":5077,"comment_status":"closed","ping_status":"closed","template":"","meta":{"_acf_changed":false},"product_brand":[],"product_cat":[53],"product_tag":[71],"class_list":{"0":"post-5071","1":"product","2":"type-product","3":"status-publish","4":"has-post-thumbnail","6":"product_cat-bakeware-in-bulk","7":"product_tag-wholesale-baking-pans","9":"first","10":"instock","11":"shipping-taxable","12":"product-type-simple"},"acf":[],"_links":{"self":[{"href":"https:\/\/jinhuaceramic.com\/pt\/wp-json\/wp\/v2\/product\/5071","targetHints":{"allow":["GET"]}}],"collection":[{"href":"https:\/\/jinhuaceramic.com\/pt\/wp-json\/wp\/v2\/product"}],"about":[{"href":"https:\/\/jinhuaceramic.com\/pt\/wp-json\/wp\/v2\/types\/product"}],"replies":[{"embeddable":true,"href":"https:\/\/jinhuaceramic.com\/pt\/wp-json\/wp\/v2\/comments?post=5071"}],"version-history":[{"count":0,"href":"https:\/\/jinhuaceramic.com\/pt\/wp-json\/wp\/v2\/product\/5071\/revisions"}],"wp:featuredmedia":[{"embeddable":true,"href":"https:\/\/jinhuaceramic.com\/pt\/wp-json\/wp\/v2\/media\/5077"}],"wp:attachment":[{"href":"https:\/\/jinhuaceramic.com\/pt\/wp-json\/wp\/v2\/media?parent=5071"}],"wp:term":[{"taxonomy":"product_brand","embeddable":true,"href":"https:\/\/jinhuaceramic.com\/pt\/wp-json\/wp\/v2\/product_brand?post=5071"},{"taxonomy":"product_cat","embeddable":true,"href":"https:\/\/jinhuaceramic.com\/pt\/wp-json\/wp\/v2\/product_cat?post=5071"},{"taxonomy":"product_tag","embeddable":true,"href":"https:\/\/jinhuaceramic.com\/pt\/wp-json\/wp\/v2\/product_tag?post=5071"}],"curies":[{"name":"wp","href":"https:\/\/api.w.org\/{rel}","templated":true}]}}