{"id":5118,"date":"2024-07-05T08:19:56","date_gmt":"2024-07-05T08:19:56","guid":{"rendered":"https:\/\/jinhuaceramic.com\/?post_type=product&#038;p=5118"},"modified":"2025-03-08T03:34:54","modified_gmt":"2025-03-08T03:34:54","slug":"matte-ceramic-candle-jars-bulk","status":"publish","type":"product","link":"https:\/\/jinhuaceramic.com\/pt\/product\/matte-ceramic-candle-jars-bulk\/","title":{"rendered":"Frascos de vela em cer\u00e2mica mate a granel com design minimalista"},"content":{"rendered":"<div class=\"wp-block-columns is-layout-flex wp-container-core-columns-is-layout-9d6595d7 wp-block-columns-is-layout-flex\">\n<div class=\"wp-block-column is-layout-flow wp-block-column-is-layout-flow\">\n<h3 class=\"wp-block-heading\">Frascos para velas em cer\u00e2mica de qualidade superior Carater\u00edsticas a granel:<\/h3>\n\n\n\n<ul class=\"wp-block-list\">\n<li><strong>Design simples:<\/strong> Os nossos frascos de vela em cer\u00e2mica mate a granel t\u00eam uma forma redonda, uma cor neutra, um design simples e cl\u00e1ssico. O esmalte mate bem fosco d\u00e1-lhes um aspeto sofisticado e contribui para o ambiente acolhedor do seu ambiente.<\/li>\n\n\n\n<li><strong>Material de alta qualidade:<\/strong> Estes frascos para velas de cer\u00e2mica a granel s\u00e3o fabricados com material cer\u00e2mico de alta qualidade, resistente ao calor, \u00e0 prova de estilha\u00e7os, \u00e0 prova de explos\u00e3o, n\u00e3o t\u00f3xico e sem chumbo.<\/li>\n\n\n\n<li><strong>Reutiliz\u00e1vel e amigo do ambiente:<\/strong> O suporte de vela em cer\u00e2mica personalizado \u00e9 reutiliz\u00e1vel como vaso de flores ou recipiente de armazenamento depois da vela, maximizando assim a vida \u00fatil do produto.<\/li>\n\n\n\n<li><strong>Personalizado:<\/strong> O frasco de cer\u00e2mica para velas a granel pode ser impresso em cores, design, log\u00f3tipo e embalagem de acordo com as encomendas dos clientes.<\/li>\n<\/ul>\n<\/div>\n\n\n\n<div class=\"wp-block-column is-layout-flow wp-block-column-is-layout-flow\">\n<figure class=\"wp-block-image size-full\"><img fetchpriority=\"high\" decoding=\"async\" width=\"800\" height=\"800\" src=\"https:\/\/jinhuaceramic.com\/wp-content\/uploads\/2024\/07\/candle-jar-1.jpg\" alt=\"boi\u00f5es de vela em cer\u00e2mica mate com design minimalista\" class=\"wp-image-5120\" srcset=\"https:\/\/jinhuaceramic.com\/wp-content\/uploads\/2024\/07\/candle-jar-1.jpg 800w, https:\/\/jinhuaceramic.com\/wp-content\/uploads\/2024\/07\/candle-jar-1-300x300.jpg 300w, https:\/\/jinhuaceramic.com\/wp-content\/uploads\/2024\/07\/candle-jar-1-150x150.jpg 150w, https:\/\/jinhuaceramic.com\/wp-content\/uploads\/2024\/07\/candle-jar-1-768x768.jpg 768w, https:\/\/jinhuaceramic.com\/wp-content\/uploads\/2024\/07\/candle-jar-1-12x12.jpg 12w, https:\/\/jinhuaceramic.com\/wp-content\/uploads\/2024\/07\/candle-jar-1-285x285.jpg 285w, https:\/\/jinhuaceramic.com\/wp-content\/uploads\/2024\/07\/candle-jar-1-270x270.jpg 270w, https:\/\/jinhuaceramic.com\/wp-content\/uploads\/2024\/07\/candle-jar-1-540x540.jpg 540w, https:\/\/jinhuaceramic.com\/wp-content\/uploads\/2024\/07\/candle-jar-1-660x660.jpg 660w\" sizes=\"(max-width: 800px) 100vw, 800px\" \/><\/figure>\n<\/div>\n<\/div>","protected":false},"excerpt":{"rendered":"<p>Esses potes de vela de cer\u00e2mica fosca a granel s\u00e3o os mais vendidos devido ao seu design minimalista, materiais cer\u00e2micos de alta qualidade e reutiliza\u00e7\u00e3o ecol\u00f3gica. Como f\u00e1brica, apoiamos pedidos em massa para personaliza\u00e7\u00e3o de esmaltes personalizados. Esses potes de vela de cer\u00e2mica personaliz\u00e1veis s\u00e3o ideais para hot\u00e9is boutique e lojas de compradores para criar uma experi\u00eancia c\u00eanica para o consumidor. Bem-vindo \u00e0 personaliza\u00e7\u00e3o de nossos potes de vela de cer\u00e2mica minimalistas.<\/p>","protected":false},"featured_media":5123,"comment_status":"closed","ping_status":"closed","template":"","meta":{"_acf_changed":false},"product_brand":[],"product_cat":[52],"product_tag":[66],"class_list":{"0":"post-5118","1":"product","2":"type-product","3":"status-publish","4":"has-post-thumbnail","6":"product_cat-wholesale-candle-containers","7":"product_tag-candle-jars-wholesale","9":"first","10":"instock","11":"shipping-taxable","12":"product-type-simple"},"acf":[],"_links":{"self":[{"href":"https:\/\/jinhuaceramic.com\/pt\/wp-json\/wp\/v2\/product\/5118","targetHints":{"allow":["GET"]}}],"collection":[{"href":"https:\/\/jinhuaceramic.com\/pt\/wp-json\/wp\/v2\/product"}],"about":[{"href":"https:\/\/jinhuaceramic.com\/pt\/wp-json\/wp\/v2\/types\/product"}],"replies":[{"embeddable":true,"href":"https:\/\/jinhuaceramic.com\/pt\/wp-json\/wp\/v2\/comments?post=5118"}],"version-history":[{"count":0,"href":"https:\/\/jinhuaceramic.com\/pt\/wp-json\/wp\/v2\/product\/5118\/revisions"}],"wp:featuredmedia":[{"embeddable":true,"href":"https:\/\/jinhuaceramic.com\/pt\/wp-json\/wp\/v2\/media\/5123"}],"wp:attachment":[{"href":"https:\/\/jinhuaceramic.com\/pt\/wp-json\/wp\/v2\/media?parent=5118"}],"wp:term":[{"taxonomy":"product_brand","embeddable":true,"href":"https:\/\/jinhuaceramic.com\/pt\/wp-json\/wp\/v2\/product_brand?post=5118"},{"taxonomy":"product_cat","embeddable":true,"href":"https:\/\/jinhuaceramic.com\/pt\/wp-json\/wp\/v2\/product_cat?post=5118"},{"taxonomy":"product_tag","embeddable":true,"href":"https:\/\/jinhuaceramic.com\/pt\/wp-json\/wp\/v2\/product_tag?post=5118"}],"curies":[{"name":"wp","href":"https:\/\/api.w.org\/{rel}","templated":true}]}}