{"id":5170,"date":"2024-07-05T08:11:20","date_gmt":"2024-07-05T08:11:20","guid":{"rendered":"https:\/\/jinhuaceramic.com\/?post_type=product&#038;p=5170"},"modified":"2024-11-05T06:55:58","modified_gmt":"2024-11-05T06:55:58","slug":"bathroom-accessories-set-bulk","status":"publish","type":"product","link":"https:\/\/jinhuaceramic.com\/pt\/product\/bathroom-accessories-set-bulk\/","title":{"rendered":"Conjunto de Acess\u00f3rios de Casa de Banho em Cer\u00e2mica com 6 Pe\u00e7as a granel, Acess\u00f3rios de Banho por atacado"},"content":{"rendered":"<div class=\"wp-block-columns is-layout-flex wp-container-core-columns-is-layout-9d6595d7 wp-block-columns-is-layout-flex\">\n<div class=\"wp-block-column is-layout-flow wp-block-column-is-layout-flow\">\n<h3 class=\"wp-block-heading\">Conjunto de acess\u00f3rios de casa de banho Premium Carater\u00edsticas a granel:<\/h3>\n\n\n\n<ul class=\"wp-block-list\">\n<li><strong>Combina\u00e7\u00e3o luxuosa de cores: <\/strong>Este conjunto de acess\u00f3rios de casa de banho de 6 pe\u00e7as est\u00e1 dispon\u00edvel em duas cores luxuosas: dourado e preto. O brilho dourado com a simplicidade do preto mant\u00e9m-nos harmoniosos, o que conduz a uma atmosfera elegante e nobre na casa de banho.<\/li>\n\n\n\n<li><strong>Design abrangente de seis pe\u00e7as, grande praticidade: <\/strong>Este acess\u00f3rio de banho da s\u00e9rie grossista inclui dispensadores de sab\u00e3o, saboneteiras, copos para escovas de dentes e suportes para copos para escovas de dentes que podem satisfazer as exig\u00eancias da utiliza\u00e7\u00e3o di\u00e1ria e manter a sua casa de banho limpa, arrumada e funcional.<\/li>\n\n\n\n<li><strong>Dur\u00e1vel e de f\u00e1cil manuten\u00e7\u00e3o: <\/strong>O nosso conjunto de acess\u00f3rios de casa de banho a granel \u00e9 feito de cer\u00e2mica de alta qualidade com muito boa durabilidade e resist\u00eancia a manchas. A superf\u00edcie lisa torna a limpeza simples e conveniente, adequada para ambientes de casa de banho de alta frequ\u00eancia e mant\u00e9m-na num estado novo.<\/li>\n\n\n\n<li><strong>Adaptabilidade de estilos diversos para satisfazer necessidades personalizadas:<\/strong> Quer se trate de simplicidade moderna ou de eleg\u00e2ncia cl\u00e1ssica, os nossos acess\u00f3rios de banho por atacado podem integrar-se facilmente em v\u00e1rios estilos decorativos, e os utilizadores podem escolher de acordo com as suas prefer\u00eancias e estilos de casa de banho.<\/li>\n<\/ul>\n<\/div>\n\n\n\n<div class=\"wp-block-column is-layout-flow wp-block-column-is-layout-flow\">\n<figure class=\"wp-block-image size-full\"><img fetchpriority=\"high\" decoding=\"async\" width=\"674\" height=\"674\" src=\"https:\/\/jinhuaceramic.com\/wp-content\/uploads\/2024\/07\/bathroom-set-1.webp\" alt=\"Conjunto de acess\u00f3rios de casa de banho de 6 pe\u00e7as em cer\u00e2mica a granel, acess\u00f3rios de banho por atacado-2\" class=\"wp-image-5173\" srcset=\"https:\/\/jinhuaceramic.com\/wp-content\/uploads\/2024\/07\/bathroom-set-1.webp 674w, https:\/\/jinhuaceramic.com\/wp-content\/uploads\/2024\/07\/bathroom-set-1-300x300.webp 300w, https:\/\/jinhuaceramic.com\/wp-content\/uploads\/2024\/07\/bathroom-set-1-150x150.webp 150w, https:\/\/jinhuaceramic.com\/wp-content\/uploads\/2024\/07\/bathroom-set-1-12x12.webp 12w, https:\/\/jinhuaceramic.com\/wp-content\/uploads\/2024\/07\/bathroom-set-1-285x285.webp 285w, https:\/\/jinhuaceramic.com\/wp-content\/uploads\/2024\/07\/bathroom-set-1-270x270.webp 270w, https:\/\/jinhuaceramic.com\/wp-content\/uploads\/2024\/07\/bathroom-set-1-540x540.webp 540w, https:\/\/jinhuaceramic.com\/wp-content\/uploads\/2024\/07\/bathroom-set-1-660x660.webp 660w\" sizes=\"(max-width: 674px) 100vw, 674px\" \/><\/figure>\n<\/div>\n<\/div>","protected":false},"excerpt":{"rendered":"<p>Bem-vindo ao comprar acess\u00f3rios de banho por atacado. Este conjunto de acess\u00f3rios de casa de banho de cer\u00e2mica de 6 pe\u00e7as est\u00e1 dispon\u00edvel em cores luxuosas de ouro e preto, o que pode tornar a casa de banho t\u00e3o elegante e generosa. Feito de cer\u00e2mica de alta qualidade, este conjunto de casa de banho por atacado \u00e9 totalmente funcional e f\u00e1cil de limpar. \u00c9 uma boa escolha para todas as casas de banho de luxo e hot\u00e9is.<\/p>","protected":false},"featured_media":5174,"comment_status":"closed","ping_status":"closed","template":"","meta":{"_acf_changed":false},"product_brand":[],"product_cat":[51],"product_tag":[74],"class_list":{"0":"post-5170","1":"product","2":"type-product","3":"status-publish","4":"has-post-thumbnail","6":"product_cat-bathroom-accessories-wholesale","7":"product_tag-ceramic-bath-accessories-wholesale","9":"first","10":"instock","11":"shipping-taxable","12":"product-type-simple"},"acf":[],"_links":{"self":[{"href":"https:\/\/jinhuaceramic.com\/pt\/wp-json\/wp\/v2\/product\/5170","targetHints":{"allow":["GET"]}}],"collection":[{"href":"https:\/\/jinhuaceramic.com\/pt\/wp-json\/wp\/v2\/product"}],"about":[{"href":"https:\/\/jinhuaceramic.com\/pt\/wp-json\/wp\/v2\/types\/product"}],"replies":[{"embeddable":true,"href":"https:\/\/jinhuaceramic.com\/pt\/wp-json\/wp\/v2\/comments?post=5170"}],"version-history":[{"count":0,"href":"https:\/\/jinhuaceramic.com\/pt\/wp-json\/wp\/v2\/product\/5170\/revisions"}],"wp:featuredmedia":[{"embeddable":true,"href":"https:\/\/jinhuaceramic.com\/pt\/wp-json\/wp\/v2\/media\/5174"}],"wp:attachment":[{"href":"https:\/\/jinhuaceramic.com\/pt\/wp-json\/wp\/v2\/media?parent=5170"}],"wp:term":[{"taxonomy":"product_brand","embeddable":true,"href":"https:\/\/jinhuaceramic.com\/pt\/wp-json\/wp\/v2\/product_brand?post=5170"},{"taxonomy":"product_cat","embeddable":true,"href":"https:\/\/jinhuaceramic.com\/pt\/wp-json\/wp\/v2\/product_cat?post=5170"},{"taxonomy":"product_tag","embeddable":true,"href":"https:\/\/jinhuaceramic.com\/pt\/wp-json\/wp\/v2\/product_tag?post=5170"}],"curies":[{"name":"wp","href":"https:\/\/api.w.org\/{rel}","templated":true}]}}