{"id":5197,"date":"2024-07-08T09:36:14","date_gmt":"2024-07-08T09:36:14","guid":{"rendered":"https:\/\/jinhuaceramic.com\/?post_type=product&#038;p=5197"},"modified":"2024-10-15T03:56:01","modified_gmt":"2024-10-15T03:56:01","slug":"custom-ceramic-candle-holders-in-bulk","status":"publish","type":"product","link":"https:\/\/jinhuaceramic.com\/pt\/product\/custom-ceramic-candle-holders-in-bulk\/","title":{"rendered":"Casti\u00e7ais de cer\u00e2mica a granel, casti\u00e7ais chiques por atacado com padr\u00e3o salpicado"},"content":{"rendered":"<div class=\"wp-block-columns is-layout-flex wp-container-core-columns-is-layout-9d6595d7 wp-block-columns-is-layout-flex\">\n<div class=\"wp-block-column is-layout-flow wp-block-column-is-layout-flow\">\n<h3 class=\"wp-block-heading\">Casti\u00e7ais Premium a granel Carater\u00edsticas:<\/h3>\n\n\n\n<ul class=\"wp-block-list\">\n<li><strong>Design de ponto elegante, acrescentando uma sensa\u00e7\u00e3o de arte moderna: <\/strong>Estes casti\u00e7ais de cer\u00e2mica a granel adoptam um design moderno com padr\u00e3o de pontos, que revela uma personalidade \u00fanica e um sentido moderno na simplicidade. \u00c9 adequado para todos os tipos de decora\u00e7\u00e3o de casa, decora\u00e7\u00e3o de mesa ou ocasi\u00f5es especiais, criando uma atmosfera refinada e elegante.<\/li>\n\n\n\n<li><strong>Material cer\u00e2mico de alta qualidade, amigo do ambiente e duradouro:<\/strong> Os nossos casti\u00e7ais por atacado s\u00e3o feitos de cer\u00e2mica de alta qualidade, que \u00e9 cozida a alta temperatura e tem excelente resist\u00eancia ao calor e durabilidade. O material cer\u00e2mico n\u00e3o \u00e9 apenas amigo do ambiente e n\u00e3o t\u00f3xico, mas tamb\u00e9m tem boa resist\u00eancia \u00e0 humidade, garantindo que o produto \u00e9 seguro e confi\u00e1vel para uso a longo prazo.<\/li>\n\n\n\n<li><strong>V\u00e1rias op\u00e7\u00f5es de tamanho, adequadas para diferentes velas: <\/strong>Os nossos casti\u00e7ais de cer\u00e2mica a granel oferecem uma variedade de op\u00e7\u00f5es de cores, e os clientes podem combin\u00e1-los de forma flex\u00edvel de acordo com as necessidades de diferentes cen\u00e1rios.<\/li>\n\n\n\n<li><strong>Fornecimento a granel, apoio \u00e0 personaliza\u00e7\u00e3o: <\/strong>N\u00f3s fornecemos um servi\u00e7o de fornecimento em grande escala para casti\u00e7ais por atacado para garantir as necessidades de longo prazo dos clientes comerciais. Ao mesmo tempo, apoiar os servi\u00e7os de personaliza\u00e7\u00e3o, os clientes podem personalizar a cor do padr\u00e3o spot e o logotipo de acordo com sua pr\u00f3pria marca ou requisitos de projeto para adicionar personalidade exclusiva a ele.<\/li>\n<\/ul>\n<\/div>\n\n\n\n<div class=\"wp-block-column is-layout-flow wp-block-column-is-layout-flow\">\n<figure class=\"wp-block-image size-full\"><img fetchpriority=\"high\" decoding=\"async\" width=\"1200\" height=\"1200\" src=\"https:\/\/jinhuaceramic.com\/wp-content\/uploads\/2024\/07\/candle-holder-2.webp\" alt=\"casti\u00e7ais de cer\u00e2mica personalizados a granel com padr\u00e3o salpicado\" class=\"wp-image-5198\" srcset=\"https:\/\/jinhuaceramic.com\/wp-content\/uploads\/2024\/07\/candle-holder-2.webp 1200w, https:\/\/jinhuaceramic.com\/wp-content\/uploads\/2024\/07\/candle-holder-2-300x300.webp 300w, https:\/\/jinhuaceramic.com\/wp-content\/uploads\/2024\/07\/candle-holder-2-150x150.webp 150w, https:\/\/jinhuaceramic.com\/wp-content\/uploads\/2024\/07\/candle-holder-2-768x768.webp 768w, https:\/\/jinhuaceramic.com\/wp-content\/uploads\/2024\/07\/candle-holder-2-12x12.webp 12w, https:\/\/jinhuaceramic.com\/wp-content\/uploads\/2024\/07\/candle-holder-2-285x285.webp 285w, https:\/\/jinhuaceramic.com\/wp-content\/uploads\/2024\/07\/candle-holder-2-270x270.webp 270w, https:\/\/jinhuaceramic.com\/wp-content\/uploads\/2024\/07\/candle-holder-2-540x540.webp 540w, https:\/\/jinhuaceramic.com\/wp-content\/uploads\/2024\/07\/candle-holder-2-660x660.webp 660w\" sizes=\"(max-width: 1200px) 100vw, 1200px\" \/><\/figure>\n<\/div>\n<\/div>","protected":false},"excerpt":{"rendered":"<p>Bem-vindo ao comprar casti\u00e7ais por atacado. Os nossos elegantes casti\u00e7ais de cer\u00e2mica a granel apresentam um design \u00fanico de padr\u00e3o pontual, que \u00e9 moderno e elegante, adequado para decora\u00e7\u00e3o em v\u00e1rias ocasi\u00f5es. O material cer\u00e2mico de alta qualidade garante sua durabilidade e prote\u00e7\u00e3o ambiental, e est\u00e1 dispon\u00edvel em uma variedade de cores, tornando-o uma escolha ideal para uso comercial e dom\u00e9stico.<\/p>","protected":false},"featured_media":5205,"comment_status":"closed","ping_status":"closed","template":"","meta":{"_acf_changed":false},"product_brand":[],"product_cat":[52],"product_tag":[68],"class_list":{"0":"post-5197","1":"product","2":"type-product","3":"status-publish","4":"has-post-thumbnail","6":"product_cat-wholesale-candle-containers","7":"product_tag-ceramic-candlesticks-bulk","9":"first","10":"instock","11":"shipping-taxable","12":"product-type-simple"},"acf":[],"_links":{"self":[{"href":"https:\/\/jinhuaceramic.com\/pt\/wp-json\/wp\/v2\/product\/5197","targetHints":{"allow":["GET"]}}],"collection":[{"href":"https:\/\/jinhuaceramic.com\/pt\/wp-json\/wp\/v2\/product"}],"about":[{"href":"https:\/\/jinhuaceramic.com\/pt\/wp-json\/wp\/v2\/types\/product"}],"replies":[{"embeddable":true,"href":"https:\/\/jinhuaceramic.com\/pt\/wp-json\/wp\/v2\/comments?post=5197"}],"version-history":[{"count":0,"href":"https:\/\/jinhuaceramic.com\/pt\/wp-json\/wp\/v2\/product\/5197\/revisions"}],"wp:featuredmedia":[{"embeddable":true,"href":"https:\/\/jinhuaceramic.com\/pt\/wp-json\/wp\/v2\/media\/5205"}],"wp:attachment":[{"href":"https:\/\/jinhuaceramic.com\/pt\/wp-json\/wp\/v2\/media?parent=5197"}],"wp:term":[{"taxonomy":"product_brand","embeddable":true,"href":"https:\/\/jinhuaceramic.com\/pt\/wp-json\/wp\/v2\/product_brand?post=5197"},{"taxonomy":"product_cat","embeddable":true,"href":"https:\/\/jinhuaceramic.com\/pt\/wp-json\/wp\/v2\/product_cat?post=5197"},{"taxonomy":"product_tag","embeddable":true,"href":"https:\/\/jinhuaceramic.com\/pt\/wp-json\/wp\/v2\/product_tag?post=5197"}],"curies":[{"name":"wp","href":"https:\/\/api.w.org\/{rel}","templated":true}]}}