{"id":5209,"date":"2024-07-08T09:41:17","date_gmt":"2024-07-08T09:41:17","guid":{"rendered":"https:\/\/jinhuaceramic.com\/?post_type=product&#038;p=5209"},"modified":"2024-11-05T06:50:46","modified_gmt":"2024-11-05T06:50:46","slug":"4-piece-bathroom-sets-wholesale","status":"publish","type":"product","link":"https:\/\/jinhuaceramic.com\/pt\/product\/4-piece-bathroom-sets-wholesale\/","title":{"rendered":"Conjuntos de casa de banho de cer\u00e2mica de 4 pe\u00e7as de luxo por atacado, acess\u00f3rios de banho chiques a granel"},"content":{"rendered":"<div class=\"wp-block-columns is-layout-flex wp-container-core-columns-is-layout-9d6595d7 wp-block-columns-is-layout-flex\">\n<div class=\"wp-block-column is-layout-flow wp-block-column-is-layout-flow\">\n<h3 class=\"wp-block-heading\">Conjuntos de casa de banho Premium por atacado Carater\u00edsticas:<\/h3>\n\n\n\n<ul class=\"wp-block-list\">\n<li><strong>Design de alta qualidade: <\/strong>O nosso conjunto de casa de banho branco de quatro pe\u00e7as por atacado foi concebido na moda e na eleg\u00e2ncia, dando um toque de luxo \u00e0s casas de banho. As suas linhas s\u00e3o t\u00e3o simples com requinte que permitem aplica\u00e7\u00f5es na decora\u00e7\u00e3o de casas de banho para casas de alta classe ou hot\u00e9is de alta classe.<\/li>\n\n\n\n<li><strong>Conjunto de casa de banho completo: <\/strong>Os nossos acess\u00f3rios de banho a granel de 4 pe\u00e7as, incluindo saboneteira, saboneteira, copo para escova de dentes e suporte para copo para escova de dentes, est\u00e3o preparados para cobrir as necessidades normais de uma casa de banho. Pr\u00e1tico e bonito, pode manter a sua casa de banho limpa e arrumada, melhorando o efeito de decora\u00e7\u00e3o de todo o espa\u00e7o da casa de banho.<\/li>\n\n\n\n<li><strong>Material cer\u00e2mico de alta qualidade: <\/strong>Os nossos conjuntos de casa de banho por atacado representam uma qualidade superior de material cer\u00e2mico. A superf\u00edcie \u00e9 brilhante, que n\u00e3o s\u00f3 \u00e9 suficientemente espessa e firme para ser utilizada e limpa facilmente, como tamb\u00e9m mant\u00e9m o seu novo aspeto durante muito tempo. Os materiais utilizados s\u00e3o resistentes e adequados para casas de banho devido \u00e0 sua elevada frequ\u00eancia de utiliza\u00e7\u00e3o.<\/li>\n\n\n\n<li><strong>V\u00e1rias op\u00e7\u00f5es de cores: <\/strong>Adequados para uma variedade de estilos, os nossos acess\u00f3rios de banho a granel v\u00eam numa variedade de cores, e estas cores diferentes podem ser combinadas de forma flex\u00edvel de acordo com as necessidades de decora\u00e7\u00e3o personalizada da casa de banho. S\u00e3o facilmente compat\u00edveis com uma casa de banho simples e moderna ou cl\u00e1ssica e elegante.<\/li>\n<\/ul>\n<\/div>\n\n\n\n<div class=\"wp-block-column is-layout-flow wp-block-column-is-layout-flow\">\n<figure class=\"wp-block-image size-full\"><img fetchpriority=\"high\" decoding=\"async\" width=\"1432\" height=\"1500\" src=\"https:\/\/jinhuaceramic.com\/wp-content\/uploads\/2024\/07\/Bathroom-Set-2.webp\" alt=\"Conjuntos de casa de banho de cer\u00e2mica de 4 pe\u00e7as de luxo por atacado, acess\u00f3rios de banho chiques a granel-1\" class=\"wp-image-5213\" srcset=\"https:\/\/jinhuaceramic.com\/wp-content\/uploads\/2024\/07\/Bathroom-Set-2.webp 1432w, https:\/\/jinhuaceramic.com\/wp-content\/uploads\/2024\/07\/Bathroom-Set-2-286x300.webp 286w, https:\/\/jinhuaceramic.com\/wp-content\/uploads\/2024\/07\/Bathroom-Set-2-768x804.webp 768w, https:\/\/jinhuaceramic.com\/wp-content\/uploads\/2024\/07\/Bathroom-Set-2-11x12.webp 11w, https:\/\/jinhuaceramic.com\/wp-content\/uploads\/2024\/07\/Bathroom-Set-2-285x299.webp 285w, https:\/\/jinhuaceramic.com\/wp-content\/uploads\/2024\/07\/Bathroom-Set-2-630x660.webp 630w, https:\/\/jinhuaceramic.com\/wp-content\/uploads\/2024\/07\/Bathroom-Set-2-143x150.webp 143w\" sizes=\"(max-width: 1432px) 100vw, 1432px\" \/><\/figure>\n<\/div>\n<\/div>","protected":false},"excerpt":{"rendered":"<p>Bem-vindo \u00e0 compra de acess\u00f3rios de banho a granel. Este luxuoso conjunto de casa de banho de quatro pe\u00e7as por atacado foi concebido de forma elegante, com boa qualidade de material cer\u00e2mico, pr\u00e1tico e ornamental. Diversificado em cores, bom para hot\u00e9is ou casas, e ajudar\u00e1 a criar um espa\u00e7o de banho limpo e bonito.<\/p>","protected":false},"featured_media":5210,"comment_status":"closed","ping_status":"closed","template":"","meta":{"_acf_changed":false},"product_brand":[],"product_cat":[51],"product_tag":[74],"class_list":{"0":"post-5209","1":"product","2":"type-product","3":"status-publish","4":"has-post-thumbnail","6":"product_cat-bathroom-accessories-wholesale","7":"product_tag-ceramic-bath-accessories-wholesale","9":"first","10":"instock","11":"shipping-taxable","12":"product-type-simple"},"acf":[],"_links":{"self":[{"href":"https:\/\/jinhuaceramic.com\/pt\/wp-json\/wp\/v2\/product\/5209","targetHints":{"allow":["GET"]}}],"collection":[{"href":"https:\/\/jinhuaceramic.com\/pt\/wp-json\/wp\/v2\/product"}],"about":[{"href":"https:\/\/jinhuaceramic.com\/pt\/wp-json\/wp\/v2\/types\/product"}],"replies":[{"embeddable":true,"href":"https:\/\/jinhuaceramic.com\/pt\/wp-json\/wp\/v2\/comments?post=5209"}],"version-history":[{"count":0,"href":"https:\/\/jinhuaceramic.com\/pt\/wp-json\/wp\/v2\/product\/5209\/revisions"}],"wp:featuredmedia":[{"embeddable":true,"href":"https:\/\/jinhuaceramic.com\/pt\/wp-json\/wp\/v2\/media\/5210"}],"wp:attachment":[{"href":"https:\/\/jinhuaceramic.com\/pt\/wp-json\/wp\/v2\/media?parent=5209"}],"wp:term":[{"taxonomy":"product_brand","embeddable":true,"href":"https:\/\/jinhuaceramic.com\/pt\/wp-json\/wp\/v2\/product_brand?post=5209"},{"taxonomy":"product_cat","embeddable":true,"href":"https:\/\/jinhuaceramic.com\/pt\/wp-json\/wp\/v2\/product_cat?post=5209"},{"taxonomy":"product_tag","embeddable":true,"href":"https:\/\/jinhuaceramic.com\/pt\/wp-json\/wp\/v2\/product_tag?post=5209"}],"curies":[{"name":"wp","href":"https:\/\/api.w.org\/{rel}","templated":true}]}}