{"id":5244,"date":"2024-07-13T08:39:20","date_gmt":"2024-07-13T08:39:20","guid":{"rendered":"https:\/\/jinhuaceramic.com\/?post_type=product&#038;p=5244"},"modified":"2024-11-08T01:56:23","modified_gmt":"2024-11-08T01:56:23","slug":"modern-ceramic-candle-jar-wholesale","status":"publish","type":"product","link":"https:\/\/jinhuaceramic.com\/pt\/product\/modern-ceramic-candle-jar-wholesale\/","title":{"rendered":"Frasco de vela de cer\u00e2mica moderno por atacado, frascos de vela vazios a granel com design minimalista"},"content":{"rendered":"<div class=\"wp-block-columns is-layout-flex wp-container-core-columns-is-layout-9d6595d7 wp-block-columns-is-layout-flex\">\n<div class=\"wp-block-column is-layout-flow wp-block-column-is-layout-flow\">\n<h3 class=\"wp-block-heading\">Frasco de vela de cer\u00e2mica premium por atacado Carater\u00edsticas:<\/h3>\n\n\n\n<ul class=\"wp-block-list\">\n<li><strong>Beleza moderna com realce - estilo minimalista: <\/strong>Com o conceito de design minimalista, este frasco de vela de cer\u00e2mica por atacado destaca a simplicidade e a eleg\u00e2ncia de cada linha. Pode trazer frescura e serenidade ao ambiente, independentemente de ser colocado na sala de estar, no quarto ou no escrit\u00f3rio.<\/li>\n\n\n\n<li><strong>Materiais cer\u00e2micos de alta qualidade para garantir uma utiliza\u00e7\u00e3o a longo prazo:<\/strong> Estes frascos de velas vazios s\u00e3o feitos de materiais cer\u00e2micos selecionados, cozidos a alta temperatura com excelente resist\u00eancia ao calor e desempenho anti-queda. O material n\u00e3o t\u00f3xico permite-lhe desfrutar plenamente das velas sem qualquer preocupa\u00e7\u00e3o. Pode ser usado em casas, escrit\u00f3rios ou locais comerciais.<\/li>\n\n\n\n<li><strong>Design vers\u00e1til, adequado para uma variedade de utiliza\u00e7\u00f5es: <\/strong>Para al\u00e9m de servir de recipiente para uma vela, este frasco de cer\u00e2mica para velas por atacado tamb\u00e9m pode ser utilizado para guardar pequenos objectos, ornamentos e outros elementos decorativos, o que exprime plenamente a sua diversidade. O aspeto simples combinado com o valor pr\u00e1tico transforma-o num parceiro multifuncional na vida quotidiana.<\/li>\n\n\n\n<li><strong>Flex\u00edvel para responder \u00e0 procura do mercado: <\/strong>Fornecemos solu\u00e7\u00f5es flex\u00edveis de compra a granel para frascos de velas vazios a granel para garantir as necessidades de fornecimento dos clientes. Ao mesmo tempo, apoiamos a personaliza\u00e7\u00e3o personalizada, os clientes podem personalizar cores e logotipos de acordo com as tend\u00eancias do mercado e o estilo de marca pessoal para criar uma imagem de mercado \u00fanica.<\/li>\n<\/ul>\n<\/div>\n\n\n\n<div class=\"wp-block-column is-layout-flow wp-block-column-is-layout-flow\">\n<figure class=\"wp-block-image size-full\"><img fetchpriority=\"high\" decoding=\"async\" width=\"800\" height=\"800\" src=\"https:\/\/jinhuaceramic.com\/wp-content\/uploads\/2024\/07\/candle-jars.webp\" alt=\"Frasco de vela de cer\u00e2mica moderna por atacado, frascos de vela vazios a granel com design minimalista-1\" class=\"wp-image-5247\" srcset=\"https:\/\/jinhuaceramic.com\/wp-content\/uploads\/2024\/07\/candle-jars.webp 800w, https:\/\/jinhuaceramic.com\/wp-content\/uploads\/2024\/07\/candle-jars-300x300.webp 300w, https:\/\/jinhuaceramic.com\/wp-content\/uploads\/2024\/07\/candle-jars-150x150.webp 150w, https:\/\/jinhuaceramic.com\/wp-content\/uploads\/2024\/07\/candle-jars-768x768.webp 768w, https:\/\/jinhuaceramic.com\/wp-content\/uploads\/2024\/07\/candle-jars-12x12.webp 12w, https:\/\/jinhuaceramic.com\/wp-content\/uploads\/2024\/07\/candle-jars-285x285.webp 285w, https:\/\/jinhuaceramic.com\/wp-content\/uploads\/2024\/07\/candle-jars-270x270.webp 270w, https:\/\/jinhuaceramic.com\/wp-content\/uploads\/2024\/07\/candle-jars-540x540.webp 540w, https:\/\/jinhuaceramic.com\/wp-content\/uploads\/2024\/07\/candle-jars-660x660.webp 660w\" sizes=\"(max-width: 800px) 100vw, 800px\" \/><\/figure>\n<\/div>\n<\/div>","protected":false},"excerpt":{"rendered":"<p>Bem-vindo a personalizar e comprar frascos de velas vazios a granel. Este frasco de vela de cer\u00e2mica por atacado \u00e9 minimamente projetado, por isso sempre caber\u00e1 em qualquer casa ou qualquer outro ambiente comercial. \u00c9 feito de material cer\u00e2mico de alta qualidade para durabilidade para garantir seguran\u00e7a, versatilidade e flexibilidade, tornando-o uma escolha ideal para adicionar estilo ao espa\u00e7o.<\/p>","protected":false},"featured_media":5251,"comment_status":"closed","ping_status":"closed","template":"","meta":{"_acf_changed":false},"product_brand":[],"product_cat":[52],"product_tag":[66],"class_list":{"0":"post-5244","1":"product","2":"type-product","3":"status-publish","4":"has-post-thumbnail","6":"product_cat-wholesale-candle-containers","7":"product_tag-candle-jars-wholesale","9":"first","10":"instock","11":"shipping-taxable","12":"product-type-simple"},"acf":[],"_links":{"self":[{"href":"https:\/\/jinhuaceramic.com\/pt\/wp-json\/wp\/v2\/product\/5244","targetHints":{"allow":["GET"]}}],"collection":[{"href":"https:\/\/jinhuaceramic.com\/pt\/wp-json\/wp\/v2\/product"}],"about":[{"href":"https:\/\/jinhuaceramic.com\/pt\/wp-json\/wp\/v2\/types\/product"}],"replies":[{"embeddable":true,"href":"https:\/\/jinhuaceramic.com\/pt\/wp-json\/wp\/v2\/comments?post=5244"}],"version-history":[{"count":0,"href":"https:\/\/jinhuaceramic.com\/pt\/wp-json\/wp\/v2\/product\/5244\/revisions"}],"wp:featuredmedia":[{"embeddable":true,"href":"https:\/\/jinhuaceramic.com\/pt\/wp-json\/wp\/v2\/media\/5251"}],"wp:attachment":[{"href":"https:\/\/jinhuaceramic.com\/pt\/wp-json\/wp\/v2\/media?parent=5244"}],"wp:term":[{"taxonomy":"product_brand","embeddable":true,"href":"https:\/\/jinhuaceramic.com\/pt\/wp-json\/wp\/v2\/product_brand?post=5244"},{"taxonomy":"product_cat","embeddable":true,"href":"https:\/\/jinhuaceramic.com\/pt\/wp-json\/wp\/v2\/product_cat?post=5244"},{"taxonomy":"product_tag","embeddable":true,"href":"https:\/\/jinhuaceramic.com\/pt\/wp-json\/wp\/v2\/product_tag?post=5244"}],"curies":[{"name":"wp","href":"https:\/\/api.w.org\/{rel}","templated":true}]}}