{"id":5255,"date":"2024-07-13T08:43:27","date_gmt":"2024-07-13T08:43:27","guid":{"rendered":"https:\/\/jinhuaceramic.com\/?post_type=product&#038;p=5255"},"modified":"2025-03-11T08:33:55","modified_gmt":"2025-03-11T08:33:55","slug":"wholesale-ceramic-ramekins-2","status":"publish","type":"product","link":"https:\/\/jinhuaceramic.com\/pt\/product\/wholesale-ceramic-ramekins-2\/","title":{"rendered":"Ramequins de cer\u00e2mica por atacado, Ramequins de Creme Brulee a granel"},"content":{"rendered":"<div class=\"wp-block-columns is-layout-flex wp-container-core-columns-is-layout-9d6595d7 wp-block-columns-is-layout-flex\">\n<div class=\"wp-block-column is-layout-flow wp-block-column-is-layout-flow\">\n<h3 class=\"wp-block-heading\">Ramequins de cer\u00e2mica Premium Wholesale Carater\u00edsticas:<\/h3>\n\n\n\n<ul class=\"wp-block-list\">\n<li><strong>De v\u00e1rias cores: <\/strong>Os nossos ramequins de cer\u00e2mica por atacado podem ter v\u00e1rias cores, o que pode ser bastante \u00fatil para os seus utilizadores, pois correspondem visualmente \u00e0s suas prefer\u00eancias pessoais ou ao estilo de decora\u00e7\u00e3o de mesa.<\/li>\n\n\n\n<li><strong>Adequado para m\u00faltiplas utiliza\u00e7\u00f5es: <\/strong>Estes ramequins para creme brulee a granel podem ser utilizados para muitos fins, como pudim de caramelo, souffl\u00e9 e muitas outras sobremesas. O tamanho \u00e9 moderado e \u00e9 adequado n\u00e3o s\u00f3 para a pastelaria, mas tamb\u00e9m para muitos cen\u00e1rios diferentes, como um prato de temperos, uma ta\u00e7a para snacks, etc., bastante pr\u00e1tico.<\/li>\n\n\n\n<li><strong>Resist\u00eancia a altas temperaturas:<\/strong> Os nossos ramequins de cer\u00e2mica por atacado s\u00e3o feitos de materiais cer\u00e2micos de alta qualidade que s\u00e3o muito resistentes \u00e0 temperatura. Podem ser utilizados em fornos de micro-ondas e fornos para um aquecimento uniforme durante a cozedura, para ajudar qualquer pessoa a obter sobremesas perfeitas.<\/li>\n\n\n\n<li><strong>F\u00e1cil de limpar e lav\u00e1vel na m\u00e1quina de lavar lou\u00e7a: <\/strong>Estes ramequins para cr\u00e8me br\u00fbl\u00e9e a granel s\u00e3o lindos de se ver, pr\u00e1ticos e f\u00e1ceis de limpar, e tamb\u00e9m podem ser lavados na m\u00e1quina de lavar lou\u00e7a, para que a divers\u00e3o de cozinhar n\u00e3o seja sobrecarregada pela limpeza.<\/li>\n<\/ul>\n<\/div>\n\n\n\n<div class=\"wp-block-column is-layout-flow wp-block-column-is-layout-flow\">\n<figure class=\"wp-block-image size-full\"><img fetchpriority=\"high\" decoding=\"async\" width=\"1250\" height=\"1250\" src=\"https:\/\/jinhuaceramic.com\/wp-content\/uploads\/2024\/07\/ceramic-baking-ramekin.webp\" alt=\"fornecimento-f\u00e1brica-grossista-cer\u00e2mica-ramekin-para-cozer-sobremesas\" class=\"wp-image-5257\" srcset=\"https:\/\/jinhuaceramic.com\/wp-content\/uploads\/2024\/07\/ceramic-baking-ramekin.webp 1250w, https:\/\/jinhuaceramic.com\/wp-content\/uploads\/2024\/07\/ceramic-baking-ramekin-300x300.webp 300w, https:\/\/jinhuaceramic.com\/wp-content\/uploads\/2024\/07\/ceramic-baking-ramekin-150x150.webp 150w, https:\/\/jinhuaceramic.com\/wp-content\/uploads\/2024\/07\/ceramic-baking-ramekin-768x768.webp 768w, https:\/\/jinhuaceramic.com\/wp-content\/uploads\/2024\/07\/ceramic-baking-ramekin-12x12.webp 12w, https:\/\/jinhuaceramic.com\/wp-content\/uploads\/2024\/07\/ceramic-baking-ramekin-285x285.webp 285w, https:\/\/jinhuaceramic.com\/wp-content\/uploads\/2024\/07\/ceramic-baking-ramekin-270x270.webp 270w, https:\/\/jinhuaceramic.com\/wp-content\/uploads\/2024\/07\/ceramic-baking-ramekin-540x540.webp 540w, https:\/\/jinhuaceramic.com\/wp-content\/uploads\/2024\/07\/ceramic-baking-ramekin-660x660.webp 660w\" sizes=\"(max-width: 1250px) 100vw, 1250px\" \/><\/figure>\n<\/div>\n<\/div>","protected":false},"excerpt":{"rendered":"<p>Bem-vindo ao comprar ramequins de creme brulee a granel. Os nossos ramequins de cer\u00e2mica por grosso oferecem uma variedade de op\u00e7\u00f5es de cores, adequadas para decora\u00e7\u00f5es de mesa de diferentes estilos. O material cer\u00e2mico de alta qualidade garante que seja resistente a altas temperaturas, adequado para uso em fornos de micro-ondas e fornos, e suporta a limpeza da m\u00e1quina de lavar lou\u00e7a, o que \u00e9 conveniente e pr\u00e1tico.<\/p>","protected":false},"featured_media":5256,"comment_status":"closed","ping_status":"closed","template":"","meta":{"_acf_changed":false},"product_brand":[],"product_cat":[53],"product_tag":[69],"class_list":{"0":"post-5255","1":"product","2":"type-product","3":"status-publish","4":"has-post-thumbnail","6":"product_cat-bakeware-in-bulk","7":"product_tag-bulk-ramekins","9":"first","10":"instock","11":"shipping-taxable","12":"product-type-simple"},"acf":[],"_links":{"self":[{"href":"https:\/\/jinhuaceramic.com\/pt\/wp-json\/wp\/v2\/product\/5255","targetHints":{"allow":["GET"]}}],"collection":[{"href":"https:\/\/jinhuaceramic.com\/pt\/wp-json\/wp\/v2\/product"}],"about":[{"href":"https:\/\/jinhuaceramic.com\/pt\/wp-json\/wp\/v2\/types\/product"}],"replies":[{"embeddable":true,"href":"https:\/\/jinhuaceramic.com\/pt\/wp-json\/wp\/v2\/comments?post=5255"}],"version-history":[{"count":0,"href":"https:\/\/jinhuaceramic.com\/pt\/wp-json\/wp\/v2\/product\/5255\/revisions"}],"wp:featuredmedia":[{"embeddable":true,"href":"https:\/\/jinhuaceramic.com\/pt\/wp-json\/wp\/v2\/media\/5256"}],"wp:attachment":[{"href":"https:\/\/jinhuaceramic.com\/pt\/wp-json\/wp\/v2\/media?parent=5255"}],"wp:term":[{"taxonomy":"product_brand","embeddable":true,"href":"https:\/\/jinhuaceramic.com\/pt\/wp-json\/wp\/v2\/product_brand?post=5255"},{"taxonomy":"product_cat","embeddable":true,"href":"https:\/\/jinhuaceramic.com\/pt\/wp-json\/wp\/v2\/product_cat?post=5255"},{"taxonomy":"product_tag","embeddable":true,"href":"https:\/\/jinhuaceramic.com\/pt\/wp-json\/wp\/v2\/product_tag?post=5255"}],"curies":[{"name":"wp","href":"https:\/\/api.w.org\/{rel}","templated":true}]}}