{"id":5264,"date":"2024-07-13T08:50:11","date_gmt":"2024-07-13T08:50:11","guid":{"rendered":"https:\/\/jinhuaceramic.com\/?post_type=product&#038;p=5264"},"modified":"2024-11-05T06:25:57","modified_gmt":"2024-11-05T06:25:57","slug":"ceramic-soap-dispenser-wholesale","status":"publish","type":"product","link":"https:\/\/jinhuaceramic.com\/pt\/product\/ceramic-soap-dispenser-wholesale\/","title":{"rendered":"Distribuidor de sab\u00e3o fosco premium por atacado, frasco distribuidor de espuma de cer\u00e2mica por atacado"},"content":{"rendered":"<div class=\"wp-block-columns is-layout-flex wp-container-core-columns-is-layout-9d6595d7 wp-block-columns-is-layout-flex\">\n<div class=\"wp-block-column is-layout-flow wp-block-column-is-layout-flow\">\n<h3 class=\"wp-block-heading\">Dispensador de sab\u00e3o Premium Carater\u00edsticas por atacado:<\/h3>\n\n\n\n<ul class=\"wp-block-list\">\n<li><strong>Superf\u00edcie mate, textura de alta qualidade:<\/strong> Este distribuidor de sabonete de cer\u00e2mica por atacado usa um elegante tratamento de esmalte fosco, que traz um efeito visual suave e um toque requintado, mostrando uma textura de alta qualidade, adequada para fam\u00edlias preocupadas com a qualidade e hot\u00e9is de luxo.<\/li>\n\n\n\n<li><strong>Economia de dosagem com uma a\u00e7\u00e3o de espuma eficaz: <\/strong>Esta garrafa dispensadora de espuma por atacado economiza a quantidade de dosagem e seu uso de forma mais eficaz. Em compara\u00e7\u00e3o com o l\u00edquido direto, \u00e9 muito mais f\u00e1cil aplicar e limpar a espuma, o que proporciona uma melhor experi\u00eancia ao usu\u00e1rio e economiza recursos com maior valor ambiental.<\/li>\n\n\n\n<li><strong>Dur\u00e1vel e suave: <\/strong>O nosso distribuidor de sab\u00e3o por atacado \u00e9 feito de materiais cer\u00e2micos de alta qualidade, garantindo um desempenho dur\u00e1vel e resistindo a manchas. A superf\u00edcie \u00e9 lisa e altamente lav\u00e1vel, capaz de se manter brilhante e nova durante bastante tempo, adequada para hot\u00e9is e casas de banho dom\u00e9sticas onde \u00e9 utilizada com frequ\u00eancia.<\/li>\n\n\n\n<li><strong>V\u00e1rias cores: <\/strong>Esta garrafa dispensadora de espuma por atacado tem muitas cores diferentes em mate e pode ser aplicada a diferentes estilos de decora\u00e7\u00e3o de interiores, desde a simplicidade moderna ao estilo retro que pode ser perfeitamente combinado, ajudando os clientes a personalizar facilmente produtos que atendam \u00e0s necessidades personalizadas.<\/li>\n<\/ul>\n<\/div>\n\n\n\n<div class=\"wp-block-column is-layout-flow wp-block-column-is-layout-flow\">\n<figure class=\"wp-block-image size-full\"><img fetchpriority=\"high\" decoding=\"async\" width=\"800\" height=\"1033\" src=\"https:\/\/jinhuaceramic.com\/wp-content\/uploads\/2024\/07\/soap-dispensers.webp\" alt=\"Distribuidor de sab\u00e3o fosco premium por atacado, garrafa de distribui\u00e7\u00e3o de espuma de cer\u00e2mica por atacado-1\" class=\"wp-image-5270\" srcset=\"https:\/\/jinhuaceramic.com\/wp-content\/uploads\/2024\/07\/soap-dispensers.webp 800w, https:\/\/jinhuaceramic.com\/wp-content\/uploads\/2024\/07\/soap-dispensers-232x300.webp 232w, https:\/\/jinhuaceramic.com\/wp-content\/uploads\/2024\/07\/soap-dispensers-768x992.webp 768w, https:\/\/jinhuaceramic.com\/wp-content\/uploads\/2024\/07\/soap-dispensers-9x12.webp 9w, https:\/\/jinhuaceramic.com\/wp-content\/uploads\/2024\/07\/soap-dispensers-285x368.webp 285w, https:\/\/jinhuaceramic.com\/wp-content\/uploads\/2024\/07\/soap-dispensers-511x660.webp 511w, https:\/\/jinhuaceramic.com\/wp-content\/uploads\/2024\/07\/soap-dispensers-116x150.webp 116w\" sizes=\"(max-width: 800px) 100vw, 800px\" \/><\/figure>\n<\/div>\n<\/div>","protected":false},"excerpt":{"rendered":"<p>Bem-vindo \u00e0 compra de dispensador de sab\u00e3o por atacado. Este frasco dispensador de espuma de cer\u00e2mica fosca por atacado equipa uma textura de alta qualidade com praticidade. Feito de cer\u00e2mica de alta qualidade, dur\u00e1vel e f\u00e1cil de limpar. V\u00e1rias cores tornam-no um acess\u00f3rio de casa de banho ideal para uma casa e um hotel de luxo.<\/p>","protected":false},"featured_media":5266,"comment_status":"closed","ping_status":"closed","template":"","meta":{"_acf_changed":false},"product_brand":[],"product_cat":[51],"product_tag":[73],"class_list":{"0":"post-5264","1":"product","2":"type-product","3":"status-publish","4":"has-post-thumbnail","6":"product_cat-bathroom-accessories-wholesale","7":"product_tag-custom-soap-dispensers","9":"first","10":"instock","11":"shipping-taxable","12":"product-type-simple"},"acf":[],"_links":{"self":[{"href":"https:\/\/jinhuaceramic.com\/pt\/wp-json\/wp\/v2\/product\/5264","targetHints":{"allow":["GET"]}}],"collection":[{"href":"https:\/\/jinhuaceramic.com\/pt\/wp-json\/wp\/v2\/product"}],"about":[{"href":"https:\/\/jinhuaceramic.com\/pt\/wp-json\/wp\/v2\/types\/product"}],"replies":[{"embeddable":true,"href":"https:\/\/jinhuaceramic.com\/pt\/wp-json\/wp\/v2\/comments?post=5264"}],"version-history":[{"count":0,"href":"https:\/\/jinhuaceramic.com\/pt\/wp-json\/wp\/v2\/product\/5264\/revisions"}],"wp:featuredmedia":[{"embeddable":true,"href":"https:\/\/jinhuaceramic.com\/pt\/wp-json\/wp\/v2\/media\/5266"}],"wp:attachment":[{"href":"https:\/\/jinhuaceramic.com\/pt\/wp-json\/wp\/v2\/media?parent=5264"}],"wp:term":[{"taxonomy":"product_brand","embeddable":true,"href":"https:\/\/jinhuaceramic.com\/pt\/wp-json\/wp\/v2\/product_brand?post=5264"},{"taxonomy":"product_cat","embeddable":true,"href":"https:\/\/jinhuaceramic.com\/pt\/wp-json\/wp\/v2\/product_cat?post=5264"},{"taxonomy":"product_tag","embeddable":true,"href":"https:\/\/jinhuaceramic.com\/pt\/wp-json\/wp\/v2\/product_tag?post=5264"}],"curies":[{"name":"wp","href":"https:\/\/api.w.org\/{rel}","templated":true}]}}