{"id":5273,"date":"2024-07-13T08:56:02","date_gmt":"2024-07-13T08:56:02","guid":{"rendered":"https:\/\/jinhuaceramic.com\/?post_type=product&#038;p=5273"},"modified":"2024-10-15T04:11:13","modified_gmt":"2024-10-15T04:11:13","slug":"custom-ceramic-candle-jars-in-bulk","status":"publish","type":"product","link":"https:\/\/jinhuaceramic.com\/pt\/product\/custom-ceramic-candle-jars-in-bulk\/","title":{"rendered":"Frascos de vela requintados a granel, Frasco de vela com tampa por atacado"},"content":{"rendered":"<div class=\"wp-block-columns is-layout-flex wp-container-core-columns-is-layout-9d6595d7 wp-block-columns-is-layout-flex\">\n<div class=\"wp-block-column is-layout-flow wp-block-column-is-layout-flow\">\n<h3 class=\"wp-block-heading\">Frascos para velas Premium a granel Carater\u00edsticas:<\/h3>\n\n\n\n<ul class=\"wp-block-list\">\n<li><strong>Design minimalista requintado: <\/strong>Estes frascos para velas a granel adoptam um conceito de design minimalista, e as linhas suaves e o aspeto simples conferem-lhes um aspeto elegante e moderno em qualquer ambiente. Quer se trate de uma casa moderna, de um escrit\u00f3rio ou de um local de luxo, pode ser facilmente integrado para real\u00e7ar a beleza de todo o espa\u00e7o.<\/li>\n\n\n\n<li><strong>Satisfazer necessidades personalizadas: <\/strong>Fornecemos uma variedade de op\u00e7\u00f5es de cores para o frasco de vela com tampa por atacado, permitindo que os clientes escolham de acordo com diferentes estilos de decora\u00e7\u00e3o e prefer\u00eancias pessoais. Quer se trate do cl\u00e1ssico preto, branco e cinzento, ou de cores vivas da moda, pode encontrar um estilo adequado para satisfazer diversas necessidades de design.<\/li>\n\n\n\n<li><strong>Com um design de tampa, pr\u00e1tico e seguro: <\/strong>Cada um dos nossos frascos de velas a granel est\u00e1 equipado com uma tampa de cer\u00e2mica para garantir que a vela n\u00e3o fica exposta ao p\u00f3 e \u00e0 polui\u00e7\u00e3o quando n\u00e3o est\u00e1 a ser utilizada, e tamb\u00e9m ajuda a manter a durabilidade do aroma. O design da tampa n\u00e3o \u00e9 apenas pr\u00e1tico, mas tamb\u00e9m acrescenta uma sensa\u00e7\u00e3o de requinte ao aspeto geral.<\/li>\n\n\n\n<li><strong>Adaptar-se \u00e0s necessidades comerciais: <\/strong>Apoiamos o atacado a granel para o frasco de vela com tampa por atacado, fornecendo aos clientes comerciais um suprimento est\u00e1vel de produtos. Al\u00e9m disso, ele pode ser personalizado de acordo com as necessidades do cliente, fornecendo cores personalizadas e impress\u00e3o de logotipo para ajudar as marcas a mostrar uma imagem \u00fanica.<\/li>\n<\/ul>\n<\/div>\n\n\n\n<div class=\"wp-block-column is-layout-flow wp-block-column-is-layout-flow\">\n<figure class=\"wp-block-image size-full\"><img fetchpriority=\"high\" decoding=\"async\" width=\"800\" height=\"800\" src=\"https:\/\/jinhuaceramic.com\/wp-content\/uploads\/2024\/07\/ceramic-candle-jar-with-lid.webp\" alt=\"Frascos de vela requintados a granel, Frasco de vela por atacado com tampa-1\" class=\"wp-image-5276\" srcset=\"https:\/\/jinhuaceramic.com\/wp-content\/uploads\/2024\/07\/ceramic-candle-jar-with-lid.webp 800w, https:\/\/jinhuaceramic.com\/wp-content\/uploads\/2024\/07\/ceramic-candle-jar-with-lid-300x300.webp 300w, https:\/\/jinhuaceramic.com\/wp-content\/uploads\/2024\/07\/ceramic-candle-jar-with-lid-150x150.webp 150w, https:\/\/jinhuaceramic.com\/wp-content\/uploads\/2024\/07\/ceramic-candle-jar-with-lid-768x768.webp 768w, https:\/\/jinhuaceramic.com\/wp-content\/uploads\/2024\/07\/ceramic-candle-jar-with-lid-12x12.webp 12w, https:\/\/jinhuaceramic.com\/wp-content\/uploads\/2024\/07\/ceramic-candle-jar-with-lid-285x285.webp 285w, https:\/\/jinhuaceramic.com\/wp-content\/uploads\/2024\/07\/ceramic-candle-jar-with-lid-270x270.webp 270w, https:\/\/jinhuaceramic.com\/wp-content\/uploads\/2024\/07\/ceramic-candle-jar-with-lid-540x540.webp 540w, https:\/\/jinhuaceramic.com\/wp-content\/uploads\/2024\/07\/ceramic-candle-jar-with-lid-660x660.webp 660w\" sizes=\"(max-width: 800px) 100vw, 800px\" \/><\/figure>\n<\/div>\n<\/div>","protected":false},"excerpt":{"rendered":"<p>Bem-vindo ao comprar um frasco de vela com tampa por atacado. Os nossos requintados frascos de velas a granel apresentam um design minimalista que \u00e9 adequado para uma variedade de ambientes dom\u00e9sticos e comerciais. Est\u00e3o dispon\u00edveis numa variedade de cores para satisfazer as necessidades individuais. Est\u00e3o equipados com tampas pr\u00e1ticas para garantir a utiliza\u00e7\u00e3o segura das velas e manter a sua fragr\u00e2ncia. As compras a granel e os servi\u00e7os personalizados s\u00e3o suportados.<\/p>","protected":false},"featured_media":5275,"comment_status":"closed","ping_status":"closed","template":"","meta":{"_acf_changed":false},"product_brand":[],"product_cat":[52],"product_tag":[67,66],"class_list":{"0":"post-5273","1":"product","2":"type-product","3":"status-publish","4":"has-post-thumbnail","6":"product_cat-wholesale-candle-containers","7":"product_tag-bulk-candle-jars-with-lids","8":"product_tag-candle-jars-wholesale","10":"first","11":"instock","12":"shipping-taxable","13":"product-type-simple"},"acf":[],"_links":{"self":[{"href":"https:\/\/jinhuaceramic.com\/pt\/wp-json\/wp\/v2\/product\/5273","targetHints":{"allow":["GET"]}}],"collection":[{"href":"https:\/\/jinhuaceramic.com\/pt\/wp-json\/wp\/v2\/product"}],"about":[{"href":"https:\/\/jinhuaceramic.com\/pt\/wp-json\/wp\/v2\/types\/product"}],"replies":[{"embeddable":true,"href":"https:\/\/jinhuaceramic.com\/pt\/wp-json\/wp\/v2\/comments?post=5273"}],"version-history":[{"count":0,"href":"https:\/\/jinhuaceramic.com\/pt\/wp-json\/wp\/v2\/product\/5273\/revisions"}],"wp:featuredmedia":[{"embeddable":true,"href":"https:\/\/jinhuaceramic.com\/pt\/wp-json\/wp\/v2\/media\/5275"}],"wp:attachment":[{"href":"https:\/\/jinhuaceramic.com\/pt\/wp-json\/wp\/v2\/media?parent=5273"}],"wp:term":[{"taxonomy":"product_brand","embeddable":true,"href":"https:\/\/jinhuaceramic.com\/pt\/wp-json\/wp\/v2\/product_brand?post=5273"},{"taxonomy":"product_cat","embeddable":true,"href":"https:\/\/jinhuaceramic.com\/pt\/wp-json\/wp\/v2\/product_cat?post=5273"},{"taxonomy":"product_tag","embeddable":true,"href":"https:\/\/jinhuaceramic.com\/pt\/wp-json\/wp\/v2\/product_tag?post=5273"}],"curies":[{"name":"wp","href":"https:\/\/api.w.org\/{rel}","templated":true}]}}