{"id":5369,"date":"2024-07-17T06:18:21","date_gmt":"2024-07-17T06:18:21","guid":{"rendered":"https:\/\/jinhuaceramic.com\/?post_type=product&#038;p=5369"},"modified":"2024-09-21T04:08:20","modified_gmt":"2024-09-21T04:08:20","slug":"custom-ceramic-bathroom-sets-in-bulk","status":"publish","type":"product","link":"https:\/\/jinhuaceramic.com\/pt\/product\/custom-ceramic-bathroom-sets-in-bulk\/","title":{"rendered":"Conjuntos de casa de banho em cer\u00e2mica personalizada de 6 pe\u00e7as a granel para decora\u00e7\u00e3o de toucador"},"content":{"rendered":"<div class=\"wp-block-columns is-layout-flex wp-container-core-columns-is-layout-9d6595d7 wp-block-columns-is-layout-flex\">\n<div class=\"wp-block-column is-layout-flow wp-block-column-is-layout-flow\">\n<h3 class=\"wp-block-heading\">Conjuntos de casa de banho em cer\u00e2mica personalizada Premium Carater\u00edsticas:<\/h3>\n\n\n\n<ul class=\"wp-block-list\">\n<li><strong>Design intemporal:<\/strong> Estes conjuntos de casa de banho personalizados em cer\u00e2mica apresentam um acabamento branco brilhante com subtis sulcos verticais, acrescentando um aspeto texturizado elegante e intemporal. A cor neutra permite que estes acess\u00f3rios de casa de banho se misturem perfeitamente com uma variedade de estilos de casa de banho, desde o minimalista ao luxuoso.<\/li>\n\n\n\n<li><strong>Conjunto completo de 6 pe\u00e7as:<\/strong> Estes conjuntos de casa de banho por atacado incluem dispensadores de sab\u00e3o, copos para elixir bucal, suportes para escovas de dentes, frascos de arruma\u00e7\u00e3o, saboneteiras e caixas de len\u00e7os de papel, garantindo que todos os seus acess\u00f3rios de casa de banho t\u00eam o mesmo estilo e est\u00e3o organizados.<\/li>\n\n\n\n<li><strong>Material de alta qualidade:<\/strong> Estes conjuntos de casa de banho personalizados a granel s\u00e3o feitos de material cer\u00e2mico de alta qualidade, dur\u00e1veis para uma utiliza\u00e7\u00e3o repetida a longo prazo e resistentes \u00e0 corros\u00e3o e aos riscos.<\/li>\n\n\n\n<li><strong>F\u00e1cil de limpar:<\/strong> Estes conjuntos de casa de banho em cer\u00e2mica t\u00eam uma superf\u00edcie lisa e s\u00e3o f\u00e1ceis de limpar, mantendo a sua casa de banho limpa, sem germes e higi\u00e9nica durante muito tempo.<\/li>\n<\/ul>\n<\/div>\n\n\n\n<div class=\"wp-block-column is-layout-flow wp-block-column-is-layout-flow\">\n<figure class=\"wp-block-image size-full\"><img fetchpriority=\"high\" decoding=\"async\" width=\"1500\" height=\"1500\" src=\"https:\/\/jinhuaceramic.com\/wp-content\/uploads\/2024\/07\/bathroom-accessory-set.webp\" alt=\"artigos de casa de banho em cer\u00e2mica personalizados para decora\u00e7\u00e3o de lavabos\" class=\"wp-image-5370\" srcset=\"https:\/\/jinhuaceramic.com\/wp-content\/uploads\/2024\/07\/bathroom-accessory-set.webp 1500w, https:\/\/jinhuaceramic.com\/wp-content\/uploads\/2024\/07\/bathroom-accessory-set-300x300.webp 300w, https:\/\/jinhuaceramic.com\/wp-content\/uploads\/2024\/07\/bathroom-accessory-set-150x150.webp 150w, https:\/\/jinhuaceramic.com\/wp-content\/uploads\/2024\/07\/bathroom-accessory-set-768x768.webp 768w, https:\/\/jinhuaceramic.com\/wp-content\/uploads\/2024\/07\/bathroom-accessory-set-12x12.webp 12w, https:\/\/jinhuaceramic.com\/wp-content\/uploads\/2024\/07\/bathroom-accessory-set-285x285.webp 285w, https:\/\/jinhuaceramic.com\/wp-content\/uploads\/2024\/07\/bathroom-accessory-set-270x270.webp 270w, https:\/\/jinhuaceramic.com\/wp-content\/uploads\/2024\/07\/bathroom-accessory-set-540x540.webp 540w, https:\/\/jinhuaceramic.com\/wp-content\/uploads\/2024\/07\/bathroom-accessory-set-660x660.webp 660w\" sizes=\"(max-width: 1500px) 100vw, 1500px\" \/><\/figure>\n<\/div>\n<\/div>","protected":false},"excerpt":{"rendered":"<p>Estes conjuntos de casa de banho em cer\u00e2mica personalizados a granel s\u00e3o populares devido ao seu design elegante e \u00fanico, \u00e0 constru\u00e7\u00e3o em cer\u00e2mica dur\u00e1vel, \u00e0 facilidade de limpeza e de manuten\u00e7\u00e3o. Cada acess\u00f3rio destes conjuntos de casa de banho tem o seu papel na melhoria da decora\u00e7\u00e3o da casa de banho, tornando-a organizada.<\/p>","protected":false},"featured_media":5372,"comment_status":"closed","ping_status":"closed","template":"","meta":{"_acf_changed":false},"product_brand":[],"product_cat":[51],"product_tag":[74],"class_list":{"0":"post-5369","1":"product","2":"type-product","3":"status-publish","4":"has-post-thumbnail","6":"product_cat-bathroom-accessories-wholesale","7":"product_tag-ceramic-bath-accessories-wholesale","9":"first","10":"instock","11":"shipping-taxable","12":"product-type-simple"},"acf":[],"_links":{"self":[{"href":"https:\/\/jinhuaceramic.com\/pt\/wp-json\/wp\/v2\/product\/5369","targetHints":{"allow":["GET"]}}],"collection":[{"href":"https:\/\/jinhuaceramic.com\/pt\/wp-json\/wp\/v2\/product"}],"about":[{"href":"https:\/\/jinhuaceramic.com\/pt\/wp-json\/wp\/v2\/types\/product"}],"replies":[{"embeddable":true,"href":"https:\/\/jinhuaceramic.com\/pt\/wp-json\/wp\/v2\/comments?post=5369"}],"version-history":[{"count":0,"href":"https:\/\/jinhuaceramic.com\/pt\/wp-json\/wp\/v2\/product\/5369\/revisions"}],"wp:featuredmedia":[{"embeddable":true,"href":"https:\/\/jinhuaceramic.com\/pt\/wp-json\/wp\/v2\/media\/5372"}],"wp:attachment":[{"href":"https:\/\/jinhuaceramic.com\/pt\/wp-json\/wp\/v2\/media?parent=5369"}],"wp:term":[{"taxonomy":"product_brand","embeddable":true,"href":"https:\/\/jinhuaceramic.com\/pt\/wp-json\/wp\/v2\/product_brand?post=5369"},{"taxonomy":"product_cat","embeddable":true,"href":"https:\/\/jinhuaceramic.com\/pt\/wp-json\/wp\/v2\/product_cat?post=5369"},{"taxonomy":"product_tag","embeddable":true,"href":"https:\/\/jinhuaceramic.com\/pt\/wp-json\/wp\/v2\/product_tag?post=5369"}],"curies":[{"name":"wp","href":"https:\/\/api.w.org\/{rel}","templated":true}]}}