{"id":5379,"date":"2024-07-17T06:21:58","date_gmt":"2024-07-17T06:21:58","guid":{"rendered":"https:\/\/jinhuaceramic.com\/?post_type=product&#038;p=5379"},"modified":"2024-09-21T03:38:09","modified_gmt":"2024-09-21T03:38:09","slug":"wholesale-ceramic-candle-jar-in-bulk","status":"publish","type":"product","link":"https:\/\/jinhuaceramic.com\/pt\/product\/wholesale-ceramic-candle-jar-in-bulk\/","title":{"rendered":"Frasco de vela de cer\u00e2mica por grosso com design axadrezado a granel"},"content":{"rendered":"<div class=\"wp-block-columns is-layout-flex wp-container-core-columns-is-layout-9d6595d7 wp-block-columns-is-layout-flex\">\n<div class=\"wp-block-column is-layout-flow wp-block-column-is-layout-flow\">\n<h3 class=\"wp-block-heading\">Frasco de vela de cer\u00e2mica por atacado Premium Carater\u00edsticas:<\/h3>\n\n\n\n<ul class=\"wp-block-list\">\n<li><strong>Design \u00fanico: <\/strong>Estes frascos de velas para venda por grosso apresentam um padr\u00e3o axadrezado \u00fanico, dispon\u00edvel numa variedade de cores vibrantes. Estes frascos para velas t\u00eam uma forma cil\u00edndrica e s\u00e3o ligeiramente afunilados na parte superior, com uma abertura larga para facilitar a ilumina\u00e7\u00e3o e a extin\u00e7\u00e3o das velas.<\/li>\n\n\n\n<li><strong>Materiais de qualidade superior: <\/strong>Estes frascos para velas a granel s\u00e3o feitos de material cer\u00e2mico de qualidade alimentar, revestidos com um esmalte n\u00e3o t\u00f3xico, dur\u00e1veis, n\u00e3o se desvanecem, resistentes a altas temperaturas.<\/li>\n\n\n\n<li><strong>Amigo do ambiente: <\/strong>Estes frascos de cer\u00e2mica para velas por atacado s\u00e3o feitos de barro cer\u00e2mico natural e amigo do ambiente, que \u00e9 reutiliz\u00e1vel. Muito pr\u00e1tico para guardar e retirar, e tamb\u00e9m f\u00e1cil de encher e recarregar.<\/li>\n\n\n\n<li><strong>Vantagens do com\u00e9rcio grossista:<\/strong> Como fabricante profissional de frascos de velas de cer\u00e2mica, a Jinhua oferece frascos de velas por atacado com uma vantagem de pre\u00e7o, proporcionando \u00e0s empresas uma op\u00e7\u00e3o de compra acess\u00edvel que ajuda a reduzir os custos e aumentar os lucros.<\/li>\n<\/ul>\n<\/div>\n\n\n\n<div class=\"wp-block-column is-layout-flow wp-block-column-is-layout-flow\">\n<figure class=\"wp-block-image size-full\"><img fetchpriority=\"high\" decoding=\"async\" width=\"981\" height=\"981\" src=\"https:\/\/jinhuaceramic.com\/wp-content\/uploads\/2024\/07\/ceramic-candle-jars-1.webp\" alt=\"Frasco de velas de cer\u00e2mica por atacado, com desenho em xadrez, a granel\" class=\"wp-image-5385\" srcset=\"https:\/\/jinhuaceramic.com\/wp-content\/uploads\/2024\/07\/ceramic-candle-jars-1.webp 981w, https:\/\/jinhuaceramic.com\/wp-content\/uploads\/2024\/07\/ceramic-candle-jars-1-300x300.webp 300w, https:\/\/jinhuaceramic.com\/wp-content\/uploads\/2024\/07\/ceramic-candle-jars-1-150x150.webp 150w, https:\/\/jinhuaceramic.com\/wp-content\/uploads\/2024\/07\/ceramic-candle-jars-1-768x768.webp 768w, https:\/\/jinhuaceramic.com\/wp-content\/uploads\/2024\/07\/ceramic-candle-jars-1-12x12.webp 12w, https:\/\/jinhuaceramic.com\/wp-content\/uploads\/2024\/07\/ceramic-candle-jars-1-285x285.webp 285w, https:\/\/jinhuaceramic.com\/wp-content\/uploads\/2024\/07\/ceramic-candle-jars-1-270x270.webp 270w, https:\/\/jinhuaceramic.com\/wp-content\/uploads\/2024\/07\/ceramic-candle-jars-1-540x540.webp 540w, https:\/\/jinhuaceramic.com\/wp-content\/uploads\/2024\/07\/ceramic-candle-jars-1-660x660.webp 660w\" sizes=\"(max-width: 981px) 100vw, 981px\" \/><\/figure>\n<\/div>\n<\/div>","protected":false},"excerpt":{"rendered":"<p>Estes frascos de vela de cer\u00e2mica por atacado com desenhos xadrez exclusivos s\u00e3o muito bem-vindos devido \u00e0 sua constru\u00e7\u00e3o de cer\u00e2mica dur\u00e1vel, design atraente e pre\u00e7o competitivo. Como um fabricante, n\u00f3s tamb\u00e9m fornecemos servi\u00e7os de personaliza\u00e7\u00e3o. Bem-vindo ao inqu\u00e9rito!<\/p>","protected":false},"featured_media":5384,"comment_status":"closed","ping_status":"closed","template":"","meta":{"_acf_changed":false},"product_brand":[],"product_cat":[52],"product_tag":[66],"class_list":{"0":"post-5379","1":"product","2":"type-product","3":"status-publish","4":"has-post-thumbnail","6":"product_cat-wholesale-candle-containers","7":"product_tag-candle-jars-wholesale","9":"first","10":"instock","11":"shipping-taxable","12":"product-type-simple"},"acf":[],"_links":{"self":[{"href":"https:\/\/jinhuaceramic.com\/pt\/wp-json\/wp\/v2\/product\/5379","targetHints":{"allow":["GET"]}}],"collection":[{"href":"https:\/\/jinhuaceramic.com\/pt\/wp-json\/wp\/v2\/product"}],"about":[{"href":"https:\/\/jinhuaceramic.com\/pt\/wp-json\/wp\/v2\/types\/product"}],"replies":[{"embeddable":true,"href":"https:\/\/jinhuaceramic.com\/pt\/wp-json\/wp\/v2\/comments?post=5379"}],"version-history":[{"count":0,"href":"https:\/\/jinhuaceramic.com\/pt\/wp-json\/wp\/v2\/product\/5379\/revisions"}],"wp:featuredmedia":[{"embeddable":true,"href":"https:\/\/jinhuaceramic.com\/pt\/wp-json\/wp\/v2\/media\/5384"}],"wp:attachment":[{"href":"https:\/\/jinhuaceramic.com\/pt\/wp-json\/wp\/v2\/media?parent=5379"}],"wp:term":[{"taxonomy":"product_brand","embeddable":true,"href":"https:\/\/jinhuaceramic.com\/pt\/wp-json\/wp\/v2\/product_brand?post=5379"},{"taxonomy":"product_cat","embeddable":true,"href":"https:\/\/jinhuaceramic.com\/pt\/wp-json\/wp\/v2\/product_cat?post=5379"},{"taxonomy":"product_tag","embeddable":true,"href":"https:\/\/jinhuaceramic.com\/pt\/wp-json\/wp\/v2\/product_tag?post=5379"}],"curies":[{"name":"wp","href":"https:\/\/api.w.org\/{rel}","templated":true}]}}